{"id":988469,"date":"2023-02-05T11:18:20","date_gmt":"2023-02-05T11:18:20","guid":{"rendered":"https:\/\/amp.fspac.ubbcluj.ro\/english\/?page_id=988469"},"modified":"2023-02-05T22:02:02","modified_gmt":"2023-02-05T22:02:02","slug":"dezbateri-licee","status":"publish","type":"page","link":"https:\/\/amp.fspac.ubbcluj.ro\/english\/dezbateri-licee\/","title":{"rendered":"Dezbateri licee"},"content":{"rendered":"\t\t<div data-elementor-type=\"wp-page\" data-elementor-id=\"988469\" class=\"elementor elementor-988469\" data-elementor-post-type=\"page\">\n\t\t\t\t\t\t\t\t\t<section data-particle_enable=\"false\" data-particle-mobile-disabled=\"false\" class=\"elementor-section elementor-top-section elementor-element elementor-element-3c40c12 elementor-section-height-min-height elementor-section-boxed elementor-section-height-default elementor-section-items-middle\" data-id=\"3c40c12\" data-element_type=\"section\" data-settings=\"{&quot;background_background&quot;:&quot;classic&quot;,&quot;animation&quot;:&quot;none&quot;,&quot;ekit_has_onepagescroll_dot&quot;:&quot;yes&quot;}\">\n\t\t\t\t\t\t<div class=\"elementor-container elementor-column-gap-default\">\n\t\t\t\t\t<div class=\"elementor-column elementor-col-100 elementor-top-column elementor-element elementor-element-1bb13b64\" data-id=\"1bb13b64\" data-element_type=\"column\" data-settings=\"{&quot;background_background&quot;:&quot;classic&quot;}\">\n\t\t\t<div class=\"elementor-widget-wrap\">\n\t\t\t\t\t\t\t\t\t<\/div>\n\t\t<\/div>\n\t\t\t\t\t\t\t<\/div>\n\t\t<\/section>\n\t\t\t\t<section data-particle_enable=\"false\" data-particle-mobile-disabled=\"false\" class=\"elementor-section elementor-top-section elementor-element elementor-element-55f925de elementor-section-boxed elementor-section-height-default elementor-section-height-default\" data-id=\"55f925de\" data-element_type=\"section\" data-settings=\"{&quot;animation&quot;:&quot;none&quot;,&quot;animation_tablet&quot;:&quot;none&quot;,&quot;animation_mobile&quot;:&quot;none&quot;,&quot;ekit_has_onepagescroll_dot&quot;:&quot;yes&quot;}\">\n\t\t\t\t\t\t<div class=\"elementor-container elementor-column-gap-no\">\n\t\t\t\t\t<div class=\"elementor-column elementor-col-50 elementor-top-column elementor-element elementor-element-7fc4130a animated-fast elementor-invisible\" data-id=\"7fc4130a\" data-element_type=\"column\" data-settings=\"{&quot;background_background&quot;:&quot;classic&quot;,&quot;animation&quot;:&quot;fadeIn&quot;,&quot;animation_delay&quot;:100}\">\n\t\t\t<div class=\"elementor-widget-wrap elementor-element-populated\">\n\t\t\t\t\t\t\t\t<div class=\"elementor-element elementor-element-4e7c6acb elementor-widget__width-auto elementor-widget-tablet__width-auto elementor-widget-mobile__width-inherit elementor-widget elementor-widget-heading\" data-id=\"4e7c6acb\" data-element_type=\"widget\" data-settings=\"{&quot;_animation&quot;:&quot;none&quot;,&quot;_animation_delay&quot;:200,&quot;ekit_we_effect_on&quot;:&quot;none&quot;}\" data-widget_type=\"heading.heading_charityfy\">\n\t\t\t\t<div class=\"elementor-widget-container\">\n\t\t\t<h1 class=\"elementor-heading-title elementor-size-default\">Let's talk!<\/h1>\t\t<\/div>\n\t\t\t\t<\/div>\n\t\t\t\t<div class=\"elementor-element elementor-element-2a6a52d elementor-widget elementor-widget-text-editor\" data-id=\"2a6a52d\" data-element_type=\"widget\" data-settings=\"{&quot;_animation&quot;:&quot;none&quot;,&quot;_animation_delay&quot;:300,&quot;ekit_we_effect_on&quot;:&quot;none&quot;}\" data-widget_type=\"text-editor.default\">\n\t\t\t\t<div class=\"elementor-widget-container\">\n\t\t\t\t\t\t\t<p>Platform\u0103 de dezbateri pentru liceeni.<\/p>\t\t\t\t\t\t<\/div>\n\t\t\t\t<\/div>\n\t\t\t\t\t<\/div>\n\t\t<\/div>\n\t\t\t\t<div class=\"elementor-column elementor-col-50 elementor-top-column elementor-element elementor-element-3b5ab089 elementor-hidden-desktop elementor-hidden-tablet elementor-hidden-phone\" data-id=\"3b5ab089\" data-element_type=\"column\">\n\t\t\t<div class=\"elementor-widget-wrap\">\n\t\t\t\t\t\t\t\t\t<\/div>\n\t\t<\/div>\n\t\t\t\t\t\t\t<\/div>\n\t\t<\/section>\n\t\t\t\t<section data-particle_enable=\"false\" data-particle-mobile-disabled=\"false\" class=\"elementor-section elementor-top-section elementor-element elementor-element-6462fb30 elementor-section-content-middle elementor-section-boxed elementor-section-height-default elementor-section-height-default\" data-id=\"6462fb30\" data-element_type=\"section\" data-settings=\"{&quot;ekit_has_onepagescroll_dot&quot;:&quot;yes&quot;}\">\n\t\t\t\t\t\t<div class=\"elementor-container elementor-column-gap-no\">\n\t\t\t\t\t<div class=\"elementor-column elementor-col-100 elementor-top-column elementor-element elementor-element-72dfabce\" data-id=\"72dfabce\" data-element_type=\"column\">\n\t\t\t<div class=\"elementor-widget-wrap elementor-element-populated\">\n\t\t\t\t\t\t\t\t<div class=\"elementor-element elementor-element-221fa830 elementor-widget elementor-widget-image\" data-id=\"221fa830\" data-element_type=\"widget\" data-settings=\"{&quot;ekit_we_effect_on&quot;:&quot;none&quot;}\" data-widget_type=\"image.default\">\n\t\t\t\t<div class=\"elementor-widget-container\">\n\t\t\t\t\t\t\t<div class=\"elementor-image\">\n\t\t\t\t\t\t\t\t\t\t\t\t\t\t\t\t\t\t\t\t\t<img fetchpriority=\"high\" decoding=\"async\" width=\"655\" height=\"373\" src=\"https:\/\/amp.fspac.ubbcluj.ro\/english\/wp-content\/uploads\/2023\/02\/sidebar_letstalk2-1.jpg\" class=\"attachment-full size-full wp-image-988472\" alt=\"\" srcset=\"https:\/\/amp.fspac.ubbcluj.ro\/english\/wp-content\/uploads\/2023\/02\/sidebar_letstalk2-1.jpg 655w, https:\/\/amp.fspac.ubbcluj.ro\/english\/wp-content\/uploads\/2023\/02\/sidebar_letstalk2-1-300x171.jpg 300w\" sizes=\"(max-width: 655px) 100vw, 655px\" \/>\t\t\t\t\t\t\t\t\t\t\t\t\t\t\t\t\t\t\t\t\t\t\t\t<\/div>\n\t\t\t\t\t\t<\/div>\n\t\t\t\t<\/div>\n\t\t\t\t<div class=\"elementor-element elementor-element-3439200e elementor-widget elementor-widget-heading\" data-id=\"3439200e\" data-element_type=\"widget\" data-settings=\"{&quot;ekit_we_effect_on&quot;:&quot;none&quot;}\" data-widget_type=\"heading.default\">\n\t\t\t\t<div class=\"elementor-widget-container\">\n\t\t\t<h3 class=\"elementor-heading-title elementor-size-default\">Let' talk!<\/h3>\t\t<\/div>\n\t\t\t\t<\/div>\n\t\t\t\t<div class=\"elementor-element elementor-element-2bf0f803 elementor-widget elementor-widget-text-editor\" data-id=\"2bf0f803\" data-element_type=\"widget\" data-settings=\"{&quot;ekit_we_effect_on&quot;:&quot;none&quot;}\" data-widget_type=\"text-editor.default\">\n\t\t\t\t<div class=\"elementor-widget-container\">\n\t\t\t\t\t\t\t<p style=\"text-align: center;\">Platform\u0103 de dezbateri pentru liceeni.<\/p>\t\t\t\t\t\t<\/div>\n\t\t\t\t<\/div>\n\t\t\t\t<section data-particle_enable=\"false\" data-particle-mobile-disabled=\"false\" class=\"elementor-section elementor-inner-section elementor-element elementor-element-72cff38a elementor-section-boxed elementor-section-height-default elementor-section-height-default\" data-id=\"72cff38a\" data-element_type=\"section\" data-settings=\"{&quot;ekit_has_onepagescroll_dot&quot;:&quot;yes&quot;}\">\n\t\t\t\t\t\t<div class=\"elementor-container elementor-column-gap-default\">\n\t\t\t\t\t<div class=\"elementor-column elementor-col-50 elementor-inner-column elementor-element elementor-element-b1d24e1\" data-id=\"b1d24e1\" data-element_type=\"column\">\n\t\t\t<div class=\"elementor-widget-wrap elementor-element-populated\">\n\t\t\t\t\t\t\t\t<div class=\"elementor-element elementor-element-53a3f085 elementor-widget elementor-widget-text-editor\" data-id=\"53a3f085\" data-element_type=\"widget\" data-settings=\"{&quot;ekit_we_effect_on&quot;:&quot;none&quot;}\" data-widget_type=\"text-editor.default\">\n\t\t\t\t<div class=\"elementor-widget-container\">\n\t\t\t\t\t\t\t<p data-redactor-inserted-image=\"true\"><strong><i>Let\u2019s talk<\/i><\/strong>\u00a0reprezint\u0103 o platform\u0103 de dialog\/dezbatere \u00eentre mediul preuniversitar \u0219i cel universitar, creat de AMP ca \u0219i component\u0103 a programului de implicare \u00een comunitate. \u00cen prezent, elevii dispun doar de platforme formale de interac\u021biune (cursuri, conferin\u021be, evenimente intra sau inter\u0219colare) unde subiectele dezbaterilor sunt de cele mai multe ori stabilite apriori, f\u0103r\u0103 inputul lor. De aceea, uneori exist\u0103 o diferen\u021b\u0103 clar\u0103 \u00eentre ceea ce se discut\u0103 \u0219i ceea ce prezint\u0103 interes pentru elevi, fapt care se traduce de cele mai multe ori \u00een demotivare \u0219i implicare redus\u0103 din partea acestora<\/p><p><strong><i>Let\u2019s talk\u00a0<\/i><\/strong>\u00ee\u0219i propune s\u0103 ofere elevilor de liceu o platform\u0103 de dialog deschis\u0103, informal\u0103 \u0219i transparent\u0103 \u00een care ei au rolul principal: sunt deciden\u021bi \u0219i participan\u021bi. Posibilitatea de a decide asupra temelor care urmeaz\u0103 a fi dezb\u0103tute, ne permite nou\u0103 s\u0103 identific\u0103m care sunt zonele de interes pentru genera\u021bia urm\u0103toare de studen\u021bi \u0219i le permite lor s\u0103-\u0219i aprofundeze, \u00eentr-un mod interactiv\/dinamic, cuno\u0219tin\u021bele asupra acestor teme.<\/p><p>Tr\u0103im \u00eentr-o lume post-factual\u0103, \u00een care cantitatea uria\u0219\u0103 de informa\u021bii la care suntem expu\u0219i devine mai degrab\u0103 o barier\u0103 \u00een \u00een\u021belegerea corect\u0103\/logic\u0103 a realit\u0103\u021bii. Un rol esen\u021bial \u00een acest proces de analiz\u0103 \u00eel au \u201dfiltrele\u201d utilizate pentru a distinge \u00eentre relevant \u0219i irelevant. Am g\u00e2ndit<strong><i>Let\u2019s talk\u00a0<\/i><\/strong>ca un spa\u021biu deschis, \u00een care elevii dispun de astfel de filtre \u0219i instrumente, \u00een carediscu\u021biile sunt bazate pe date, iar scopul este cel de a facilita \u00een\u021belegerea corect\u0103 \u0219i formarea unei opinii argumentate. G\u00e2ndirea critic\u0103 \u0219i ini\u021biativa sunt indispensabile \u00eentr-o comunitate \u00een care cet\u0103\u021benii sunt participan\u021bi activi nu doar receptori ai unor decizii ale autorit\u0103\u021bilor. AMP crede puternic \u00een implicarea \u00een comunitate \u0219i \u00ee\u0219i propune s\u0103 aib\u0103 un rol de facilitator al particip\u0103rii prin crearea unei platforme de dialog deschis \u00een r\u00e2ndul elevilor.<\/p><p>De asemenea, prin\u00a0<strong><i>Let\u2019s talk\u00a0<\/i><\/strong>ne propunem s\u0103 cre\u0103m o punte de leg\u0103tur\u0103 \u00eentre<strong>\u00a0<\/strong>lumea\/realitatea\/ sistemul preuniversitar(\u0103), \u00een care se afl\u0103 \u00een prezent elevii \u0219i viitorul care-i a\u0219teapt\u0103. Vrem ca\u00a0<strong><i>Let\u2019s talk\u00a0<\/i>s\u0103\u00a0<\/strong>le ofer\u0103 posibilitatea s\u0103 exploreze, \u00eentr-un mod coerent, lucrurile care \u00eei afecteaz\u0103 \u00een mod direct, de care se simt atra\u0219i sau la care cred c\u0103 pot contribui activ.<\/p><p>Pentru asta au nevoie de sprijin \u0219i au nevoie de instrumente de lucru, care, \u00een prezent le lipsesc. Rolul AMP este cel de facilitator al acestor experien\u021be, proiectul fiind deschis tuturor elevilor de liceu.<\/p>\t\t\t\t\t\t<\/div>\n\t\t\t\t<\/div>\n\t\t\t\t\t<\/div>\n\t\t<\/div>\n\t\t\t\t<div class=\"elementor-column elementor-col-50 elementor-inner-column elementor-element elementor-element-7f72a439\" data-id=\"7f72a439\" data-element_type=\"column\">\n\t\t\t<div class=\"elementor-widget-wrap elementor-element-populated\">\n\t\t\t\t\t\t\t\t<div class=\"elementor-element elementor-element-15c97b62 elementor-widget elementor-widget-text-editor\" data-id=\"15c97b62\" data-element_type=\"widget\" data-settings=\"{&quot;ekit_we_effect_on&quot;:&quot;none&quot;}\" data-widget_type=\"text-editor.default\">\n\t\t\t\t<div class=\"elementor-widget-container\">\n\t\t\t\t\t\t\t<p>Astea sunt temele momentan. Lista se poate modifica la propunerea liceenilor:<\/p><p>1. Brexit \u2013 de ce \u0219i cum a fost posibil? Ce se \u00eent\u00e2mpl\u0103 mai departe?<\/p><p>2. Revizuirea constitu\u021biei \u0219i redefinirea familiei<\/p><p>3. Criza imigran\u021bilor \u2013 cum va ar\u0103ta Europa \u00een urm\u0103torul deceniu<\/p><p>4. Re\u021belele de socializare \u00een campania electoral\u0103<\/p><p>5. Dezvoltarea comunitar\u0103. Cazul evenimentelor culturale \u2013 Electric Castle, Untold, Jazz in the Park<\/p><p>6. Integrarea rromilor. O poveste f\u0103r\u0103 sf\u00e2r\u0219it<\/p><p>7. Feminism \u2013 egalitatea de \u0219anse \u0219i discriminare pozitiv\u0103<\/p><p>8. Sistemul electoral din Rom\u00e2nia<\/p><p>9. Social media and you<\/p><p>10. Artificial intelligence. What it is and how it\u2019s going to impact us<\/p><p>11. Let\u2019s talk trash! A discussion about environmental issues in the city and what you can do to address them.<\/p><p>12. De ce ar trebui sa \u0219tim ceva despre UE \u0219i dreptul UE?<\/p><p>13. Trump. De unde a ap\u0103rut?<\/p><p>14. Armele \u0219i societate<\/p>\t\t\t\t\t\t<\/div>\n\t\t\t\t<\/div>\n\t\t\t\t\t<\/div>\n\t\t<\/div>\n\t\t\t\t\t\t\t<\/div>\n\t\t<\/section>\n\t\t\t\t\t<\/div>\n\t\t<\/div>\n\t\t\t\t\t\t\t<\/div>\n\t\t<\/section>\n\t\t\t\t<section data-particle_enable=\"false\" data-particle-mobile-disabled=\"false\" class=\"elementor-section elementor-top-section elementor-element elementor-element-875a35e elementor-section-boxed elementor-section-height-default elementor-section-height-default\" data-id=\"875a35e\" data-element_type=\"section\" data-settings=\"{&quot;background_background&quot;:&quot;classic&quot;,&quot;ekit_has_onepagescroll_dot&quot;:&quot;yes&quot;}\">\n\t\t\t\t\t\t<div class=\"elementor-container elementor-column-gap-default\">\n\t\t\t\t\t<div class=\"elementor-column elementor-col-33 elementor-top-column elementor-element elementor-element-be618b7\" data-id=\"be618b7\" data-element_type=\"column\">\n\t\t\t<div class=\"elementor-widget-wrap elementor-element-populated\">\n\t\t\t\t\t\t\t\t<div class=\"elementor-element elementor-element-f056339 elementor-widget__width-auto elementor-widget elementor-widget-heading\" data-id=\"f056339\" data-element_type=\"widget\" data-settings=\"{&quot;ekit_we_effect_on&quot;:&quot;none&quot;}\" data-widget_type=\"heading.default\">\n\t\t\t\t<div class=\"elementor-widget-container\">\n\t\t\t<h3 class=\"elementor-heading-title elementor-size-default\">Vrei mai multe informa\u021bii?<\/h3>\t\t<\/div>\n\t\t\t\t<\/div>\n\t\t\t\t\t<\/div>\n\t\t<\/div>\n\t\t\t\t<div class=\"elementor-column elementor-col-33 elementor-top-column elementor-element elementor-element-7ed8966\" data-id=\"7ed8966\" data-element_type=\"column\">\n\t\t\t<div class=\"elementor-widget-wrap elementor-element-populated\">\n\t\t\t\t\t\t\t\t<div class=\"elementor-element elementor-element-c9ae428 elementor-widget__width-auto elementor-widget elementor-widget-text-editor\" data-id=\"c9ae428\" data-element_type=\"widget\" data-settings=\"{&quot;ekit_we_effect_on&quot;:&quot;none&quot;}\" data-widget_type=\"text-editor.default\">\n\t\t\t\t<div class=\"elementor-widget-container\">\n\t\t\t\t\t\t\t<p>Cau\u021bi ceva anume \u0219i nu reu\u0219e\u0219ti s\u0103 g\u0103se\u0219ti? Nicio problem\u0103! D\u0103-ne un semn \u0219i te ajut\u0103m noi. Sau poate vrei s\u0103 treci pe la noi ca s\u0103 vezi facultatea \u0219i campusul? Excelent, spune-ne c\u00e2nd \u0219i de restul ne ocup\u0103m noi!<\/p>\t\t\t\t\t\t<\/div>\n\t\t\t\t<\/div>\n\t\t\t\t\t<\/div>\n\t\t<\/div>\n\t\t\t\t<div class=\"elementor-column elementor-col-33 elementor-top-column elementor-element elementor-element-3ff6b71\" data-id=\"3ff6b71\" data-element_type=\"column\" data-settings=\"{&quot;background_background&quot;:&quot;classic&quot;}\">\n\t\t\t<div class=\"elementor-widget-wrap elementor-element-populated\">\n\t\t\t\t\t\t\t\t<div class=\"elementor-element elementor-element-6f552f3 elementor-align-justify elementor-mobile-align-left vamtam-has-underline-anim elementor-widget elementor-widget-button\" data-id=\"6f552f3\" data-element_type=\"widget\" data-settings=\"{&quot;ekit_we_effect_on&quot;:&quot;none&quot;}\" data-widget_type=\"button.default\">\n\t\t\t\t<div class=\"elementor-widget-container\">\n\t\t\t\t\t<div class=\"elementor-button-wrapper\">\n\t\t\t<a class=\"elementor-button elementor-button-link elementor-size-sm\" href=\"https:\/\/amp.fspac.ubbcluj.ro\/english\/contact\/\">\n\t\t\t\t\t\t<span class=\"elementor-button-content-wrapper\">\n\t\t\t\t\t\t<span class=\"elementor-button-icon elementor-align-icon-right\">\n\t\t\t\t<i aria-hidden=\"true\" class=\"vamtamtheme- vamtam-theme-arrow-right\"><\/i>\t\t\t<\/span>\n\t\t\t\t\t\t<span class=\"elementor-button-text\">Contacteaz\u0103-ne<\/span>\n\t\t<\/span>\n\t\t\t\t\t<\/a>\n\t\t<\/div>\n\t\t\t\t<\/div>\n\t\t\t\t<\/div>\n\t\t\t\t\t<\/div>\n\t\t<\/div>\n\t\t\t\t\t\t\t<\/div>\n\t\t<\/section>\n\t\t\t\t\t\t\t<\/div>\n\t\t","protected":false},"excerpt":{"rendered":"<p>Let&#8217;s talk! Platform\u0103 de dezbateri pentru liceeni. Let&#8217; talk! Platform\u0103 de dezbateri pentru liceeni. Let\u2019s talk\u00a0reprezint\u0103 o platform\u0103 de dialog\/dezbatere \u00eentre mediul preuniversitar \u0219i cel universitar, creat de AMP ca \u0219i component\u0103 a programului de implicare \u00een comunitate. \u00cen prezent, elevii dispun doar de platforme formale de interac\u021biune (cursuri, conferin\u021be, evenimente intra sau inter\u0219colare) unde&#8230;<\/p>\n","protected":false},"author":1,"featured_media":0,"parent":0,"menu_order":0,"comment_status":"closed","ping_status":"closed","template":"","meta":{"footnotes":""},"class_list":["post-988469","page","type-page","status-publish","hentry"],"_links":{"self":[{"href":"https:\/\/amp.fspac.ubbcluj.ro\/english\/wp-json\/wp\/v2\/pages\/988469","targetHints":{"allow":["GET"]}}],"collection":[{"href":"https:\/\/amp.fspac.ubbcluj.ro\/english\/wp-json\/wp\/v2\/pages"}],"about":[{"href":"https:\/\/amp.fspac.ubbcluj.ro\/english\/wp-json\/wp\/v2\/types\/page"}],"author":[{"embeddable":true,"href":"https:\/\/amp.fspac.ubbcluj.ro\/english\/wp-json\/wp\/v2\/users\/1"}],"replies":[{"embeddable":true,"href":"https:\/\/amp.fspac.ubbcluj.ro\/english\/wp-json\/wp\/v2\/comments?post=988469"}],"version-history":[{"count":16,"href":"https:\/\/amp.fspac.ubbcluj.ro\/english\/wp-json\/wp\/v2\/pages\/988469\/revisions"}],"predecessor-version":[{"id":989025,"href":"https:\/\/amp.fspac.ubbcluj.ro\/english\/wp-json\/wp\/v2\/pages\/988469\/revisions\/989025"}],"wp:attachment":[{"href":"https:\/\/amp.fspac.ubbcluj.ro\/english\/wp-json\/wp\/v2\/media?parent=988469"}],"curies":[{"name":"wp","href":"https:\/\/api.w.org\/{rel}","templated":true}]}}