{"id":988517,"date":"2023-02-05T12:11:30","date_gmt":"2023-02-05T12:11:30","guid":{"rendered":"https:\/\/amp.fspac.ubbcluj.ro\/english\/?page_id=988517"},"modified":"2023-02-05T22:00:30","modified_gmt":"2023-02-05T22:00:30","slug":"granturi-incheiate","status":"publish","type":"page","link":"https:\/\/amp.fspac.ubbcluj.ro\/english\/granturi-incheiate\/","title":{"rendered":"Granturi \u00eencheiate"},"content":{"rendered":"\t\t<div data-elementor-type=\"wp-page\" data-elementor-id=\"988517\" class=\"elementor elementor-988517\" data-elementor-post-type=\"page\">\n\t\t\t\t\t\t\t\t\t<section data-particle_enable=\"false\" data-particle-mobile-disabled=\"false\" class=\"elementor-section elementor-top-section elementor-element elementor-element-3c40c12 elementor-section-height-min-height elementor-section-boxed elementor-section-height-default elementor-section-items-middle\" data-id=\"3c40c12\" data-element_type=\"section\" data-settings=\"{&quot;background_background&quot;:&quot;classic&quot;,&quot;animation&quot;:&quot;none&quot;,&quot;ekit_has_onepagescroll_dot&quot;:&quot;yes&quot;}\">\n\t\t\t\t\t\t<div class=\"elementor-container elementor-column-gap-default\">\n\t\t\t\t\t<div class=\"elementor-column elementor-col-100 elementor-top-column elementor-element elementor-element-1bb13b64\" data-id=\"1bb13b64\" data-element_type=\"column\" data-settings=\"{&quot;background_background&quot;:&quot;classic&quot;}\">\n\t\t\t<div class=\"elementor-widget-wrap\">\n\t\t\t\t\t\t\t\t\t<\/div>\n\t\t<\/div>\n\t\t\t\t\t\t\t<\/div>\n\t\t<\/section>\n\t\t\t\t<section data-particle_enable=\"false\" data-particle-mobile-disabled=\"false\" class=\"elementor-section elementor-top-section elementor-element elementor-element-55f925de elementor-section-boxed elementor-section-height-default elementor-section-height-default\" data-id=\"55f925de\" data-element_type=\"section\" data-settings=\"{&quot;animation&quot;:&quot;none&quot;,&quot;animation_tablet&quot;:&quot;none&quot;,&quot;animation_mobile&quot;:&quot;none&quot;,&quot;ekit_has_onepagescroll_dot&quot;:&quot;yes&quot;}\">\n\t\t\t\t\t\t<div class=\"elementor-container elementor-column-gap-no\">\n\t\t\t\t\t<div class=\"elementor-column elementor-col-50 elementor-top-column elementor-element elementor-element-7fc4130a animated-fast elementor-invisible\" data-id=\"7fc4130a\" data-element_type=\"column\" data-settings=\"{&quot;background_background&quot;:&quot;classic&quot;,&quot;animation&quot;:&quot;fadeIn&quot;,&quot;animation_delay&quot;:100}\">\n\t\t\t<div class=\"elementor-widget-wrap elementor-element-populated\">\n\t\t\t\t\t\t\t\t<div class=\"elementor-element elementor-element-4e7c6acb elementor-widget__width-auto elementor-widget-tablet__width-auto elementor-widget-mobile__width-inherit elementor-widget elementor-widget-heading\" data-id=\"4e7c6acb\" data-element_type=\"widget\" data-settings=\"{&quot;_animation&quot;:&quot;none&quot;,&quot;_animation_delay&quot;:200,&quot;ekit_we_effect_on&quot;:&quot;none&quot;}\" data-widget_type=\"heading.heading_charityfy\">\n\t\t\t\t<div class=\"elementor-widget-container\">\n\t\t\t<h1 class=\"elementor-heading-title elementor-size-default\">Granturi \u00eencheiate<\/h1>\t\t<\/div>\n\t\t\t\t<\/div>\n\t\t\t\t<div class=\"elementor-element elementor-element-2a6a52d elementor-widget elementor-widget-text-editor\" data-id=\"2a6a52d\" data-element_type=\"widget\" data-settings=\"{&quot;_animation&quot;:&quot;none&quot;,&quot;_animation_delay&quot;:300,&quot;ekit_we_effect_on&quot;:&quot;none&quot;}\" data-widget_type=\"text-editor.default\">\n\t\t\t\t<div class=\"elementor-widget-container\">\n\t\t\t\t\t\t\t<p>Form\u0103m profesioni\u0219ti din 1996.<\/p>\t\t\t\t\t\t<\/div>\n\t\t\t\t<\/div>\n\t\t\t\t\t<\/div>\n\t\t<\/div>\n\t\t\t\t<div class=\"elementor-column elementor-col-50 elementor-top-column elementor-element elementor-element-3b5ab089 elementor-hidden-desktop elementor-hidden-tablet elementor-hidden-phone\" data-id=\"3b5ab089\" data-element_type=\"column\">\n\t\t\t<div class=\"elementor-widget-wrap\">\n\t\t\t\t\t\t\t\t\t<\/div>\n\t\t<\/div>\n\t\t\t\t\t\t\t<\/div>\n\t\t<\/section>\n\t\t\t\t<section data-particle_enable=\"false\" data-particle-mobile-disabled=\"false\" class=\"elementor-section elementor-top-section elementor-element elementor-element-84ca384 elementor-section-boxed elementor-section-height-default elementor-section-height-default\" data-id=\"84ca384\" data-element_type=\"section\" data-settings=\"{&quot;ekit_has_onepagescroll_dot&quot;:&quot;yes&quot;}\">\n\t\t\t\t\t\t<div class=\"elementor-container elementor-column-gap-default\">\n\t\t\t\t\t<div class=\"elementor-column elementor-col-100 elementor-top-column elementor-element elementor-element-acda60f\" data-id=\"acda60f\" data-element_type=\"column\">\n\t\t\t<div class=\"elementor-widget-wrap elementor-element-populated\">\n\t\t\t\t\t\t\t\t<div class=\"elementor-element elementor-element-41bce52 elementor-widget elementor-widget-heading\" data-id=\"41bce52\" data-element_type=\"widget\" data-settings=\"{&quot;ekit_we_effect_on&quot;:&quot;none&quot;}\" data-widget_type=\"heading.default\">\n\t\t\t\t<div class=\"elementor-widget-container\">\n\t\t\t<h6 class=\"elementor-heading-title elementor-size-default\">AMP este implicat at\u00e2t \u00een proiecte\/granturi de cercetare \u0219tiin\u021bific\u0103 c\u00e2t \u0219i \u00een granturi de dezvoltare institu\u021bional\u0103. Acestea din urm\u0103 vizeaz\u0103 at\u00e2t dezvoltarea programelor oferite de departament \u00een sensul cre\u0219terii calit\u0103\u021bii acestora \u0219i crearea de oportunit\u0103\u021bi pentru studen\u021bi c\u00e2t \u0219i desf\u0103\u0219urarea unor activit\u0103\u021bi de cercetare \u0219tiin\u021bific\u0103.<\/h6>\t\t<\/div>\n\t\t\t\t<\/div>\n\t\t\t\t\t<\/div>\n\t\t<\/div>\n\t\t\t\t\t\t\t<\/div>\n\t\t<\/section>\n\t\t\t\t<section data-particle_enable=\"false\" data-particle-mobile-disabled=\"false\" class=\"elementor-section elementor-top-section elementor-element elementor-element-36d0dd1 elementor-section-content-middle elementor-section-boxed elementor-section-height-default elementor-section-height-default\" data-id=\"36d0dd1\" data-element_type=\"section\" data-settings=\"{&quot;ekit_has_onepagescroll_dot&quot;:&quot;yes&quot;}\">\n\t\t\t\t\t\t<div class=\"elementor-container elementor-column-gap-no\">\n\t\t\t\t\t<div class=\"elementor-column elementor-col-50 elementor-top-column elementor-element elementor-element-5526769\" data-id=\"5526769\" data-element_type=\"column\">\n\t\t\t<div class=\"elementor-widget-wrap elementor-element-populated\">\n\t\t\t\t\t\t\t\t<div class=\"elementor-element elementor-element-a35acb8 elementor-widget-divider--view-line elementor-widget elementor-widget-divider\" data-id=\"a35acb8\" data-element_type=\"widget\" data-settings=\"{&quot;ekit_we_effect_on&quot;:&quot;none&quot;}\" data-widget_type=\"divider.default\">\n\t\t\t\t<div class=\"elementor-widget-container\">\n\t\t\t\t\t<div class=\"elementor-divider\">\n\t\t\t<span class=\"elementor-divider-separator\">\n\t\t\t\t\t\t<\/span>\n\t\t<\/div>\n\t\t\t\t<\/div>\n\t\t\t\t<\/div>\n\t\t\t\t<div class=\"elementor-element elementor-element-60dad32 elementor-widget elementor-widget-heading\" data-id=\"60dad32\" data-element_type=\"widget\" data-settings=\"{&quot;ekit_we_effect_on&quot;:&quot;none&quot;}\" data-widget_type=\"heading.default\">\n\t\t\t\t<div class=\"elementor-widget-container\">\n\t\t\t<h4 class=\"elementor-heading-title elementor-size-default\">GRANTURI DE CERCETARE \u0218TIIN\u021aIFIC\u0102\n<\/h4>\t\t<\/div>\n\t\t\t\t<\/div>\n\t\t\t\t\t<\/div>\n\t\t<\/div>\n\t\t\t\t<div class=\"elementor-column elementor-col-50 elementor-top-column elementor-element elementor-element-ae6d7ad\" data-id=\"ae6d7ad\" data-element_type=\"column\">\n\t\t\t<div class=\"elementor-widget-wrap elementor-element-populated\">\n\t\t\t\t\t\t\t\t<div class=\"elementor-element elementor-element-bb2716e elementor-widget elementor-widget-text-editor\" data-id=\"bb2716e\" data-element_type=\"widget\" data-settings=\"{&quot;ekit_we_effect_on&quot;:&quot;none&quot;}\" data-widget_type=\"text-editor.default\">\n\t\t\t\t<div class=\"elementor-widget-container\">\n\t\t\t\t\t\t\t<p>\u00cencep\u00e2nd cu iulie 2018, Departamentul de Administra\u021bie \u0219i Management Public implementeaz\u0103 \u00een calitate de partener din partea UBB un grant PCCEF, competi\u021bia 2016, care vizeaz\u0103 rezilien\u021ba ora\u0219elor \u0219i regiunilor din Uniunea European\u0103. Conceptul de rezilien\u021b\u0103 exploreaz\u0103 modul \u00een care anumite comunit\u0103\u021bi reac\u021bioneaz\u0103 la diverse \u0219ocuri (riscuri) de tip economic, de mediu, sociale etc. \u0219i \u00ee\u0219i revin \u00een urma acestora. Din perspectiva proiectului, este important s\u0103 identific\u0103m care factori ac\u021bioneaz\u0103 ca determinan\u021bi ai rezilien\u021bei urbane \u0219i s\u0103 \u00een\u021belegem de ce unele regiuni \u00ee\u0219i revin mai repede iar altele nu \u00een urma unor crize. La finalul proiectului, ne propunem s\u0103 avem construit \u0219i aplicat un indice de rezilien\u021b\u0103, mult mai complex dec\u00e2t ceea ce exist\u0103 \u00een prezent \u00een literatur\u0103.<\/p><p><strong>Date sintetice despre proiect<\/strong><\/p><p>Titlu \u2013 Dezvoltarea cercet\u0103rii de frontier\u0103 \u00een teoriile cre\u0219terii \u0219i dezvolt\u0103rii regionale prin prisma rezilien\u021bei: c\u0103tre o Uniune European\u0103 convergent\u0103, echilibrat\u0103 \u0219i sustenabil\u0103<\/p><p>Cod \u2013 PN-III-P4-ID-PCCF-2016-0166<\/p><p>Responsabil UBB \u2013 conf univ dr Bogdana Neam\u021bu<\/p><p>Durat\u0103 proiect \u2013 36 luni<\/p><p>Echip\u0103 din partea UBB \u2013 prof univ dr C\u0103lin Hin\u021bea, prof univ dr Dacian Drago\u0219, conf univ dr Cristina Hin\u021bea, lector univ dr Raluca Suciu, lector univ dr Bianca Radu, student doctorand Avram Georgiana, student masterand Bianca Andrianu<\/p>\t\t\t\t\t\t<\/div>\n\t\t\t\t<\/div>\n\t\t\t\t\t<\/div>\n\t\t<\/div>\n\t\t\t\t\t\t\t<\/div>\n\t\t<\/section>\n\t\t\t\t<section data-particle_enable=\"false\" data-particle-mobile-disabled=\"false\" class=\"elementor-section elementor-top-section elementor-element elementor-element-1f04d60 elementor-section-content-middle elementor-section-boxed elementor-section-height-default elementor-section-height-default\" data-id=\"1f04d60\" data-element_type=\"section\" data-settings=\"{&quot;ekit_has_onepagescroll_dot&quot;:&quot;yes&quot;}\">\n\t\t\t\t\t\t<div class=\"elementor-container elementor-column-gap-no\">\n\t\t\t\t\t<div class=\"elementor-column elementor-col-50 elementor-top-column elementor-element elementor-element-1c26db4\" data-id=\"1c26db4\" data-element_type=\"column\">\n\t\t\t<div class=\"elementor-widget-wrap elementor-element-populated\">\n\t\t\t\t\t\t\t\t<div class=\"elementor-element elementor-element-1430be2 elementor-widget-divider--view-line elementor-widget elementor-widget-divider\" data-id=\"1430be2\" data-element_type=\"widget\" data-settings=\"{&quot;ekit_we_effect_on&quot;:&quot;none&quot;}\" data-widget_type=\"divider.default\">\n\t\t\t\t<div class=\"elementor-widget-container\">\n\t\t\t\t\t<div class=\"elementor-divider\">\n\t\t\t<span class=\"elementor-divider-separator\">\n\t\t\t\t\t\t<\/span>\n\t\t<\/div>\n\t\t\t\t<\/div>\n\t\t\t\t<\/div>\n\t\t\t\t<div class=\"elementor-element elementor-element-39ec3e6 elementor-widget elementor-widget-heading\" data-id=\"39ec3e6\" data-element_type=\"widget\" data-settings=\"{&quot;ekit_we_effect_on&quot;:&quot;none&quot;}\" data-widget_type=\"heading.default\">\n\t\t\t\t<div class=\"elementor-widget-container\">\n\t\t\t<h4 class=\"elementor-heading-title elementor-size-default\">GRANTURI DEZVOLTARE INSTITU\u021aIONAL\u0102\n<\/h4>\t\t<\/div>\n\t\t\t\t<\/div>\n\t\t\t\t\t<\/div>\n\t\t<\/div>\n\t\t\t\t<div class=\"elementor-column elementor-col-50 elementor-top-column elementor-element elementor-element-dfb9d7e\" data-id=\"dfb9d7e\" data-element_type=\"column\">\n\t\t\t<div class=\"elementor-widget-wrap elementor-element-populated\">\n\t\t\t\t\t\t\t\t<div class=\"elementor-element elementor-element-b7acd8a elementor-widget elementor-widget-text-editor\" data-id=\"b7acd8a\" data-element_type=\"widget\" data-settings=\"{&quot;ekit_we_effect_on&quot;:&quot;none&quot;}\" data-widget_type=\"text-editor.default\">\n\t\t\t\t<div class=\"elementor-widget-container\">\n\t\t\t\t\t\t\t<p><strong>Public Administration Education Quality Enhancement (PAQUALITY)<br \/><\/strong><\/p><p><strong>Grant Erasmus+, KA2 &#8211; Cooperation for Innovation and the Exchange of Good Practices, KA203 &#8211; Strategic Partnerships for higher education.<\/strong><\/p><p>Proiectul reune\u0219te un num\u0103r important de universit\u0103\u021bi din Europa Central\u0103 \u0219i de Est \u0219i \u00ee\u0219i propune s\u0103 sprijine schimb\u0103rile \u00een domeniul \u00eenv\u0103\u021b\u0103m\u00e2ntului superior de administra\u021bie public\u0103 \u00een conformitate cu obiectivele procesului Bologna. Obiectivele proiectului includ:<br \/>\u2022 Promovarea cooper\u0103rii europene \u00een asigurarea calit\u0103\u021bii \u00een vederea dezvolt\u0103rii unor criterii \u0219i metodologii comparabile; \u0219i<br \/>\u2022 Promovarea dimensiunii europene \u00een \u00eenv\u0103\u021b\u0103m\u00e2ntul superior, \u00een special \u00een ceea ce prive\u0219te dezvoltarea curricular\u0103, cooperarea interinstitu\u021bional\u0103, schemele de mobilitate \u0219i programele integrate de studiu, formare \u0219i cercetare, care nu au fost aplicate pe deplin \u00een cadrul \u00eenv\u0103\u021b\u0103m\u00e2ntului universitar de administra\u021bie public\u0103 din \u021b\u0103rile din Europa Central\u0103 \u0219i de Est.<br \/><br \/>Programele universitare din domeniul administra\u021biei publice variaz\u0103 foarte mult, \u00een special \u00een \u021b\u0103rile din Europa Central\u0103 \u0219i de Est. Din aceast\u0103 perspectiv\u0103, este foarte relevant s\u0103 se faciliteze mecanismul de asigurare a calit\u0103\u021bii, care s\u0103 asigure nu numai calitatea comparabil\u0103 a proceselor educa\u021bionale dar \u0219i a rezultatelor (de exemplu calitatea absolven\u021bilor, cuno\u0219tin\u021bele, aptitudinile \u0219i experien\u021ba lor). \u00cen acest context, proiectul \u00ee\u021bi propune s\u0103 investigheze rolul unui organism interna\u021bional de acreditare (EAPAA) precum \u0219i bune practici dezvoltate de universit\u0103\u021bi\/programe ca urmare a proceselor \u00eentreprinse \u00een vederea ob\u021binerii acredit\u0103rii EAPAA.<\/p><p>Mai multe informa\u021bii despre proiect sunt disponibile pe site-ul acestuia:<a href=\"http:\/\/www.nispa.org\/paquality\">www.nispa.org\/paquality<\/a><\/p>\t\t\t\t\t\t<\/div>\n\t\t\t\t<\/div>\n\t\t\t\t\t<\/div>\n\t\t<\/div>\n\t\t\t\t\t\t\t<\/div>\n\t\t<\/section>\n\t\t\t\t<section data-particle_enable=\"false\" data-particle-mobile-disabled=\"false\" class=\"elementor-section elementor-top-section elementor-element elementor-element-875a35e elementor-section-boxed elementor-section-height-default elementor-section-height-default\" data-id=\"875a35e\" data-element_type=\"section\" data-settings=\"{&quot;background_background&quot;:&quot;classic&quot;,&quot;ekit_has_onepagescroll_dot&quot;:&quot;yes&quot;}\">\n\t\t\t\t\t\t<div class=\"elementor-container elementor-column-gap-default\">\n\t\t\t\t\t<div class=\"elementor-column elementor-col-33 elementor-top-column elementor-element elementor-element-be618b7\" data-id=\"be618b7\" data-element_type=\"column\">\n\t\t\t<div class=\"elementor-widget-wrap elementor-element-populated\">\n\t\t\t\t\t\t\t\t<div class=\"elementor-element elementor-element-f056339 elementor-widget__width-auto elementor-widget elementor-widget-heading\" data-id=\"f056339\" data-element_type=\"widget\" data-settings=\"{&quot;ekit_we_effect_on&quot;:&quot;none&quot;}\" data-widget_type=\"heading.default\">\n\t\t\t\t<div class=\"elementor-widget-container\">\n\t\t\t<h3 class=\"elementor-heading-title elementor-size-default\">Vrei mai multe informa\u021bii?<\/h3>\t\t<\/div>\n\t\t\t\t<\/div>\n\t\t\t\t\t<\/div>\n\t\t<\/div>\n\t\t\t\t<div class=\"elementor-column elementor-col-33 elementor-top-column elementor-element elementor-element-7ed8966\" data-id=\"7ed8966\" data-element_type=\"column\">\n\t\t\t<div class=\"elementor-widget-wrap elementor-element-populated\">\n\t\t\t\t\t\t\t\t<div class=\"elementor-element elementor-element-c9ae428 elementor-widget__width-auto elementor-widget elementor-widget-text-editor\" data-id=\"c9ae428\" data-element_type=\"widget\" data-settings=\"{&quot;ekit_we_effect_on&quot;:&quot;none&quot;}\" data-widget_type=\"text-editor.default\">\n\t\t\t\t<div class=\"elementor-widget-container\">\n\t\t\t\t\t\t\t<p>Cau\u021bi ceva anume \u0219i nu reu\u0219e\u0219ti s\u0103 g\u0103se\u0219ti? Nicio problem\u0103! D\u0103-ne un semn \u0219i te ajut\u0103m noi. Sau poate vrei s\u0103 treci pe la noi ca s\u0103 vezi facultatea \u0219i campusul? Excelent, spune-ne c\u00e2nd \u0219i de restul ne ocup\u0103m noi!<\/p>\t\t\t\t\t\t<\/div>\n\t\t\t\t<\/div>\n\t\t\t\t\t<\/div>\n\t\t<\/div>\n\t\t\t\t<div class=\"elementor-column elementor-col-33 elementor-top-column elementor-element elementor-element-3ff6b71\" data-id=\"3ff6b71\" data-element_type=\"column\" data-settings=\"{&quot;background_background&quot;:&quot;classic&quot;}\">\n\t\t\t<div class=\"elementor-widget-wrap elementor-element-populated\">\n\t\t\t\t\t\t\t\t<div class=\"elementor-element elementor-element-6f552f3 elementor-align-justify elementor-mobile-align-left vamtam-has-underline-anim elementor-widget elementor-widget-button\" data-id=\"6f552f3\" data-element_type=\"widget\" data-settings=\"{&quot;ekit_we_effect_on&quot;:&quot;none&quot;}\" data-widget_type=\"button.default\">\n\t\t\t\t<div class=\"elementor-widget-container\">\n\t\t\t\t\t<div class=\"elementor-button-wrapper\">\n\t\t\t<a class=\"elementor-button elementor-button-link elementor-size-sm\" href=\"https:\/\/amp.fspac.ubbcluj.ro\/english\/contact\/\">\n\t\t\t\t\t\t<span class=\"elementor-button-content-wrapper\">\n\t\t\t\t\t\t<span class=\"elementor-button-icon elementor-align-icon-right\">\n\t\t\t\t<i aria-hidden=\"true\" class=\"vamtamtheme- vamtam-theme-arrow-right\"><\/i>\t\t\t<\/span>\n\t\t\t\t\t\t<span class=\"elementor-button-text\">Contacteaz\u0103-ne<\/span>\n\t\t<\/span>\n\t\t\t\t\t<\/a>\n\t\t<\/div>\n\t\t\t\t<\/div>\n\t\t\t\t<\/div>\n\t\t\t\t\t<\/div>\n\t\t<\/div>\n\t\t\t\t\t\t\t<\/div>\n\t\t<\/section>\n\t\t\t\t\t\t\t<\/div>\n\t\t","protected":false},"excerpt":{"rendered":"<p>Granturi \u00eencheiate Form\u0103m profesioni\u0219ti din 1996. AMP este implicat at\u00e2t \u00een proiecte\/granturi de cercetare \u0219tiin\u021bific\u0103 c\u00e2t \u0219i \u00een granturi de dezvoltare institu\u021bional\u0103. Acestea din urm\u0103 vizeaz\u0103 at\u00e2t dezvoltarea programelor oferite de departament \u00een sensul cre\u0219terii calit\u0103\u021bii acestora \u0219i crearea de oportunit\u0103\u021bi pentru studen\u021bi c\u00e2t \u0219i desf\u0103\u0219urarea unor activit\u0103\u021bi de cercetare \u0219tiin\u021bific\u0103. GRANTURI DE CERCETARE \u0218TIIN\u021aIFIC\u0102&#8230;<\/p>\n","protected":false},"author":1,"featured_media":0,"parent":0,"menu_order":0,"comment_status":"closed","ping_status":"closed","template":"","meta":{"footnotes":""},"class_list":["post-988517","page","type-page","status-publish","hentry"],"_links":{"self":[{"href":"https:\/\/amp.fspac.ubbcluj.ro\/english\/wp-json\/wp\/v2\/pages\/988517","targetHints":{"allow":["GET"]}}],"collection":[{"href":"https:\/\/amp.fspac.ubbcluj.ro\/english\/wp-json\/wp\/v2\/pages"}],"about":[{"href":"https:\/\/amp.fspac.ubbcluj.ro\/english\/wp-json\/wp\/v2\/types\/page"}],"author":[{"embeddable":true,"href":"https:\/\/amp.fspac.ubbcluj.ro\/english\/wp-json\/wp\/v2\/users\/1"}],"replies":[{"embeddable":true,"href":"https:\/\/amp.fspac.ubbcluj.ro\/english\/wp-json\/wp\/v2\/comments?post=988517"}],"version-history":[{"count":7,"href":"https:\/\/amp.fspac.ubbcluj.ro\/english\/wp-json\/wp\/v2\/pages\/988517\/revisions"}],"predecessor-version":[{"id":989016,"href":"https:\/\/amp.fspac.ubbcluj.ro\/english\/wp-json\/wp\/v2\/pages\/988517\/revisions\/989016"}],"wp:attachment":[{"href":"https:\/\/amp.fspac.ubbcluj.ro\/english\/wp-json\/wp\/v2\/media?parent=988517"}],"curies":[{"name":"wp","href":"https:\/\/api.w.org\/{rel}","templated":true}]}}