{"id":988645,"date":"2023-02-05T17:44:25","date_gmt":"2023-02-05T17:44:25","guid":{"rendered":"https:\/\/amp.fspac.ubbcluj.ro\/english\/?page_id=988645"},"modified":"2023-02-05T21:57:51","modified_gmt":"2023-02-05T21:57:51","slug":"conferinta-anuala-a-studentilor","status":"publish","type":"page","link":"https:\/\/amp.fspac.ubbcluj.ro\/english\/conferinta-anuala-a-studentilor\/","title":{"rendered":"Conferin\u021ba Anual\u0103 a Studen\u021bilor"},"content":{"rendered":"\t\t<div data-elementor-type=\"wp-page\" data-elementor-id=\"988645\" class=\"elementor elementor-988645\" data-elementor-post-type=\"page\">\n\t\t\t\t\t\t\t\t\t<section data-particle_enable=\"false\" data-particle-mobile-disabled=\"false\" class=\"elementor-section elementor-top-section elementor-element elementor-element-3c40c12 elementor-section-height-min-height elementor-section-boxed elementor-section-height-default elementor-section-items-middle\" data-id=\"3c40c12\" data-element_type=\"section\" data-settings=\"{&quot;background_background&quot;:&quot;classic&quot;,&quot;animation&quot;:&quot;none&quot;,&quot;ekit_has_onepagescroll_dot&quot;:&quot;yes&quot;}\">\n\t\t\t\t\t\t<div class=\"elementor-container elementor-column-gap-default\">\n\t\t\t\t\t<div class=\"elementor-column elementor-col-100 elementor-top-column elementor-element elementor-element-1bb13b64\" data-id=\"1bb13b64\" data-element_type=\"column\" data-settings=\"{&quot;background_background&quot;:&quot;classic&quot;}\">\n\t\t\t<div class=\"elementor-widget-wrap\">\n\t\t\t\t\t\t\t\t\t<\/div>\n\t\t<\/div>\n\t\t\t\t\t\t\t<\/div>\n\t\t<\/section>\n\t\t\t\t<section data-particle_enable=\"false\" data-particle-mobile-disabled=\"false\" class=\"elementor-section elementor-top-section elementor-element elementor-element-55f925de elementor-section-boxed elementor-section-height-default elementor-section-height-default\" data-id=\"55f925de\" data-element_type=\"section\" data-settings=\"{&quot;animation&quot;:&quot;none&quot;,&quot;animation_tablet&quot;:&quot;none&quot;,&quot;animation_mobile&quot;:&quot;none&quot;,&quot;ekit_has_onepagescroll_dot&quot;:&quot;yes&quot;}\">\n\t\t\t\t\t\t<div class=\"elementor-container elementor-column-gap-no\">\n\t\t\t\t\t<div class=\"elementor-column elementor-col-50 elementor-top-column elementor-element elementor-element-7fc4130a animated-fast elementor-invisible\" data-id=\"7fc4130a\" data-element_type=\"column\" data-settings=\"{&quot;background_background&quot;:&quot;classic&quot;,&quot;animation&quot;:&quot;fadeIn&quot;,&quot;animation_delay&quot;:100}\">\n\t\t\t<div class=\"elementor-widget-wrap elementor-element-populated\">\n\t\t\t\t\t\t\t\t<div class=\"elementor-element elementor-element-4e7c6acb elementor-widget__width-auto elementor-widget-tablet__width-auto elementor-widget-mobile__width-inherit elementor-widget elementor-widget-heading\" data-id=\"4e7c6acb\" data-element_type=\"widget\" data-settings=\"{&quot;_animation&quot;:&quot;none&quot;,&quot;_animation_delay&quot;:200,&quot;ekit_we_effect_on&quot;:&quot;none&quot;}\" data-widget_type=\"heading.heading_charityfy\">\n\t\t\t\t<div class=\"elementor-widget-container\">\n\t\t\t<h1 class=\"elementor-heading-title elementor-size-default\">Conferin\u021ba Anual\u0103 a Studen\u021bilor<\/h1>\t\t<\/div>\n\t\t\t\t<\/div>\n\t\t\t\t<div class=\"elementor-element elementor-element-2a6a52d elementor-widget elementor-widget-text-editor\" data-id=\"2a6a52d\" data-element_type=\"widget\" data-settings=\"{&quot;_animation&quot;:&quot;none&quot;,&quot;_animation_delay&quot;:300,&quot;ekit_we_effect_on&quot;:&quot;none&quot;}\" data-widget_type=\"text-editor.default\">\n\t\t\t\t<div class=\"elementor-widget-container\">\n\t\t\t\t\t\t\t<p>Form\u0103m profesioni\u0219ti din 1996.<\/p>\t\t\t\t\t\t<\/div>\n\t\t\t\t<\/div>\n\t\t\t\t\t<\/div>\n\t\t<\/div>\n\t\t\t\t<div class=\"elementor-column elementor-col-50 elementor-top-column elementor-element elementor-element-3b5ab089 elementor-hidden-desktop elementor-hidden-tablet elementor-hidden-phone\" data-id=\"3b5ab089\" data-element_type=\"column\">\n\t\t\t<div class=\"elementor-widget-wrap\">\n\t\t\t\t\t\t\t\t\t<\/div>\n\t\t<\/div>\n\t\t\t\t\t\t\t<\/div>\n\t\t<\/section>\n\t\t\t\t<section data-particle_enable=\"false\" data-particle-mobile-disabled=\"false\" class=\"elementor-section elementor-top-section elementor-element elementor-element-de3ee40 elementor-section-content-middle elementor-section-boxed elementor-section-height-default elementor-section-height-default\" data-id=\"de3ee40\" data-element_type=\"section\" data-settings=\"{&quot;ekit_has_onepagescroll_dot&quot;:&quot;yes&quot;}\">\n\t\t\t\t\t\t<div class=\"elementor-container elementor-column-gap-no\">\n\t\t\t\t\t<div class=\"elementor-column elementor-col-50 elementor-top-column elementor-element elementor-element-7a44bf4\" data-id=\"7a44bf4\" data-element_type=\"column\">\n\t\t\t<div class=\"elementor-widget-wrap elementor-element-populated\">\n\t\t\t\t\t\t\t\t<div class=\"elementor-element elementor-element-d6905ae elementor-widget-divider--view-line elementor-widget elementor-widget-divider\" data-id=\"d6905ae\" data-element_type=\"widget\" data-settings=\"{&quot;ekit_we_effect_on&quot;:&quot;none&quot;}\" data-widget_type=\"divider.default\">\n\t\t\t\t<div class=\"elementor-widget-container\">\n\t\t\t\t\t<div class=\"elementor-divider\">\n\t\t\t<span class=\"elementor-divider-separator\">\n\t\t\t\t\t\t<\/span>\n\t\t<\/div>\n\t\t\t\t<\/div>\n\t\t\t\t<\/div>\n\t\t\t\t<div class=\"elementor-element elementor-element-ce8246c elementor-widget elementor-widget-heading\" data-id=\"ce8246c\" data-element_type=\"widget\" data-settings=\"{&quot;ekit_we_effect_on&quot;:&quot;none&quot;}\" data-widget_type=\"heading.default\">\n\t\t\t\t<div class=\"elementor-widget-container\">\n\t\t\t<h4 class=\"elementor-heading-title elementor-size-default\">INOVA\u021aIE \u0218I BUN\u0102 GUVERNARE \u00ceN SECTORUL PUBLIC, 13-16 MAI, 2019, CLUJ-NAPOCA\n<\/h4>\t\t<\/div>\n\t\t\t\t<\/div>\n\t\t\t\t\t<\/div>\n\t\t<\/div>\n\t\t\t\t<div class=\"elementor-column elementor-col-50 elementor-top-column elementor-element elementor-element-5d08388\" data-id=\"5d08388\" data-element_type=\"column\">\n\t\t\t<div class=\"elementor-widget-wrap elementor-element-populated\">\n\t\t\t\t\t\t\t\t<div class=\"elementor-element elementor-element-9d078a1 elementor-widget elementor-widget-text-editor\" data-id=\"9d078a1\" data-element_type=\"widget\" data-settings=\"{&quot;ekit_we_effect_on&quot;:&quot;none&quot;}\" data-widget_type=\"text-editor.default\">\n\t\t\t\t<div class=\"elementor-widget-container\">\n\t\t\t\t\t\t\t<p>Departamentul de Administra\u021bie \u0219i Management Public organizeaz\u0103 \u00een perioada 13-16 mai 2019 la Cluj-Napoca conferin\u021ba cu tema\u00a0<em>Inova\u021bie \u0219i bun\u0103 guvernare \u00een sectorul public<\/em>, conferin\u021b\u0103 la care vor participa studen\u021bi de la ASE Bucure\u0219ti, SNSPA Bucure\u0219ti, UAIC Ia\u0219i, Universitatea din Bucure\u0219ti \u0219i UBB Cluj. Lucr\u0103rile se vor prezenta \u00een datele de 14 \u0219i 15 mai.<\/p><p>Ave\u021bi aici\u00a0<a href=\"https:\/\/www.apubb.ro\/download_file\/view\/347\/273\">programul conferin\u021bei<\/a>\u00a0departamentului, \u0219i v\u0103 \u00eendemn\u0103m s\u0103 participa\u021bi nu doar la lucr\u0103rile AMP, ci \u0219i la activit\u0103\u021bile celorlalte departamente. Ave\u021bi aici programul complet al tuturor conferin\u021belor.<\/p>\t\t\t\t\t\t<\/div>\n\t\t\t\t<\/div>\n\t\t\t\t\t<\/div>\n\t\t<\/div>\n\t\t\t\t\t\t\t<\/div>\n\t\t<\/section>\n\t\t\t\t<section data-particle_enable=\"false\" data-particle-mobile-disabled=\"false\" class=\"elementor-section elementor-top-section elementor-element elementor-element-e6c795a elementor-section-content-middle elementor-section-boxed elementor-section-height-default elementor-section-height-default\" data-id=\"e6c795a\" data-element_type=\"section\" data-settings=\"{&quot;ekit_has_onepagescroll_dot&quot;:&quot;yes&quot;}\">\n\t\t\t\t\t\t<div class=\"elementor-container elementor-column-gap-no\">\n\t\t\t\t\t<div class=\"elementor-column elementor-col-50 elementor-top-column elementor-element elementor-element-fe3320d\" data-id=\"fe3320d\" data-element_type=\"column\">\n\t\t\t<div class=\"elementor-widget-wrap elementor-element-populated\">\n\t\t\t\t\t\t\t\t<div class=\"elementor-element elementor-element-f7693bd elementor-widget-divider--view-line elementor-widget elementor-widget-divider\" data-id=\"f7693bd\" data-element_type=\"widget\" data-settings=\"{&quot;ekit_we_effect_on&quot;:&quot;none&quot;}\" data-widget_type=\"divider.default\">\n\t\t\t\t<div class=\"elementor-widget-container\">\n\t\t\t\t\t<div class=\"elementor-divider\">\n\t\t\t<span class=\"elementor-divider-separator\">\n\t\t\t\t\t\t<\/span>\n\t\t<\/div>\n\t\t\t\t<\/div>\n\t\t\t\t<\/div>\n\t\t\t\t<div class=\"elementor-element elementor-element-74e8c6f elementor-widget elementor-widget-heading\" data-id=\"74e8c6f\" data-element_type=\"widget\" data-settings=\"{&quot;ekit_we_effect_on&quot;:&quot;none&quot;}\" data-widget_type=\"heading.default\">\n\t\t\t\t<div class=\"elementor-widget-container\">\n\t\t\t<h4 class=\"elementor-heading-title elementor-size-default\">SCURT ISTORIC AL CONFERIN\u021aEI\n<\/h4>\t\t<\/div>\n\t\t\t\t<\/div>\n\t\t\t\t\t<\/div>\n\t\t<\/div>\n\t\t\t\t<div class=\"elementor-column elementor-col-50 elementor-top-column elementor-element elementor-element-67eec1c\" data-id=\"67eec1c\" data-element_type=\"column\">\n\t\t\t<div class=\"elementor-widget-wrap elementor-element-populated\">\n\t\t\t\t\t\t\t\t<div class=\"elementor-element elementor-element-5a82d89 elementor-widget elementor-widget-text-editor\" data-id=\"5a82d89\" data-element_type=\"widget\" data-settings=\"{&quot;ekit_we_effect_on&quot;:&quot;none&quot;}\" data-widget_type=\"text-editor.default\">\n\t\t\t\t<div class=\"elementor-widget-container\">\n\t\t\t\t\t\t\t<p>La sf\u00e2r\u0219itul anilor 1990, Departamentul de Administra\u021bie Public\u0103 a \u00eenceput s\u0103 organizeze o conferin\u021b\u0103 anual\u0103 a studen\u021bilor de la aceast\u0103 specializare. Extensiile universitare ale Departamentului din Bistri\u021ba, Satu Mare \u0219i Sf\u00e2ntu Gheorghe, \u00eempreun\u0103 cu Departamentul de la Cluj-Napoca, au organizat astfel p\u00e2n\u0103 \u00een anul 2011 prin rota\u021bie aceste conferin\u021be. Finan\u021barea a fost din partea universit\u0103\u021bii Babe\u0219-Bolyai \u0219i a unor sponsori priva\u021bi. \u00cencep\u00e2nd cu anul 2008, la aceste conferin\u021be au fost invita\u021bi \u0219i studen\u021bi \u0219i cadre didactice de la universit\u0103\u021bile partenere, mai precis ASE Bucure\u0219ti \u0219i Al. I Cuza din Ia\u0219i. \u00cen medie, la aceste conferin\u021be \u00een perioada de \u00eenceput participau \u00een jur de 40 de studen\u021bi \u0219i 15 cadre didactice. Conferin\u021ba se organizeaz\u0103 de obicei \u00een luna mai.<\/p><p>\u00cencep\u00e2nd cu anul 2011, conferin\u021bele anuale ale studen\u021bilor au fost finan\u021bate din dou\u0103 programe POSDRU viz\u00e2nd cre\u0219terea calit\u0103\u021bii programelor de master \u0219i licen\u021b\u0103 \u00een domeniul administra\u021biei publice. Tot \u00een cadrul acestor proiecte s-a semnat \u0219i un parteneriat \u00eentre cele 4 mari \u0219coli de administra\u021bie public\u0103 din Rom\u00e2nia, ASE Bucure\u0219ti, Al I Cuza Ia\u0219i, SNSPA Bucure\u0219ti \u0219i respectiv Babe\u0219 Bolyai Cluj-Napoca, denumit simbolic \u201dClubul celor 4\u201d.<\/p><p>\u00cen anumi\u021bi ani, \u00een func\u021bie de finan\u021barea disponibil\u0103, s-a realizat \u0219i un CD cu ISBN lucr\u0103rile iar studen\u021bii au luat parte \u0219i la activit\u0103\u021bi de tip workshop pe l\u00e2ng\u0103 lucr\u0103rile conferin\u021bei.<\/p><p>\u00cen 2018 conferin\u021ba anual\u0103 a fost organizat\u0103 la Bucure\u0219ti, de c\u0103tre ASE, \u00een perioada 10-12 mai 2018.<\/p><p><strong>Ce este o conferin\u021b\u0103?\u00a0<\/strong>Fiecare dintre noi avem idei, c\u00e2teodat\u0103 le \u0219i concretiz\u0103m \u00eentr-o form\u0103 scris\u0103. Conferin\u021ba este evenimentul \u00een care aceste idei sunt prezentate, sunt dezb\u0103tute \u0219i ap\u0103rate; este locul \u0219i momentul \u00een care spunem ce avem mai bun \u0219i ne m\u0103sur\u0103m cu cei care fac acela\u0219i lucru.<\/p><p><strong>Ce este o conferin\u021b\u0103 studen\u021beasc\u0103?<\/strong>\u00a0Tot ce am spus mai sus plus c\u00e2teva lucruri. La o conferin\u021b\u0103 studen\u021beasc\u0103 vedem c\u00e2t de buni suntem (la AMP suntem chiar foarte buni), ce \u0219tim, ce putem \u00eenv\u0103\u021ba, exers\u0103m pentru viitor (poate folosi pentru lucrarea de licen\u021b\u0103&#8230;). Apoi vine pauza, \u00een care cunoa\u0219tem colegi de la alte facult\u0103\u021bi (deci \u0219tim unde \u0219i ce suntem \u00eentr-un context mai larg), poate leg\u0103m ceva prietenii. \u00cen sf\u00e2r\u0219it, o conferin\u021b\u0103 studen\u021beasc\u0103 poate \u00eensemna \u0219i o oportunitate de a c\u0103l\u0103tori (nu toate se \u021bin \u00een Cluj) \u0219i c\u0103l\u0103toria extinde pauza un pic, nu?<\/p><p><strong>De ce s\u0103 merg la o conferin\u021b\u0103 studen\u021beasc\u0103?<\/strong>\u00a0To\u021bi vrem s\u0103 \u0219tim c\u00e2t suntem de buni. Conferin\u021ba poate fi o bun\u0103 oportunitate s\u0103 ne compar\u0103m cu cei mai buni studen\u021bi de la alte facult\u0103\u021bi.<\/p>\t\t\t\t\t\t<\/div>\n\t\t\t\t<\/div>\n\t\t\t\t\t<\/div>\n\t\t<\/div>\n\t\t\t\t\t\t\t<\/div>\n\t\t<\/section>\n\t\t\t\t<section data-particle_enable=\"false\" data-particle-mobile-disabled=\"false\" class=\"elementor-section elementor-top-section elementor-element elementor-element-875a35e elementor-section-boxed elementor-section-height-default elementor-section-height-default\" data-id=\"875a35e\" data-element_type=\"section\" data-settings=\"{&quot;background_background&quot;:&quot;classic&quot;,&quot;ekit_has_onepagescroll_dot&quot;:&quot;yes&quot;}\">\n\t\t\t\t\t\t<div class=\"elementor-container elementor-column-gap-default\">\n\t\t\t\t\t<div class=\"elementor-column elementor-col-33 elementor-top-column elementor-element elementor-element-be618b7\" data-id=\"be618b7\" data-element_type=\"column\">\n\t\t\t<div class=\"elementor-widget-wrap elementor-element-populated\">\n\t\t\t\t\t\t\t\t<div class=\"elementor-element elementor-element-f056339 elementor-widget__width-auto elementor-widget elementor-widget-heading\" data-id=\"f056339\" data-element_type=\"widget\" data-settings=\"{&quot;ekit_we_effect_on&quot;:&quot;none&quot;}\" data-widget_type=\"heading.default\">\n\t\t\t\t<div class=\"elementor-widget-container\">\n\t\t\t<h3 class=\"elementor-heading-title elementor-size-default\">Vrei mai multe informa\u021bii?<\/h3>\t\t<\/div>\n\t\t\t\t<\/div>\n\t\t\t\t\t<\/div>\n\t\t<\/div>\n\t\t\t\t<div class=\"elementor-column elementor-col-33 elementor-top-column elementor-element elementor-element-7ed8966\" data-id=\"7ed8966\" data-element_type=\"column\">\n\t\t\t<div class=\"elementor-widget-wrap elementor-element-populated\">\n\t\t\t\t\t\t\t\t<div class=\"elementor-element elementor-element-c9ae428 elementor-widget__width-auto elementor-widget elementor-widget-text-editor\" data-id=\"c9ae428\" data-element_type=\"widget\" data-settings=\"{&quot;ekit_we_effect_on&quot;:&quot;none&quot;}\" data-widget_type=\"text-editor.default\">\n\t\t\t\t<div class=\"elementor-widget-container\">\n\t\t\t\t\t\t\t<p>Cau\u021bi ceva anume \u0219i nu reu\u0219e\u0219ti s\u0103 g\u0103se\u0219ti? Nicio problem\u0103! D\u0103-ne un semn \u0219i te ajut\u0103m noi. Sau poate vrei s\u0103 treci pe la noi ca s\u0103 vezi facultatea \u0219i campusul? Excelent, spune-ne c\u00e2nd \u0219i de restul ne ocup\u0103m noi!<\/p>\t\t\t\t\t\t<\/div>\n\t\t\t\t<\/div>\n\t\t\t\t\t<\/div>\n\t\t<\/div>\n\t\t\t\t<div class=\"elementor-column elementor-col-33 elementor-top-column elementor-element elementor-element-3ff6b71\" data-id=\"3ff6b71\" data-element_type=\"column\" data-settings=\"{&quot;background_background&quot;:&quot;classic&quot;}\">\n\t\t\t<div class=\"elementor-widget-wrap elementor-element-populated\">\n\t\t\t\t\t\t\t\t<div class=\"elementor-element elementor-element-6f552f3 elementor-align-justify elementor-mobile-align-left vamtam-has-underline-anim elementor-widget elementor-widget-button\" data-id=\"6f552f3\" data-element_type=\"widget\" data-settings=\"{&quot;ekit_we_effect_on&quot;:&quot;none&quot;}\" data-widget_type=\"button.default\">\n\t\t\t\t<div class=\"elementor-widget-container\">\n\t\t\t\t\t<div class=\"elementor-button-wrapper\">\n\t\t\t<a class=\"elementor-button elementor-button-link elementor-size-sm\" href=\"https:\/\/amp.fspac.ubbcluj.ro\/english\/contact\/\">\n\t\t\t\t\t\t<span class=\"elementor-button-content-wrapper\">\n\t\t\t\t\t\t<span class=\"elementor-button-icon elementor-align-icon-right\">\n\t\t\t\t<i aria-hidden=\"true\" class=\"vamtamtheme- vamtam-theme-arrow-right\"><\/i>\t\t\t<\/span>\n\t\t\t\t\t\t<span class=\"elementor-button-text\">Contacteaz\u0103-ne<\/span>\n\t\t<\/span>\n\t\t\t\t\t<\/a>\n\t\t<\/div>\n\t\t\t\t<\/div>\n\t\t\t\t<\/div>\n\t\t\t\t\t<\/div>\n\t\t<\/div>\n\t\t\t\t\t\t\t<\/div>\n\t\t<\/section>\n\t\t\t\t\t\t\t<\/div>\n\t\t","protected":false},"excerpt":{"rendered":"<p>Conferin\u021ba Anual\u0103 a Studen\u021bilor Form\u0103m profesioni\u0219ti din 1996. INOVA\u021aIE \u0218I BUN\u0102 GUVERNARE \u00ceN SECTORUL PUBLIC, 13-16 MAI, 2019, CLUJ-NAPOCA Departamentul de Administra\u021bie \u0219i Management Public organizeaz\u0103 \u00een perioada 13-16 mai 2019 la Cluj-Napoca conferin\u021ba cu tema\u00a0Inova\u021bie \u0219i bun\u0103 guvernare \u00een sectorul public, conferin\u021b\u0103 la care vor participa studen\u021bi de la ASE Bucure\u0219ti, SNSPA Bucure\u0219ti, UAIC&#8230;<\/p>\n","protected":false},"author":1,"featured_media":0,"parent":0,"menu_order":0,"comment_status":"closed","ping_status":"closed","template":"","meta":{"footnotes":""},"class_list":["post-988645","page","type-page","status-publish","hentry"],"_links":{"self":[{"href":"https:\/\/amp.fspac.ubbcluj.ro\/english\/wp-json\/wp\/v2\/pages\/988645","targetHints":{"allow":["GET"]}}],"collection":[{"href":"https:\/\/amp.fspac.ubbcluj.ro\/english\/wp-json\/wp\/v2\/pages"}],"about":[{"href":"https:\/\/amp.fspac.ubbcluj.ro\/english\/wp-json\/wp\/v2\/types\/page"}],"author":[{"embeddable":true,"href":"https:\/\/amp.fspac.ubbcluj.ro\/english\/wp-json\/wp\/v2\/users\/1"}],"replies":[{"embeddable":true,"href":"https:\/\/amp.fspac.ubbcluj.ro\/english\/wp-json\/wp\/v2\/comments?post=988645"}],"version-history":[{"count":13,"href":"https:\/\/amp.fspac.ubbcluj.ro\/english\/wp-json\/wp\/v2\/pages\/988645\/revisions"}],"predecessor-version":[{"id":988995,"href":"https:\/\/amp.fspac.ubbcluj.ro\/english\/wp-json\/wp\/v2\/pages\/988645\/revisions\/988995"}],"wp:attachment":[{"href":"https:\/\/amp.fspac.ubbcluj.ro\/english\/wp-json\/wp\/v2\/media?parent=988645"}],"curies":[{"name":"wp","href":"https:\/\/api.w.org\/{rel}","templated":true}]}}