{"id":988657,"date":"2023-02-05T17:52:56","date_gmt":"2023-02-05T17:52:56","guid":{"rendered":"https:\/\/amp.fspac.ubbcluj.ro\/english\/?page_id=988657"},"modified":"2023-02-05T21:58:08","modified_gmt":"2023-02-05T21:58:08","slug":"internship-in-institutii-publice-si-non-profit","status":"publish","type":"page","link":"https:\/\/amp.fspac.ubbcluj.ro\/english\/internship-in-institutii-publice-si-non-profit\/","title":{"rendered":"Internship \u00een institu\u021bii publice \u0219i non-profit"},"content":{"rendered":"\t\t<div data-elementor-type=\"wp-page\" data-elementor-id=\"988657\" class=\"elementor elementor-988657\" data-elementor-post-type=\"page\">\n\t\t\t\t\t\t\t\t\t<section data-particle_enable=\"false\" data-particle-mobile-disabled=\"false\" class=\"elementor-section elementor-top-section elementor-element elementor-element-3c40c12 elementor-section-height-min-height elementor-section-boxed elementor-section-height-default elementor-section-items-middle\" data-id=\"3c40c12\" data-element_type=\"section\" data-settings=\"{&quot;background_background&quot;:&quot;classic&quot;,&quot;animation&quot;:&quot;none&quot;,&quot;ekit_has_onepagescroll_dot&quot;:&quot;yes&quot;}\">\n\t\t\t\t\t\t<div class=\"elementor-container elementor-column-gap-default\">\n\t\t\t\t\t<div class=\"elementor-column elementor-col-100 elementor-top-column elementor-element elementor-element-1bb13b64\" data-id=\"1bb13b64\" data-element_type=\"column\" data-settings=\"{&quot;background_background&quot;:&quot;classic&quot;}\">\n\t\t\t<div class=\"elementor-widget-wrap\">\n\t\t\t\t\t\t\t\t\t<\/div>\n\t\t<\/div>\n\t\t\t\t\t\t\t<\/div>\n\t\t<\/section>\n\t\t\t\t<section data-particle_enable=\"false\" data-particle-mobile-disabled=\"false\" class=\"elementor-section elementor-top-section elementor-element elementor-element-55f925de elementor-section-boxed elementor-section-height-default elementor-section-height-default\" data-id=\"55f925de\" data-element_type=\"section\" data-settings=\"{&quot;animation&quot;:&quot;none&quot;,&quot;animation_tablet&quot;:&quot;none&quot;,&quot;animation_mobile&quot;:&quot;none&quot;,&quot;ekit_has_onepagescroll_dot&quot;:&quot;yes&quot;}\">\n\t\t\t\t\t\t<div class=\"elementor-container elementor-column-gap-no\">\n\t\t\t\t\t<div class=\"elementor-column elementor-col-50 elementor-top-column elementor-element elementor-element-7fc4130a animated-fast elementor-invisible\" data-id=\"7fc4130a\" data-element_type=\"column\" data-settings=\"{&quot;background_background&quot;:&quot;classic&quot;,&quot;animation&quot;:&quot;fadeIn&quot;,&quot;animation_delay&quot;:100}\">\n\t\t\t<div class=\"elementor-widget-wrap elementor-element-populated\">\n\t\t\t\t\t\t\t\t<div class=\"elementor-element elementor-element-4e7c6acb elementor-widget__width-auto elementor-widget-tablet__width-auto elementor-widget-mobile__width-inherit elementor-widget elementor-widget-heading\" data-id=\"4e7c6acb\" data-element_type=\"widget\" data-settings=\"{&quot;_animation&quot;:&quot;none&quot;,&quot;_animation_delay&quot;:200,&quot;ekit_we_effect_on&quot;:&quot;none&quot;}\" data-widget_type=\"heading.heading_charityfy\">\n\t\t\t\t<div class=\"elementor-widget-container\">\n\t\t\t<h1 class=\"elementor-heading-title elementor-size-default\">Internship \u00een institu\u021bii publice \u0219i non-profit<\/h1>\t\t<\/div>\n\t\t\t\t<\/div>\n\t\t\t\t<div class=\"elementor-element elementor-element-2a6a52d elementor-widget elementor-widget-text-editor\" data-id=\"2a6a52d\" data-element_type=\"widget\" data-settings=\"{&quot;_animation&quot;:&quot;none&quot;,&quot;_animation_delay&quot;:300,&quot;ekit_we_effect_on&quot;:&quot;none&quot;}\" data-widget_type=\"text-editor.default\">\n\t\t\t\t<div class=\"elementor-widget-container\">\n\t\t\t\t\t\t\t<p>Form\u0103m profesioni\u0219ti din 1996.<\/p>\t\t\t\t\t\t<\/div>\n\t\t\t\t<\/div>\n\t\t\t\t\t<\/div>\n\t\t<\/div>\n\t\t\t\t<div class=\"elementor-column elementor-col-50 elementor-top-column elementor-element elementor-element-3b5ab089 elementor-hidden-desktop elementor-hidden-tablet elementor-hidden-phone\" data-id=\"3b5ab089\" data-element_type=\"column\">\n\t\t\t<div class=\"elementor-widget-wrap\">\n\t\t\t\t\t\t\t\t\t<\/div>\n\t\t<\/div>\n\t\t\t\t\t\t\t<\/div>\n\t\t<\/section>\n\t\t\t\t<section data-particle_enable=\"false\" data-particle-mobile-disabled=\"false\" class=\"elementor-section elementor-top-section elementor-element elementor-element-de3ee40 elementor-section-content-middle elementor-section-boxed elementor-section-height-default elementor-section-height-default\" data-id=\"de3ee40\" data-element_type=\"section\" data-settings=\"{&quot;ekit_has_onepagescroll_dot&quot;:&quot;yes&quot;}\">\n\t\t\t\t\t\t<div class=\"elementor-container elementor-column-gap-no\">\n\t\t\t\t\t<div class=\"elementor-column elementor-col-50 elementor-top-column elementor-element elementor-element-7a44bf4\" data-id=\"7a44bf4\" data-element_type=\"column\">\n\t\t\t<div class=\"elementor-widget-wrap elementor-element-populated\">\n\t\t\t\t\t\t\t\t<div class=\"elementor-element elementor-element-d6905ae elementor-widget-divider--view-line elementor-widget elementor-widget-divider\" data-id=\"d6905ae\" data-element_type=\"widget\" data-settings=\"{&quot;ekit_we_effect_on&quot;:&quot;none&quot;}\" data-widget_type=\"divider.default\">\n\t\t\t\t<div class=\"elementor-widget-container\">\n\t\t\t\t\t<div class=\"elementor-divider\">\n\t\t\t<span class=\"elementor-divider-separator\">\n\t\t\t\t\t\t<\/span>\n\t\t<\/div>\n\t\t\t\t<\/div>\n\t\t\t\t<\/div>\n\t\t\t\t<div class=\"elementor-element elementor-element-ce8246c elementor-widget elementor-widget-heading\" data-id=\"ce8246c\" data-element_type=\"widget\" data-settings=\"{&quot;ekit_we_effect_on&quot;:&quot;none&quot;}\" data-widget_type=\"heading.default\">\n\t\t\t\t<div class=\"elementor-widget-container\">\n\t\t\t<h4 class=\"elementor-heading-title elementor-size-default\">scurt istoric<\/h4>\t\t<\/div>\n\t\t\t\t<\/div>\n\t\t\t\t\t<\/div>\n\t\t<\/div>\n\t\t\t\t<div class=\"elementor-column elementor-col-50 elementor-top-column elementor-element elementor-element-5d08388\" data-id=\"5d08388\" data-element_type=\"column\">\n\t\t\t<div class=\"elementor-widget-wrap elementor-element-populated\">\n\t\t\t\t\t\t\t\t<div class=\"elementor-element elementor-element-9d078a1 elementor-widget elementor-widget-text-editor\" data-id=\"9d078a1\" data-element_type=\"widget\" data-settings=\"{&quot;ekit_we_effect_on&quot;:&quot;none&quot;}\" data-widget_type=\"text-editor.default\">\n\t\t\t\t<div class=\"elementor-widget-container\">\n\t\t\t\t\t\t\t<p>De peste 15 ani, AMP dezvolt\u0103 \u0219i implementeaz\u0103 anual un program de internship destinat studen\u021bilor programelor noastre de la nivel licen\u021b\u0103 \u0219i master. Particularitatea acestui program de internship este c\u0103 se axeaz\u0103 pe institu\u021bii publice \u0219i non-profit care deruleaz\u0103 activit\u0103\u021bi \u00een sfera administra\u021biei publice sau \u00een parteneriat cu institu\u021bii ale administra\u021biei publice locale. Scopul programului este de a le facilita studen\u021bilor o interac\u021biune de mai lung\u0103 durat\u0103 dec\u00e2t \u00een cazul practicii profesionale cu institu\u021biile publice \u0219i non-profit \u0219i de a cre\u0219te angajabilitatea acestora pe pia\u021ba muncii.<\/p><p>Intershipul se deruleaz\u0103 \u00een fiecare an pe o perioad\u0103 de minim 3 luni (4h pe zi), \u00een semestrul 2, de obicei cu \u00eencepere din luna martie sau aprilie. Coordonatorul programului este\u00a0Cristina Hin\u021bea (<strong><span class=\"obfuscated-link-text\">cristina.hintea@fspac.ro<\/span><\/strong>).<\/p><p>Ne m\u00e2ndrim \u00een cadrul programului cu parteneri institu\u021bionali de \u00eencredere \u0219i cu o rat\u0103 mare de angajare a unor studen\u021bi ulterior finaliz\u0103rii programului de intership.<\/p>\t\t\t\t\t\t<\/div>\n\t\t\t\t<\/div>\n\t\t\t\t\t<\/div>\n\t\t<\/div>\n\t\t\t\t\t\t\t<\/div>\n\t\t<\/section>\n\t\t\t\t<section data-particle_enable=\"false\" data-particle-mobile-disabled=\"false\" class=\"elementor-section elementor-top-section elementor-element elementor-element-e6c795a elementor-section-content-middle elementor-section-boxed elementor-section-height-default elementor-section-height-default\" data-id=\"e6c795a\" data-element_type=\"section\" data-settings=\"{&quot;ekit_has_onepagescroll_dot&quot;:&quot;yes&quot;}\">\n\t\t\t\t\t\t<div class=\"elementor-container elementor-column-gap-no\">\n\t\t\t\t\t<div class=\"elementor-column elementor-col-50 elementor-top-column elementor-element elementor-element-fe3320d\" data-id=\"fe3320d\" data-element_type=\"column\">\n\t\t\t<div class=\"elementor-widget-wrap elementor-element-populated\">\n\t\t\t\t\t\t\t\t<div class=\"elementor-element elementor-element-f7693bd elementor-widget-divider--view-line elementor-widget elementor-widget-divider\" data-id=\"f7693bd\" data-element_type=\"widget\" data-settings=\"{&quot;ekit_we_effect_on&quot;:&quot;none&quot;}\" data-widget_type=\"divider.default\">\n\t\t\t\t<div class=\"elementor-widget-container\">\n\t\t\t\t\t<div class=\"elementor-divider\">\n\t\t\t<span class=\"elementor-divider-separator\">\n\t\t\t\t\t\t<\/span>\n\t\t<\/div>\n\t\t\t\t<\/div>\n\t\t\t\t<\/div>\n\t\t\t\t<div class=\"elementor-element elementor-element-74e8c6f elementor-widget elementor-widget-heading\" data-id=\"74e8c6f\" data-element_type=\"widget\" data-settings=\"{&quot;ekit_we_effect_on&quot;:&quot;none&quot;}\" data-widget_type=\"heading.default\">\n\t\t\t\t<div class=\"elementor-widget-container\">\n\t\t\t<h4 class=\"elementor-heading-title elementor-size-default\">Institu\u021bii partenere unde se va desf\u0103\u0219ura programul de internship \u00een 2020:\n<\/h4>\t\t<\/div>\n\t\t\t\t<\/div>\n\t\t\t\t\t<\/div>\n\t\t<\/div>\n\t\t\t\t<div class=\"elementor-column elementor-col-50 elementor-top-column elementor-element elementor-element-67eec1c\" data-id=\"67eec1c\" data-element_type=\"column\">\n\t\t\t<div class=\"elementor-widget-wrap elementor-element-populated\">\n\t\t\t\t\t\t\t\t<div class=\"elementor-element elementor-element-5a82d89 elementor-widget elementor-widget-text-editor\" data-id=\"5a82d89\" data-element_type=\"widget\" data-settings=\"{&quot;ekit_we_effect_on&quot;:&quot;none&quot;}\" data-widget_type=\"text-editor.default\">\n\t\t\t\t<div class=\"elementor-widget-container\">\n\t\t\t\t\t\t\t<ul><li>Prim\u0103ria municipiului Cluj-Napoca<\/li><li><a href=\"https:\/\/www.apubb.ro\/download_file\/view\/429\/271\">Consiliul Jude\u021bean Cluj<\/a><\/li><li><a href=\"https:\/\/www.apubb.ro\/download_file\/view\/427\/271\">Asocia\u021bia pentru Rela\u021bii Comunitare<\/a><\/li><li><a href=\"https:\/\/www.apubb.ro\/download_file\/view\/424\/271\">Institu\u021bia Prefectului Jude\u021bul Cluj<\/a><\/li><li><a href=\"https:\/\/www.apubb.ro\/download_file\/view\/248\/271\">Oficiul Programelor Europene \u2013 Universitatea Babe\u0219 Bolyai<\/a><\/li><li><a href=\"https:\/\/www.apubb.ro\/download_file\/view\/425\/271\">Aries Transilvania<\/a><\/li><li><a href=\"https:\/\/www.apubb.ro\/download_file\/view\/426\/271\">Funda\u0163ia Dezvoltarea Popoarelor &#8211; Filiala Cluj<\/a><\/li><\/ul>\t\t\t\t\t\t<\/div>\n\t\t\t\t<\/div>\n\t\t\t\t\t<\/div>\n\t\t<\/div>\n\t\t\t\t\t\t\t<\/div>\n\t\t<\/section>\n\t\t\t\t<section data-particle_enable=\"false\" data-particle-mobile-disabled=\"false\" class=\"elementor-section elementor-top-section elementor-element elementor-element-60523bb elementor-section-content-middle elementor-section-boxed elementor-section-height-default elementor-section-height-default\" data-id=\"60523bb\" data-element_type=\"section\" data-settings=\"{&quot;ekit_has_onepagescroll_dot&quot;:&quot;yes&quot;}\">\n\t\t\t\t\t\t<div class=\"elementor-container elementor-column-gap-no\">\n\t\t\t\t\t<div class=\"elementor-column elementor-col-50 elementor-top-column elementor-element elementor-element-2e8d71a\" data-id=\"2e8d71a\" data-element_type=\"column\">\n\t\t\t<div class=\"elementor-widget-wrap elementor-element-populated\">\n\t\t\t\t\t\t\t\t<div class=\"elementor-element elementor-element-a5c0ebd elementor-widget-divider--view-line elementor-widget elementor-widget-divider\" data-id=\"a5c0ebd\" data-element_type=\"widget\" data-settings=\"{&quot;ekit_we_effect_on&quot;:&quot;none&quot;}\" data-widget_type=\"divider.default\">\n\t\t\t\t<div class=\"elementor-widget-container\">\n\t\t\t\t\t<div class=\"elementor-divider\">\n\t\t\t<span class=\"elementor-divider-separator\">\n\t\t\t\t\t\t<\/span>\n\t\t<\/div>\n\t\t\t\t<\/div>\n\t\t\t\t<\/div>\n\t\t\t\t<div class=\"elementor-element elementor-element-9da7222 elementor-widget elementor-widget-heading\" data-id=\"9da7222\" data-element_type=\"widget\" data-settings=\"{&quot;ekit_we_effect_on&quot;:&quot;none&quot;}\" data-widget_type=\"heading.default\">\n\t\t\t\t<div class=\"elementor-widget-container\">\n\t\t\t<h4 class=\"elementor-heading-title elementor-size-default\">Cum aplici?<\/h4>\t\t<\/div>\n\t\t\t\t<\/div>\n\t\t\t\t\t<\/div>\n\t\t<\/div>\n\t\t\t\t<div class=\"elementor-column elementor-col-50 elementor-top-column elementor-element elementor-element-bd67f10\" data-id=\"bd67f10\" data-element_type=\"column\">\n\t\t\t<div class=\"elementor-widget-wrap elementor-element-populated\">\n\t\t\t\t\t\t\t\t<div class=\"elementor-element elementor-element-03c5be4 elementor-widget elementor-widget-text-editor\" data-id=\"03c5be4\" data-element_type=\"widget\" data-settings=\"{&quot;ekit_we_effect_on&quot;:&quot;none&quot;}\" data-widget_type=\"text-editor.default\">\n\t\t\t\t<div class=\"elementor-widget-container\">\n\t\t\t\t\t\t\t<ul><li>depui dosarul de concurs (CV \u0219i scrisoare de inten\u021bie) p\u00e2n\u0103 \u00een\u00a0<strong>25.02.2020, ora 15:00<\/strong>\u00a0la secretariat masterate (9:00-15:00)<\/li><li>vii la interviu \u00een<strong>\u00a026.02.2020, ora 12:00<\/strong>, Sala de consiliu, FSPAC 1, parter<\/li><\/ul>\t\t\t\t\t\t<\/div>\n\t\t\t\t<\/div>\n\t\t\t\t\t<\/div>\n\t\t<\/div>\n\t\t\t\t\t\t\t<\/div>\n\t\t<\/section>\n\t\t\t\t<section data-particle_enable=\"false\" data-particle-mobile-disabled=\"false\" class=\"elementor-section elementor-top-section elementor-element elementor-element-875a35e elementor-section-boxed elementor-section-height-default elementor-section-height-default\" data-id=\"875a35e\" data-element_type=\"section\" data-settings=\"{&quot;background_background&quot;:&quot;classic&quot;,&quot;ekit_has_onepagescroll_dot&quot;:&quot;yes&quot;}\">\n\t\t\t\t\t\t<div class=\"elementor-container elementor-column-gap-default\">\n\t\t\t\t\t<div class=\"elementor-column elementor-col-33 elementor-top-column elementor-element elementor-element-be618b7\" data-id=\"be618b7\" data-element_type=\"column\">\n\t\t\t<div class=\"elementor-widget-wrap elementor-element-populated\">\n\t\t\t\t\t\t\t\t<div class=\"elementor-element elementor-element-f056339 elementor-widget__width-auto elementor-widget elementor-widget-heading\" data-id=\"f056339\" data-element_type=\"widget\" data-settings=\"{&quot;ekit_we_effect_on&quot;:&quot;none&quot;}\" data-widget_type=\"heading.default\">\n\t\t\t\t<div class=\"elementor-widget-container\">\n\t\t\t<h3 class=\"elementor-heading-title elementor-size-default\">Vrei mai multe informa\u021bii?<\/h3>\t\t<\/div>\n\t\t\t\t<\/div>\n\t\t\t\t\t<\/div>\n\t\t<\/div>\n\t\t\t\t<div class=\"elementor-column elementor-col-33 elementor-top-column elementor-element elementor-element-7ed8966\" data-id=\"7ed8966\" data-element_type=\"column\">\n\t\t\t<div class=\"elementor-widget-wrap elementor-element-populated\">\n\t\t\t\t\t\t\t\t<div class=\"elementor-element elementor-element-c9ae428 elementor-widget__width-auto elementor-widget elementor-widget-text-editor\" data-id=\"c9ae428\" data-element_type=\"widget\" data-settings=\"{&quot;ekit_we_effect_on&quot;:&quot;none&quot;}\" data-widget_type=\"text-editor.default\">\n\t\t\t\t<div class=\"elementor-widget-container\">\n\t\t\t\t\t\t\t<p>Cau\u021bi ceva anume \u0219i nu reu\u0219e\u0219ti s\u0103 g\u0103se\u0219ti? Nicio problem\u0103! D\u0103-ne un semn \u0219i te ajut\u0103m noi. Sau poate vrei s\u0103 treci pe la noi ca s\u0103 vezi facultatea \u0219i campusul? Excelent, spune-ne c\u00e2nd \u0219i de restul ne ocup\u0103m noi!<\/p>\t\t\t\t\t\t<\/div>\n\t\t\t\t<\/div>\n\t\t\t\t\t<\/div>\n\t\t<\/div>\n\t\t\t\t<div class=\"elementor-column elementor-col-33 elementor-top-column elementor-element elementor-element-3ff6b71\" data-id=\"3ff6b71\" data-element_type=\"column\" data-settings=\"{&quot;background_background&quot;:&quot;classic&quot;}\">\n\t\t\t<div class=\"elementor-widget-wrap elementor-element-populated\">\n\t\t\t\t\t\t\t\t<div class=\"elementor-element elementor-element-6f552f3 elementor-align-justify elementor-mobile-align-left vamtam-has-underline-anim elementor-widget elementor-widget-button\" data-id=\"6f552f3\" data-element_type=\"widget\" data-settings=\"{&quot;ekit_we_effect_on&quot;:&quot;none&quot;}\" data-widget_type=\"button.default\">\n\t\t\t\t<div class=\"elementor-widget-container\">\n\t\t\t\t\t<div class=\"elementor-button-wrapper\">\n\t\t\t<a class=\"elementor-button elementor-button-link elementor-size-sm\" href=\"https:\/\/amp.fspac.ubbcluj.ro\/english\/contact\/\">\n\t\t\t\t\t\t<span class=\"elementor-button-content-wrapper\">\n\t\t\t\t\t\t<span class=\"elementor-button-icon elementor-align-icon-right\">\n\t\t\t\t<i aria-hidden=\"true\" class=\"vamtamtheme- vamtam-theme-arrow-right\"><\/i>\t\t\t<\/span>\n\t\t\t\t\t\t<span class=\"elementor-button-text\">Contacteaz\u0103-ne<\/span>\n\t\t<\/span>\n\t\t\t\t\t<\/a>\n\t\t<\/div>\n\t\t\t\t<\/div>\n\t\t\t\t<\/div>\n\t\t\t\t\t<\/div>\n\t\t<\/div>\n\t\t\t\t\t\t\t<\/div>\n\t\t<\/section>\n\t\t\t\t\t\t\t<\/div>\n\t\t","protected":false},"excerpt":{"rendered":"<p>Internship \u00een institu\u021bii publice \u0219i non-profit Form\u0103m profesioni\u0219ti din 1996. scurt istoric De peste 15 ani, AMP dezvolt\u0103 \u0219i implementeaz\u0103 anual un program de internship destinat studen\u021bilor programelor noastre de la nivel licen\u021b\u0103 \u0219i master. Particularitatea acestui program de internship este c\u0103 se axeaz\u0103 pe institu\u021bii publice \u0219i non-profit care deruleaz\u0103 activit\u0103\u021bi \u00een sfera administra\u021biei&#8230;<\/p>\n","protected":false},"author":1,"featured_media":0,"parent":0,"menu_order":0,"comment_status":"closed","ping_status":"closed","template":"","meta":{"footnotes":""},"class_list":["post-988657","page","type-page","status-publish","hentry"],"_links":{"self":[{"href":"https:\/\/amp.fspac.ubbcluj.ro\/english\/wp-json\/wp\/v2\/pages\/988657","targetHints":{"allow":["GET"]}}],"collection":[{"href":"https:\/\/amp.fspac.ubbcluj.ro\/english\/wp-json\/wp\/v2\/pages"}],"about":[{"href":"https:\/\/amp.fspac.ubbcluj.ro\/english\/wp-json\/wp\/v2\/types\/page"}],"author":[{"embeddable":true,"href":"https:\/\/amp.fspac.ubbcluj.ro\/english\/wp-json\/wp\/v2\/users\/1"}],"replies":[{"embeddable":true,"href":"https:\/\/amp.fspac.ubbcluj.ro\/english\/wp-json\/wp\/v2\/comments?post=988657"}],"version-history":[{"count":10,"href":"https:\/\/amp.fspac.ubbcluj.ro\/english\/wp-json\/wp\/v2\/pages\/988657\/revisions"}],"predecessor-version":[{"id":988998,"href":"https:\/\/amp.fspac.ubbcluj.ro\/english\/wp-json\/wp\/v2\/pages\/988657\/revisions\/988998"}],"wp:attachment":[{"href":"https:\/\/amp.fspac.ubbcluj.ro\/english\/wp-json\/wp\/v2\/media?parent=988657"}],"curies":[{"name":"wp","href":"https:\/\/api.w.org\/{rel}","templated":true}]}}