{"id":988684,"date":"2023-02-05T18:04:50","date_gmt":"2023-02-05T18:04:50","guid":{"rendered":"https:\/\/amp.fspac.ubbcluj.ro\/english\/?page_id=988684"},"modified":"2023-03-20T08:48:04","modified_gmt":"2023-03-20T08:48:04","slug":"biblioteca","status":"publish","type":"page","link":"https:\/\/amp.fspac.ubbcluj.ro\/english\/biblioteca\/","title":{"rendered":"Bibliotec\u0103"},"content":{"rendered":"\t\t<div data-elementor-type=\"wp-page\" data-elementor-id=\"988684\" class=\"elementor elementor-988684\" data-elementor-post-type=\"page\">\n\t\t\t\t\t\t\t\t\t<section data-particle_enable=\"false\" data-particle-mobile-disabled=\"false\" class=\"elementor-section elementor-top-section elementor-element elementor-element-3c40c12 elementor-section-height-min-height elementor-section-boxed elementor-section-height-default elementor-section-items-middle\" data-id=\"3c40c12\" data-element_type=\"section\" data-settings=\"{&quot;background_background&quot;:&quot;classic&quot;,&quot;animation&quot;:&quot;none&quot;,&quot;ekit_has_onepagescroll_dot&quot;:&quot;yes&quot;}\">\n\t\t\t\t\t\t<div class=\"elementor-container elementor-column-gap-default\">\n\t\t\t\t\t<div class=\"elementor-column elementor-col-100 elementor-top-column elementor-element elementor-element-1bb13b64\" data-id=\"1bb13b64\" data-element_type=\"column\" data-settings=\"{&quot;background_background&quot;:&quot;classic&quot;}\">\n\t\t\t<div class=\"elementor-widget-wrap\">\n\t\t\t\t\t\t\t\t\t<\/div>\n\t\t<\/div>\n\t\t\t\t\t\t\t<\/div>\n\t\t<\/section>\n\t\t\t\t<section data-particle_enable=\"false\" data-particle-mobile-disabled=\"false\" class=\"elementor-section elementor-top-section elementor-element elementor-element-55f925de elementor-section-boxed elementor-section-height-default elementor-section-height-default\" data-id=\"55f925de\" data-element_type=\"section\" data-settings=\"{&quot;animation&quot;:&quot;none&quot;,&quot;animation_tablet&quot;:&quot;none&quot;,&quot;animation_mobile&quot;:&quot;none&quot;,&quot;ekit_has_onepagescroll_dot&quot;:&quot;yes&quot;}\">\n\t\t\t\t\t\t<div class=\"elementor-container elementor-column-gap-no\">\n\t\t\t\t\t<div class=\"elementor-column elementor-col-50 elementor-top-column elementor-element elementor-element-7fc4130a animated-fast elementor-invisible\" data-id=\"7fc4130a\" data-element_type=\"column\" data-settings=\"{&quot;background_background&quot;:&quot;classic&quot;,&quot;animation&quot;:&quot;fadeIn&quot;,&quot;animation_delay&quot;:100}\">\n\t\t\t<div class=\"elementor-widget-wrap elementor-element-populated\">\n\t\t\t\t\t\t\t\t<div class=\"elementor-element elementor-element-4e7c6acb elementor-widget__width-auto elementor-widget-tablet__width-auto elementor-widget-mobile__width-inherit elementor-widget elementor-widget-heading\" data-id=\"4e7c6acb\" data-element_type=\"widget\" data-settings=\"{&quot;_animation&quot;:&quot;none&quot;,&quot;_animation_delay&quot;:200,&quot;ekit_we_effect_on&quot;:&quot;none&quot;}\" data-widget_type=\"heading.heading_charityfy\">\n\t\t\t\t<div class=\"elementor-widget-container\">\n\t\t\t<h1 class=\"elementor-heading-title elementor-size-default\">Bibliotec\u0103<\/h1>\t\t<\/div>\n\t\t\t\t<\/div>\n\t\t\t\t<div class=\"elementor-element elementor-element-2a6a52d elementor-widget elementor-widget-text-editor\" data-id=\"2a6a52d\" data-element_type=\"widget\" data-settings=\"{&quot;_animation&quot;:&quot;none&quot;,&quot;_animation_delay&quot;:300,&quot;ekit_we_effect_on&quot;:&quot;none&quot;}\" data-widget_type=\"text-editor.default\">\n\t\t\t\t<div class=\"elementor-widget-container\">\n\t\t\t\t\t\t\t<p>Form\u0103m profesioni\u0219ti din 1996.<\/p>\t\t\t\t\t\t<\/div>\n\t\t\t\t<\/div>\n\t\t\t\t\t<\/div>\n\t\t<\/div>\n\t\t\t\t<div class=\"elementor-column elementor-col-50 elementor-top-column elementor-element elementor-element-3b5ab089 elementor-hidden-desktop elementor-hidden-tablet elementor-hidden-phone\" data-id=\"3b5ab089\" data-element_type=\"column\">\n\t\t\t<div class=\"elementor-widget-wrap\">\n\t\t\t\t\t\t\t\t\t<\/div>\n\t\t<\/div>\n\t\t\t\t\t\t\t<\/div>\n\t\t<\/section>\n\t\t\t\t<section data-particle_enable=\"false\" data-particle-mobile-disabled=\"false\" class=\"elementor-section elementor-top-section elementor-element elementor-element-a142099 elementor-section-boxed elementor-section-height-default elementor-section-height-default\" data-id=\"a142099\" data-element_type=\"section\" data-settings=\"{&quot;ekit_has_onepagescroll_dot&quot;:&quot;yes&quot;}\">\n\t\t\t\t\t\t<div class=\"elementor-container elementor-column-gap-default\">\n\t\t\t\t\t<div class=\"elementor-column elementor-col-50 elementor-top-column elementor-element elementor-element-797de9c\" data-id=\"797de9c\" data-element_type=\"column\">\n\t\t\t<div class=\"elementor-widget-wrap elementor-element-populated\">\n\t\t\t\t\t\t\t\t<div class=\"elementor-element elementor-element-17a6557 elementor-widget elementor-widget-elementskit-heading\" data-id=\"17a6557\" data-element_type=\"widget\" data-settings=\"{&quot;ekit_we_effect_on&quot;:&quot;none&quot;}\" data-widget_type=\"elementskit-heading.default\">\n\t\t\t\t<div class=\"elementor-widget-container\">\n\t\t\t<div class=\"ekit-wid-con\" ><div class=\"ekit-heading elementskit-section-title-wraper text_left   ekit_heading_tablet-   ekit_heading_mobile-\"><h4 class=\"ekit-heading--title elementskit-section-title \">Bibliotec\u0103<\/h4><div class=\"ekit_heading_separetor_wraper ekit_heading_elementskit-border-divider elementskit-style-long\"><div class=\"elementskit-border-divider elementskit-style-long\"><\/div><\/div><\/div><\/div>\t\t<\/div>\n\t\t\t\t<\/div>\n\t\t\t\t<div class=\"elementor-element elementor-element-373750d elementor-widget elementor-widget-text-editor\" data-id=\"373750d\" data-element_type=\"widget\" data-settings=\"{&quot;ekit_we_effect_on&quot;:&quot;none&quot;}\" data-widget_type=\"text-editor.default\">\n\t\t\t\t<div class=\"elementor-widget-container\">\n\t\t\t\t\t\t\t<p>Unul dintre locurile faine din facultate e biblioteca (la parter), unde te a\u0219teapt\u0103 peste 22.000 de volume \u0219i circa 2000 fascicule de periodice c\u0103rora li se adaug\u0103 regulat noi titluri din domenii precum: gender, sociologie, na\u0163ionalism, ideologii politice, politici comparate, teorie politic\u0103, jurnalism, \u015ftiin\u0163ele comunic\u0103rii, rela\u0163ii interna\u0163ionale, drept, administra\u0163ie public\u0103.<\/p><p>Biblioteca FSPAC a \u00eenceput s\u0103 se formeze din anul 1994, c\u00e2nd Facultatea de \u0218tiin\u021be Politice a beneficiat de sprijinul programului IREX (International Research Exchange) \u015fi de dona\u0163ii de c\u0103r\u0163i \u015fi periodice din partea Funda\u0163iei Soros. \u00cen 1998, Biblioteca Facult\u0103\u0163ii de \u015etiin\u0163e Politice a devenit filiala B.C.U. \u201cLucian Blaga\u201d Cluj-Napoca.<\/p><p>P.S.: \u0102sta-i cel mai lini\u0219tit \u0219i bun loc din \u00eentreg FSPAC (pe l\u00e2ng\u0103 spa\u021biul din fa\u021ba amfiteatrului 101) pentru a-\u021bi scrie proiectele, a \u00eenv\u0103\u021ba pentru un examen sau par\u021bial sau pur \u0219i simplu a citi o carte.<\/p>\t\t\t\t\t\t<\/div>\n\t\t\t\t<\/div>\n\t\t\t\t<div class=\"elementor-element elementor-element-a0d72be elementor-widget elementor-widget-elementskit-heading\" data-id=\"a0d72be\" data-element_type=\"widget\" data-settings=\"{&quot;ekit_we_effect_on&quot;:&quot;none&quot;}\" data-widget_type=\"elementskit-heading.default\">\n\t\t\t\t<div class=\"elementor-widget-container\">\n\t\t\t<div class=\"ekit-wid-con\" ><div class=\"ekit-heading elementskit-section-title-wraper text_left   ekit_heading_tablet-   ekit_heading_mobile-\"><a href=\"https:\/\/bcucluj.ro\/ro\/informatii\/%C3%AEnscrierea-%C3%AEn-bibliotec%C4%83\"><h4 class=\"ekit-heading--title elementskit-section-title \">\u00censcriere la bibliotec\u0103? -&gt; click<\/h4><\/a><div class=\"ekit_heading_separetor_wraper ekit_heading_elementskit-border-divider elementskit-style-long\"><div class=\"elementskit-border-divider elementskit-style-long\"><\/div><\/div><\/div><\/div>\t\t<\/div>\n\t\t\t\t<\/div>\n\t\t\t\t\t<\/div>\n\t\t<\/div>\n\t\t\t\t<div class=\"elementor-column elementor-col-50 elementor-top-column elementor-element elementor-element-ed5af08\" data-id=\"ed5af08\" data-element_type=\"column\">\n\t\t\t<div class=\"elementor-widget-wrap elementor-element-populated\">\n\t\t\t\t\t\t\t\t<div class=\"elementor-element elementor-element-5fbf2ba elementor-widget elementor-widget-elementskit-heading\" data-id=\"5fbf2ba\" data-element_type=\"widget\" data-settings=\"{&quot;ekit_we_effect_on&quot;:&quot;none&quot;}\" data-widget_type=\"elementskit-heading.default\">\n\t\t\t\t<div class=\"elementor-widget-container\">\n\t\t\t<div class=\"ekit-wid-con\" ><div class=\"ekit-heading elementskit-section-title-wraper text_left   ekit_heading_tablet-   ekit_heading_mobile-\"><h4 class=\"ekit-heading--title elementskit-section-title \">Detalii abonament<\/h4><div class=\"ekit_heading_separetor_wraper ekit_heading_elementskit-border-divider elementskit-style-long\"><div class=\"elementskit-border-divider elementskit-style-long\"><\/div><\/div><\/div><\/div>\t\t<\/div>\n\t\t\t\t<\/div>\n\t\t\t\t<div class=\"elementor-element elementor-element-107b6f0 elementor-widget elementor-widget-text-editor\" data-id=\"107b6f0\" data-element_type=\"widget\" data-settings=\"{&quot;ekit_we_effect_on&quot;:&quot;none&quot;}\" data-widget_type=\"text-editor.default\">\n\t\t\t\t<div class=\"elementor-widget-container\">\n\t\t\t\t\t\t\t<p><a href=\"https:\/\/bcucluj.ro\/ro\/informatii\/%C3%AEnscrierea-%C3%AEn-bibliotec%C4%83\"><b>\u00censcriere la bibliotec\u0103<\/b><\/a><\/p><p><strong>Orarul bibliotecii<\/strong>: Luni-Vineri 08:00-20:00<\/p><p><strong>\u00cemprumutul publica\u0163iilor<\/strong>:<\/p><p>Publica\u021biile se \u00eemprumut\u0103 la domiciliu \u00a0pentru 7 zile. Pentru nerespectarea termenului de \u00eemprumut se percepe o tax\u0103 de 5 RON\/zi\/volum.\u00a0<\/p><p><strong>Servicii oferite la sediul FSPAC:<\/strong><\/p><ul><li>Acces la\u00a0<a href=\"http:\/\/aleph.bcucluj.ro:8991\/F\/?func=option-update-lng&amp;file_name=find-b&amp;F2=pc-latin&amp;P_CON_LNG=RUM\" target=\"_blank\" rel=\"noopener\">catalogul online al BCU<\/a><\/li><li>Consultarea publica\u0163iilor \u00een sala de lectur\u0103<\/li><li>Acces la internet<\/li><li><a href=\"https:\/\/www.bcucluj.ro\/ro\/resursele-bibliotecii\/acces-la-resursele-%C5%9Ftiin%C5%A3ifice\" target=\"_blank\" rel=\"noopener\" data-saferedirecturl=\"https:\/\/www.google.com\/url?q=https:\/\/www.bcucluj.ro\/ro\/servicii\/acces-la-literatura-%25C5%259Ftiin%25C5%25A3ific%25C4%2583&amp;source=gmail&amp;ust=1524815459086000&amp;usg=AFQjCNHJvLuWAKygxsezZldxD7zxzLxjrQ\">Acces la resurse stiintifice<\/a><\/li><li>\u00cemprumut la domiciliu<\/li><li><p>Acces la platforma cu bibliografia cursurilor <a href=\"https:\/\/public-view.bcucluj.ro\/\" target=\"_blank\" rel=\"noopener\" data-saferedirecturl=\"https:\/\/www.google.com\/url?q=https:\/\/public-view.bcucluj.ro\/&amp;source=gmail&amp;ust=1679387264533000&amp;usg=AOvVaw34M8ZjbOjrW2rmPbjWR2DW\">https:\/\/public-view.bcucluj.<wbr \/>ro\/<\/a><\/p><\/li><li><p>Asisten\u0163\u0103 \u00een reg\u0103sirea informa\u0163iilor \u015fi utilizarea bibliotecii<\/p><\/li><li><p>\u00centreab\u0103 un bibliotecar: <a href=\"mailto:biblioteca@fspac.ro\" target=\"_blank\" rel=\"noopener\">biblioteca@fspac.ro<\/a>\u00a0; 0771401426<\/p><\/li><\/ul><p><strong>Linkuri utile:<\/strong><\/p><ul><li><a href=\"https:\/\/www.bcucluj.ro\/ro\/servicii\/consultarea-publica%C5%A3iilor-%C3%AEn-s%C4%83lile-de-lectur%C4%83\" target=\"_blank\" rel=\"noopener\" data-saferedirecturl=\"https:\/\/www.google.com\/url?q=https:\/\/www.bcucluj.ro\/ro\/servicii\/consultarea-publica%25C5%25A3iilor-%25C3%25AEn-s%25C4%2583lile-de-lectur%25C4%2583&amp;source=gmail&amp;ust=1524815459086000&amp;usg=AFQjCNFxd95dmq8dVwOqhhZBYgxh9JdZRw\">Servicii oferite utilizatorilor la sediul central BCU<\/a><\/li><li><a href=\"https:\/\/www.bcucluj.ro\/ro\/informatii\/tarife\" target=\"_blank\" rel=\"noopener\" data-saferedirecturl=\"https:\/\/www.google.com\/url?q=https:\/\/www.bcucluj.ro\/ro\/informatii\/tarife&amp;source=gmail&amp;ust=1524815459086000&amp;usg=AFQjCNEkF4jQBxacZ7GKdqH3SbZM_hGbFA\">Tarife acces<\/a><\/li><li><a href=\"https:\/\/bcucluj.ro\/sites\/default\/files\/public\/images\/doc\/regulament_utilizatori_2022-2023.pdf\">Regulamentul pentru utilizatori<\/a><\/li><li><a href=\"https:\/\/www.bcucluj.ro\/ro\/informatii\/%C3%AEntreb%C4%83ri-frecvente#acces%20in%20biblioteca\" target=\"_blank\" rel=\"noopener\" data-saferedirecturl=\"https:\/\/www.google.com\/url?q=https:\/\/www.bcucluj.ro\/ro\/informatii\/%25C3%25AEntreb%25C4%2583ri-frecvente&amp;source=gmail&amp;ust=1524815459086000&amp;usg=AFQjCNF0Y6v2nsRsA5Wzxjq0whggg01ooQ\">\u00centreb\u0103ri frecvente<\/a><\/li><\/ul><p><strong>Bazele de date accesibile<\/strong><\/p><ul><li><a href=\"https:\/\/www.apubb.ro\/download_file\/view\/213\/265\" target=\"_blank\" rel=\"noopener\">Lista resurselor \u0219tiin\u021bifice cu acces la textul integral<\/a><\/li><li><a href=\"https:\/\/www.bcucluj.ro\/ro\/resursele-bibliotecii\/resurse-%C5%9Ftiin%C5%A3ifice-%C3%AEn-testare\" target=\"_blank\" rel=\"noopener\">Resurse \u0219tiin\u021bifice \u00een testare<\/a><\/li><\/ul>\t\t\t\t\t\t<\/div>\n\t\t\t\t<\/div>\n\t\t\t\t\t<\/div>\n\t\t<\/div>\n\t\t\t\t\t\t\t<\/div>\n\t\t<\/section>\n\t\t\t\t<section data-particle_enable=\"false\" data-particle-mobile-disabled=\"false\" class=\"elementor-section elementor-top-section elementor-element elementor-element-875a35e elementor-section-boxed elementor-section-height-default elementor-section-height-default\" data-id=\"875a35e\" data-element_type=\"section\" data-settings=\"{&quot;background_background&quot;:&quot;classic&quot;,&quot;ekit_has_onepagescroll_dot&quot;:&quot;yes&quot;}\">\n\t\t\t\t\t\t<div class=\"elementor-container elementor-column-gap-default\">\n\t\t\t\t\t<div class=\"elementor-column elementor-col-33 elementor-top-column elementor-element elementor-element-be618b7\" data-id=\"be618b7\" data-element_type=\"column\">\n\t\t\t<div class=\"elementor-widget-wrap elementor-element-populated\">\n\t\t\t\t\t\t\t\t<div class=\"elementor-element elementor-element-f056339 elementor-widget__width-auto elementor-widget elementor-widget-heading\" data-id=\"f056339\" data-element_type=\"widget\" data-settings=\"{&quot;ekit_we_effect_on&quot;:&quot;none&quot;}\" data-widget_type=\"heading.default\">\n\t\t\t\t<div class=\"elementor-widget-container\">\n\t\t\t<h3 class=\"elementor-heading-title elementor-size-default\">Vrei mai multe informa\u021bii?<\/h3>\t\t<\/div>\n\t\t\t\t<\/div>\n\t\t\t\t\t<\/div>\n\t\t<\/div>\n\t\t\t\t<div class=\"elementor-column elementor-col-33 elementor-top-column elementor-element elementor-element-7ed8966\" data-id=\"7ed8966\" data-element_type=\"column\">\n\t\t\t<div class=\"elementor-widget-wrap elementor-element-populated\">\n\t\t\t\t\t\t\t\t<div class=\"elementor-element elementor-element-c9ae428 elementor-widget__width-auto elementor-widget elementor-widget-text-editor\" data-id=\"c9ae428\" data-element_type=\"widget\" data-settings=\"{&quot;ekit_we_effect_on&quot;:&quot;none&quot;}\" data-widget_type=\"text-editor.default\">\n\t\t\t\t<div class=\"elementor-widget-container\">\n\t\t\t\t\t\t\t<p>Cau\u021bi ceva anume \u0219i nu reu\u0219e\u0219ti s\u0103 g\u0103se\u0219ti? Nicio problem\u0103! D\u0103-ne un semn \u0219i te ajut\u0103m noi. Sau poate vrei s\u0103 treci pe la noi ca s\u0103 vezi facultatea \u0219i campusul? Excelent, spune-ne c\u00e2nd \u0219i de restul ne ocup\u0103m noi!<\/p>\t\t\t\t\t\t<\/div>\n\t\t\t\t<\/div>\n\t\t\t\t\t<\/div>\n\t\t<\/div>\n\t\t\t\t<div class=\"elementor-column elementor-col-33 elementor-top-column elementor-element elementor-element-3ff6b71\" data-id=\"3ff6b71\" data-element_type=\"column\" data-settings=\"{&quot;background_background&quot;:&quot;classic&quot;}\">\n\t\t\t<div class=\"elementor-widget-wrap elementor-element-populated\">\n\t\t\t\t\t\t\t\t<div class=\"elementor-element elementor-element-6f552f3 elementor-align-justify elementor-mobile-align-left vamtam-has-underline-anim elementor-widget elementor-widget-button\" data-id=\"6f552f3\" data-element_type=\"widget\" data-settings=\"{&quot;ekit_we_effect_on&quot;:&quot;none&quot;}\" data-widget_type=\"button.default\">\n\t\t\t\t<div class=\"elementor-widget-container\">\n\t\t\t\t\t<div class=\"elementor-button-wrapper\">\n\t\t\t<a class=\"elementor-button elementor-button-link elementor-size-sm\" href=\"https:\/\/amp.fspac.ubbcluj.ro\/english\/contact\/\">\n\t\t\t\t\t\t<span class=\"elementor-button-content-wrapper\">\n\t\t\t\t\t\t<span class=\"elementor-button-icon elementor-align-icon-right\">\n\t\t\t\t<i aria-hidden=\"true\" class=\"vamtamtheme- vamtam-theme-arrow-right\"><\/i>\t\t\t<\/span>\n\t\t\t\t\t\t<span class=\"elementor-button-text\">Contacteaz\u0103-ne<\/span>\n\t\t<\/span>\n\t\t\t\t\t<\/a>\n\t\t<\/div>\n\t\t\t\t<\/div>\n\t\t\t\t<\/div>\n\t\t\t\t\t<\/div>\n\t\t<\/div>\n\t\t\t\t\t\t\t<\/div>\n\t\t<\/section>\n\t\t\t\t\t\t\t<\/div>\n\t\t","protected":false},"excerpt":{"rendered":"<p>Bibliotec\u0103 Form\u0103m profesioni\u0219ti din 1996. Bibliotec\u0103 Unul dintre locurile faine din facultate e biblioteca (la parter), unde te a\u0219teapt\u0103 peste 22.000 de volume \u0219i circa 2000 fascicule de periodice c\u0103rora li se adaug\u0103 regulat noi titluri din domenii precum: gender, sociologie, na\u0163ionalism, ideologii politice, politici comparate, teorie politic\u0103, jurnalism, \u015ftiin\u0163ele comunic\u0103rii, rela\u0163ii interna\u0163ionale, drept, administra\u0163ie&#8230;<\/p>\n","protected":false},"author":1,"featured_media":0,"parent":0,"menu_order":0,"comment_status":"closed","ping_status":"closed","template":"","meta":{"footnotes":""},"class_list":["post-988684","page","type-page","status-publish","hentry"],"_links":{"self":[{"href":"https:\/\/amp.fspac.ubbcluj.ro\/english\/wp-json\/wp\/v2\/pages\/988684","targetHints":{"allow":["GET"]}}],"collection":[{"href":"https:\/\/amp.fspac.ubbcluj.ro\/english\/wp-json\/wp\/v2\/pages"}],"about":[{"href":"https:\/\/amp.fspac.ubbcluj.ro\/english\/wp-json\/wp\/v2\/types\/page"}],"author":[{"embeddable":true,"href":"https:\/\/amp.fspac.ubbcluj.ro\/english\/wp-json\/wp\/v2\/users\/1"}],"replies":[{"embeddable":true,"href":"https:\/\/amp.fspac.ubbcluj.ro\/english\/wp-json\/wp\/v2\/comments?post=988684"}],"version-history":[{"count":19,"href":"https:\/\/amp.fspac.ubbcluj.ro\/english\/wp-json\/wp\/v2\/pages\/988684\/revisions"}],"predecessor-version":[{"id":989138,"href":"https:\/\/amp.fspac.ubbcluj.ro\/english\/wp-json\/wp\/v2\/pages\/988684\/revisions\/989138"}],"wp:attachment":[{"href":"https:\/\/amp.fspac.ubbcluj.ro\/english\/wp-json\/wp\/v2\/media?parent=988684"}],"curies":[{"name":"wp","href":"https:\/\/api.w.org\/{rel}","templated":true}]}}