{"id":988698,"date":"2023-02-05T18:19:15","date_gmt":"2023-02-05T18:19:15","guid":{"rendered":"https:\/\/amp.fspac.ubbcluj.ro\/english\/?page_id=988698"},"modified":"2023-02-05T21:58:57","modified_gmt":"2023-02-05T21:58:57","slug":"cluburi-studentesti","status":"publish","type":"page","link":"https:\/\/amp.fspac.ubbcluj.ro\/english\/cluburi-studentesti\/","title":{"rendered":"Cluburi studen\u021be\u0219ti"},"content":{"rendered":"\t\t<div data-elementor-type=\"wp-page\" data-elementor-id=\"988698\" class=\"elementor elementor-988698\" data-elementor-post-type=\"page\">\n\t\t\t\t\t\t\t\t\t<section data-particle_enable=\"false\" data-particle-mobile-disabled=\"false\" class=\"elementor-section elementor-top-section elementor-element elementor-element-3c40c12 elementor-section-height-min-height elementor-section-boxed elementor-section-height-default elementor-section-items-middle\" data-id=\"3c40c12\" data-element_type=\"section\" data-settings=\"{&quot;background_background&quot;:&quot;classic&quot;,&quot;animation&quot;:&quot;none&quot;,&quot;ekit_has_onepagescroll_dot&quot;:&quot;yes&quot;}\">\n\t\t\t\t\t\t<div class=\"elementor-container elementor-column-gap-default\">\n\t\t\t\t\t<div class=\"elementor-column elementor-col-100 elementor-top-column elementor-element elementor-element-1bb13b64\" data-id=\"1bb13b64\" data-element_type=\"column\" data-settings=\"{&quot;background_background&quot;:&quot;classic&quot;}\">\n\t\t\t<div class=\"elementor-widget-wrap\">\n\t\t\t\t\t\t\t\t\t<\/div>\n\t\t<\/div>\n\t\t\t\t\t\t\t<\/div>\n\t\t<\/section>\n\t\t\t\t<section data-particle_enable=\"false\" data-particle-mobile-disabled=\"false\" class=\"elementor-section elementor-top-section elementor-element elementor-element-55f925de elementor-section-boxed elementor-section-height-default elementor-section-height-default\" data-id=\"55f925de\" data-element_type=\"section\" data-settings=\"{&quot;animation&quot;:&quot;none&quot;,&quot;animation_tablet&quot;:&quot;none&quot;,&quot;animation_mobile&quot;:&quot;none&quot;,&quot;ekit_has_onepagescroll_dot&quot;:&quot;yes&quot;}\">\n\t\t\t\t\t\t<div class=\"elementor-container elementor-column-gap-no\">\n\t\t\t\t\t<div class=\"elementor-column elementor-col-50 elementor-top-column elementor-element elementor-element-7fc4130a animated-fast elementor-invisible\" data-id=\"7fc4130a\" data-element_type=\"column\" data-settings=\"{&quot;background_background&quot;:&quot;classic&quot;,&quot;animation&quot;:&quot;fadeIn&quot;,&quot;animation_delay&quot;:100}\">\n\t\t\t<div class=\"elementor-widget-wrap elementor-element-populated\">\n\t\t\t\t\t\t\t\t<div class=\"elementor-element elementor-element-4e7c6acb elementor-widget__width-auto elementor-widget-tablet__width-auto elementor-widget-mobile__width-inherit elementor-widget elementor-widget-heading\" data-id=\"4e7c6acb\" data-element_type=\"widget\" data-settings=\"{&quot;_animation&quot;:&quot;none&quot;,&quot;_animation_delay&quot;:200,&quot;ekit_we_effect_on&quot;:&quot;none&quot;}\" data-widget_type=\"heading.heading_charityfy\">\n\t\t\t\t<div class=\"elementor-widget-container\">\n\t\t\t<h1 class=\"elementor-heading-title elementor-size-default\">Cluburi studen\u021be\u0219ti<\/h1>\t\t<\/div>\n\t\t\t\t<\/div>\n\t\t\t\t<div class=\"elementor-element elementor-element-2a6a52d elementor-widget elementor-widget-text-editor\" data-id=\"2a6a52d\" data-element_type=\"widget\" data-settings=\"{&quot;_animation&quot;:&quot;none&quot;,&quot;_animation_delay&quot;:300,&quot;ekit_we_effect_on&quot;:&quot;none&quot;}\" data-widget_type=\"text-editor.default\">\n\t\t\t\t<div class=\"elementor-widget-container\">\n\t\t\t\t\t\t\t<p>Form\u0103m profesioni\u0219ti din 1996.<\/p>\t\t\t\t\t\t<\/div>\n\t\t\t\t<\/div>\n\t\t\t\t\t<\/div>\n\t\t<\/div>\n\t\t\t\t<div class=\"elementor-column elementor-col-50 elementor-top-column elementor-element elementor-element-3b5ab089 elementor-hidden-desktop elementor-hidden-tablet elementor-hidden-phone\" data-id=\"3b5ab089\" data-element_type=\"column\">\n\t\t\t<div class=\"elementor-widget-wrap\">\n\t\t\t\t\t\t\t\t\t<\/div>\n\t\t<\/div>\n\t\t\t\t\t\t\t<\/div>\n\t\t<\/section>\n\t\t\t\t<section data-particle_enable=\"false\" data-particle-mobile-disabled=\"false\" class=\"elementor-section elementor-top-section elementor-element elementor-element-a142099 elementor-section-boxed elementor-section-height-default elementor-section-height-default\" data-id=\"a142099\" data-element_type=\"section\" data-settings=\"{&quot;ekit_has_onepagescroll_dot&quot;:&quot;yes&quot;}\">\n\t\t\t\t\t\t<div class=\"elementor-container elementor-column-gap-default\">\n\t\t\t\t\t<div class=\"elementor-column elementor-col-50 elementor-top-column elementor-element elementor-element-797de9c\" data-id=\"797de9c\" data-element_type=\"column\">\n\t\t\t<div class=\"elementor-widget-wrap elementor-element-populated\">\n\t\t\t\t\t\t\t\t<div class=\"elementor-element elementor-element-17a6557 elementor-widget elementor-widget-elementskit-heading\" data-id=\"17a6557\" data-element_type=\"widget\" data-settings=\"{&quot;ekit_we_effect_on&quot;:&quot;none&quot;}\" data-widget_type=\"elementskit-heading.default\">\n\t\t\t\t<div class=\"elementor-widget-container\">\n\t\t\t<div class=\"ekit-wid-con\" ><div class=\"ekit-heading elementskit-section-title-wraper text_left   ekit_heading_tablet-   ekit_heading_mobile-\"><h4 class=\"ekit-heading--title elementskit-section-title \">CinemAP<\/h4><div class=\"ekit_heading_separetor_wraper ekit_heading_elementskit-border-divider elementskit-style-long\"><div class=\"elementskit-border-divider elementskit-style-long\"><\/div><\/div><\/div><\/div>\t\t<\/div>\n\t\t\t\t<\/div>\n\t\t\t\t<div class=\"elementor-element elementor-element-373750d elementor-widget elementor-widget-text-editor\" data-id=\"373750d\" data-element_type=\"widget\" data-settings=\"{&quot;ekit_we_effect_on&quot;:&quot;none&quot;}\" data-widget_type=\"text-editor.default\">\n\t\t\t\t<div class=\"elementor-widget-container\">\n\t\t\t\t\t\t\t<p>Cinemap este primul proiect extra curricular \u00een cadrul FSPAC, \u00eenceput \u00een 2008. \u00cen fiecare miercuri seara, amfiteatrul 101 este gazda unei proiec\u021bii de film. De la filme documentare, comedie, thrillere, filme cult sau anima\u021bii, Cinemap este clubul de neratat pentru orice iubitor de film.<\/p><p>Studen\u021bii au posibilitatea s\u0103 propun\u0103 filme pentru proiec\u021bie, care sunt ulterior dezb\u0103tute al\u0103turi de public.<\/p><p>Ne g\u0103si\u021bi pe\u00a0<a href=\"https:\/\/web.facebook.com\/cinemapubb\/\" target=\"_blank\" rel=\"noopener\">facebook<\/a>\u00a0unde este anun\u021bat programul s\u0103pt\u0103m\u00e2nal.<\/p><p>Ne vedem \u00een fiecare miercuri de la 20:15, sala 101.<\/p>\t\t\t\t\t\t<\/div>\n\t\t\t\t<\/div>\n\t\t\t\t<div class=\"elementor-element elementor-element-0088154 elementor-widget elementor-widget-image\" data-id=\"0088154\" data-element_type=\"widget\" data-settings=\"{&quot;ekit_we_effect_on&quot;:&quot;none&quot;}\" data-widget_type=\"image.default\">\n\t\t\t\t<div class=\"elementor-widget-container\">\n\t\t\t\t\t\t\t<div class=\"elementor-image\">\n\t\t\t\t\t\t\t\t\t\t\t\t\t\t\t\t\t\t\t\t\t<img fetchpriority=\"high\" decoding=\"async\" width=\"1024\" height=\"567\" src=\"https:\/\/amp.fspac.ubbcluj.ro\/english\/wp-content\/uploads\/2023\/02\/cinemap-1024x567.jpeg\" class=\"attachment-large size-large wp-image-988703\" alt=\"\" srcset=\"https:\/\/amp.fspac.ubbcluj.ro\/english\/wp-content\/uploads\/2023\/02\/cinemap-1024x567.jpeg 1024w, https:\/\/amp.fspac.ubbcluj.ro\/english\/wp-content\/uploads\/2023\/02\/cinemap-300x166.jpeg 300w, https:\/\/amp.fspac.ubbcluj.ro\/english\/wp-content\/uploads\/2023\/02\/cinemap-768x426.jpeg 768w, https:\/\/amp.fspac.ubbcluj.ro\/english\/wp-content\/uploads\/2023\/02\/cinemap-1536x851.jpeg 1536w, https:\/\/amp.fspac.ubbcluj.ro\/english\/wp-content\/uploads\/2023\/02\/cinemap.jpeg 1904w\" sizes=\"(max-width: 1024px) 100vw, 1024px\" \/>\t\t\t\t\t\t\t\t\t\t\t\t\t\t\t\t\t\t\t\t\t\t\t\t<\/div>\n\t\t\t\t\t\t<\/div>\n\t\t\t\t<\/div>\n\t\t\t\t\t<\/div>\n\t\t<\/div>\n\t\t\t\t<div class=\"elementor-column elementor-col-50 elementor-top-column elementor-element elementor-element-ed5af08\" data-id=\"ed5af08\" data-element_type=\"column\">\n\t\t\t<div class=\"elementor-widget-wrap elementor-element-populated\">\n\t\t\t\t\t\t\t\t<div class=\"elementor-element elementor-element-5fbf2ba elementor-widget elementor-widget-elementskit-heading\" data-id=\"5fbf2ba\" data-element_type=\"widget\" data-settings=\"{&quot;ekit_we_effect_on&quot;:&quot;none&quot;}\" data-widget_type=\"elementskit-heading.default\">\n\t\t\t\t<div class=\"elementor-widget-container\">\n\t\t\t<div class=\"ekit-wid-con\" ><div class=\"ekit-heading elementskit-section-title-wraper text_left   ekit_heading_tablet-   ekit_heading_mobile-\"><h4 class=\"ekit-heading--title elementskit-section-title \">Campionatul de Fotbal<\/h4><div class=\"ekit_heading_separetor_wraper ekit_heading_elementskit-border-divider elementskit-style-long\"><div class=\"elementskit-border-divider elementskit-style-long\"><\/div><\/div><\/div><\/div>\t\t<\/div>\n\t\t\t\t<\/div>\n\t\t\t\t<div class=\"elementor-element elementor-element-107b6f0 elementor-widget elementor-widget-text-editor\" data-id=\"107b6f0\" data-element_type=\"widget\" data-settings=\"{&quot;ekit_we_effect_on&quot;:&quot;none&quot;}\" data-widget_type=\"text-editor.default\">\n\t\t\t\t<div class=\"elementor-widget-container\">\n\t\t\t\t\t\t\t<p>Profesorii de la Departamentul de Administra\u0163ie Public\u0103 organizeaz\u0103, \u00een fiecare prim\u0103var\u0103 (de obicei, \u00een luna aprilie sau mai), campionatul de fotbal al facult\u0103\u0163ii, la care sunt invitate s\u0103 participe echipe constituite din studen\u021bi ai fiec\u0103rei specializ\u0103ri din FSPAC. echipa \u00eenving\u0103toare are ocazia s\u0103 joace un meci demonstrativ cu echipa profesorilor din facultate.<\/p><p>Calendarul competi\u021biei va fi anun\u021bat din timp. Pentru orice \u00eentreb\u0103ri, scrie\u021bi la\u00a0<a class=\"obfuscated-link\" href=\"mailto:urs@fspac.ro\"><span class=\"obfuscated-link-text\">urs@fspac.ro<\/span><\/a>.<\/p>\t\t\t\t\t\t<\/div>\n\t\t\t\t<\/div>\n\t\t\t\t<div class=\"elementor-element elementor-element-ab70395 elementor-widget elementor-widget-image\" data-id=\"ab70395\" data-element_type=\"widget\" data-settings=\"{&quot;ekit_we_effect_on&quot;:&quot;none&quot;}\" data-widget_type=\"image.default\">\n\t\t\t\t<div class=\"elementor-widget-container\">\n\t\t\t\t\t\t\t<div class=\"elementor-image\">\n\t\t\t\t\t\t\t\t\t\t\t\t\t\t\t\t\t\t\t\t\t<img decoding=\"async\" width=\"1024\" height=\"527\" src=\"https:\/\/amp.fspac.ubbcluj.ro\/english\/wp-content\/uploads\/2023\/02\/campionatul-od-1024x527.jpg\" class=\"attachment-large size-large wp-image-988465\" alt=\"\" srcset=\"https:\/\/amp.fspac.ubbcluj.ro\/english\/wp-content\/uploads\/2023\/02\/campionatul-od-1024x527.jpg 1024w, https:\/\/amp.fspac.ubbcluj.ro\/english\/wp-content\/uploads\/2023\/02\/campionatul-od-300x155.jpg 300w, https:\/\/amp.fspac.ubbcluj.ro\/english\/wp-content\/uploads\/2023\/02\/campionatul-od-768x396.jpg 768w, https:\/\/amp.fspac.ubbcluj.ro\/english\/wp-content\/uploads\/2023\/02\/campionatul-od-1536x791.jpg 1536w, https:\/\/amp.fspac.ubbcluj.ro\/english\/wp-content\/uploads\/2023\/02\/campionatul-od.jpg 1920w\" sizes=\"(max-width: 1024px) 100vw, 1024px\" \/>\t\t\t\t\t\t\t\t\t\t\t\t\t\t\t\t\t\t\t\t\t\t\t\t<\/div>\n\t\t\t\t\t\t<\/div>\n\t\t\t\t<\/div>\n\t\t\t\t\t<\/div>\n\t\t<\/div>\n\t\t\t\t\t\t\t<\/div>\n\t\t<\/section>\n\t\t\t\t<section data-particle_enable=\"false\" data-particle-mobile-disabled=\"false\" class=\"elementor-section elementor-top-section elementor-element elementor-element-875a35e elementor-section-boxed elementor-section-height-default elementor-section-height-default\" data-id=\"875a35e\" data-element_type=\"section\" data-settings=\"{&quot;background_background&quot;:&quot;classic&quot;,&quot;ekit_has_onepagescroll_dot&quot;:&quot;yes&quot;}\">\n\t\t\t\t\t\t<div class=\"elementor-container elementor-column-gap-default\">\n\t\t\t\t\t<div class=\"elementor-column elementor-col-33 elementor-top-column elementor-element elementor-element-be618b7\" data-id=\"be618b7\" data-element_type=\"column\">\n\t\t\t<div class=\"elementor-widget-wrap elementor-element-populated\">\n\t\t\t\t\t\t\t\t<div class=\"elementor-element elementor-element-f056339 elementor-widget__width-auto elementor-widget elementor-widget-heading\" data-id=\"f056339\" data-element_type=\"widget\" data-settings=\"{&quot;ekit_we_effect_on&quot;:&quot;none&quot;}\" data-widget_type=\"heading.default\">\n\t\t\t\t<div class=\"elementor-widget-container\">\n\t\t\t<h3 class=\"elementor-heading-title elementor-size-default\">Vrei mai multe informa\u021bii?<\/h3>\t\t<\/div>\n\t\t\t\t<\/div>\n\t\t\t\t\t<\/div>\n\t\t<\/div>\n\t\t\t\t<div class=\"elementor-column elementor-col-33 elementor-top-column elementor-element elementor-element-7ed8966\" data-id=\"7ed8966\" data-element_type=\"column\">\n\t\t\t<div class=\"elementor-widget-wrap elementor-element-populated\">\n\t\t\t\t\t\t\t\t<div class=\"elementor-element elementor-element-c9ae428 elementor-widget__width-auto elementor-widget elementor-widget-text-editor\" data-id=\"c9ae428\" data-element_type=\"widget\" data-settings=\"{&quot;ekit_we_effect_on&quot;:&quot;none&quot;}\" data-widget_type=\"text-editor.default\">\n\t\t\t\t<div class=\"elementor-widget-container\">\n\t\t\t\t\t\t\t<p>Cau\u021bi ceva anume \u0219i nu reu\u0219e\u0219ti s\u0103 g\u0103se\u0219ti? Nicio problem\u0103! D\u0103-ne un semn \u0219i te ajut\u0103m noi. Sau poate vrei s\u0103 treci pe la noi ca s\u0103 vezi facultatea \u0219i campusul? Excelent, spune-ne c\u00e2nd \u0219i de restul ne ocup\u0103m noi!<\/p>\t\t\t\t\t\t<\/div>\n\t\t\t\t<\/div>\n\t\t\t\t\t<\/div>\n\t\t<\/div>\n\t\t\t\t<div class=\"elementor-column elementor-col-33 elementor-top-column elementor-element elementor-element-3ff6b71\" data-id=\"3ff6b71\" data-element_type=\"column\" data-settings=\"{&quot;background_background&quot;:&quot;classic&quot;}\">\n\t\t\t<div class=\"elementor-widget-wrap elementor-element-populated\">\n\t\t\t\t\t\t\t\t<div class=\"elementor-element elementor-element-6f552f3 elementor-align-justify elementor-mobile-align-left vamtam-has-underline-anim elementor-widget elementor-widget-button\" data-id=\"6f552f3\" data-element_type=\"widget\" data-settings=\"{&quot;ekit_we_effect_on&quot;:&quot;none&quot;}\" data-widget_type=\"button.default\">\n\t\t\t\t<div class=\"elementor-widget-container\">\n\t\t\t\t\t<div class=\"elementor-button-wrapper\">\n\t\t\t<a class=\"elementor-button elementor-button-link elementor-size-sm\" href=\"https:\/\/amp.fspac.ubbcluj.ro\/english\/contact\/\">\n\t\t\t\t\t\t<span class=\"elementor-button-content-wrapper\">\n\t\t\t\t\t\t<span class=\"elementor-button-icon elementor-align-icon-right\">\n\t\t\t\t<i aria-hidden=\"true\" class=\"vamtamtheme- vamtam-theme-arrow-right\"><\/i>\t\t\t<\/span>\n\t\t\t\t\t\t<span class=\"elementor-button-text\">Contacteaz\u0103-ne<\/span>\n\t\t<\/span>\n\t\t\t\t\t<\/a>\n\t\t<\/div>\n\t\t\t\t<\/div>\n\t\t\t\t<\/div>\n\t\t\t\t\t<\/div>\n\t\t<\/div>\n\t\t\t\t\t\t\t<\/div>\n\t\t<\/section>\n\t\t\t\t\t\t\t<\/div>\n\t\t","protected":false},"excerpt":{"rendered":"<p>Cluburi studen\u021be\u0219ti Form\u0103m profesioni\u0219ti din 1996. CinemAP Cinemap este primul proiect extra curricular \u00een cadrul FSPAC, \u00eenceput \u00een 2008. \u00cen fiecare miercuri seara, amfiteatrul 101 este gazda unei proiec\u021bii de film. De la filme documentare, comedie, thrillere, filme cult sau anima\u021bii, Cinemap este clubul de neratat pentru orice iubitor de film. Studen\u021bii au posibilitatea s\u0103&#8230;<\/p>\n","protected":false},"author":1,"featured_media":0,"parent":0,"menu_order":0,"comment_status":"closed","ping_status":"closed","template":"","meta":{"footnotes":""},"class_list":["post-988698","page","type-page","status-publish","hentry"],"_links":{"self":[{"href":"https:\/\/amp.fspac.ubbcluj.ro\/english\/wp-json\/wp\/v2\/pages\/988698","targetHints":{"allow":["GET"]}}],"collection":[{"href":"https:\/\/amp.fspac.ubbcluj.ro\/english\/wp-json\/wp\/v2\/pages"}],"about":[{"href":"https:\/\/amp.fspac.ubbcluj.ro\/english\/wp-json\/wp\/v2\/types\/page"}],"author":[{"embeddable":true,"href":"https:\/\/amp.fspac.ubbcluj.ro\/english\/wp-json\/wp\/v2\/users\/1"}],"replies":[{"embeddable":true,"href":"https:\/\/amp.fspac.ubbcluj.ro\/english\/wp-json\/wp\/v2\/comments?post=988698"}],"version-history":[{"count":10,"href":"https:\/\/amp.fspac.ubbcluj.ro\/english\/wp-json\/wp\/v2\/pages\/988698\/revisions"}],"predecessor-version":[{"id":989004,"href":"https:\/\/amp.fspac.ubbcluj.ro\/english\/wp-json\/wp\/v2\/pages\/988698\/revisions\/989004"}],"wp:attachment":[{"href":"https:\/\/amp.fspac.ubbcluj.ro\/english\/wp-json\/wp\/v2\/media?parent=988698"}],"curies":[{"name":"wp","href":"https:\/\/api.w.org\/{rel}","templated":true}]}}