{"id":988829,"date":"2023-02-05T20:34:28","date_gmt":"2023-02-05T20:34:28","guid":{"rendered":"https:\/\/amp.fspac.ubbcluj.ro\/english\/?page_id=988829"},"modified":"2023-02-05T21:53:45","modified_gmt":"2023-02-05T21:53:45","slug":"contact-scoala-doctorala","status":"publish","type":"page","link":"https:\/\/amp.fspac.ubbcluj.ro\/english\/contact-scoala-doctorala\/","title":{"rendered":"Contact \u0219coala doctoral\u0103"},"content":{"rendered":"\t\t<div data-elementor-type=\"wp-page\" data-elementor-id=\"988829\" class=\"elementor elementor-988829\" data-elementor-post-type=\"page\">\n\t\t\t\t\t\t\t\t\t<section data-particle_enable=\"false\" data-particle-mobile-disabled=\"false\" class=\"elementor-section elementor-top-section elementor-element elementor-element-3c40c12 elementor-section-height-min-height elementor-section-boxed elementor-section-height-default elementor-section-items-middle\" data-id=\"3c40c12\" data-element_type=\"section\" data-settings=\"{&quot;background_background&quot;:&quot;classic&quot;,&quot;animation&quot;:&quot;none&quot;,&quot;ekit_has_onepagescroll_dot&quot;:&quot;yes&quot;}\">\n\t\t\t\t\t\t<div class=\"elementor-container elementor-column-gap-default\">\n\t\t\t\t\t<div class=\"elementor-column elementor-col-100 elementor-top-column elementor-element elementor-element-1bb13b64\" data-id=\"1bb13b64\" data-element_type=\"column\" data-settings=\"{&quot;background_background&quot;:&quot;classic&quot;}\">\n\t\t\t<div class=\"elementor-widget-wrap\">\n\t\t\t\t\t\t\t\t\t<\/div>\n\t\t<\/div>\n\t\t\t\t\t\t\t<\/div>\n\t\t<\/section>\n\t\t\t\t<section data-particle_enable=\"false\" data-particle-mobile-disabled=\"false\" class=\"elementor-section elementor-top-section elementor-element elementor-element-55f925de elementor-section-boxed elementor-section-height-default elementor-section-height-default\" data-id=\"55f925de\" data-element_type=\"section\" data-settings=\"{&quot;animation&quot;:&quot;none&quot;,&quot;animation_tablet&quot;:&quot;none&quot;,&quot;animation_mobile&quot;:&quot;none&quot;,&quot;ekit_has_onepagescroll_dot&quot;:&quot;yes&quot;}\">\n\t\t\t\t\t\t<div class=\"elementor-container elementor-column-gap-no\">\n\t\t\t\t\t<div class=\"elementor-column elementor-col-50 elementor-top-column elementor-element elementor-element-7fc4130a animated-fast elementor-invisible\" data-id=\"7fc4130a\" data-element_type=\"column\" data-settings=\"{&quot;background_background&quot;:&quot;classic&quot;,&quot;animation&quot;:&quot;fadeIn&quot;,&quot;animation_delay&quot;:100}\">\n\t\t\t<div class=\"elementor-widget-wrap elementor-element-populated\">\n\t\t\t\t\t\t\t\t<div class=\"elementor-element elementor-element-4e7c6acb elementor-widget__width-auto elementor-widget-tablet__width-auto elementor-widget-mobile__width-inherit elementor-widget elementor-widget-heading\" data-id=\"4e7c6acb\" data-element_type=\"widget\" data-settings=\"{&quot;_animation&quot;:&quot;none&quot;,&quot;_animation_delay&quot;:200,&quot;ekit_we_effect_on&quot;:&quot;none&quot;}\" data-widget_type=\"heading.heading_charityfy\">\n\t\t\t\t<div class=\"elementor-widget-container\">\n\t\t\t<h1 class=\"elementor-heading-title elementor-size-default\">Contact Doctorat<\/h1>\t\t<\/div>\n\t\t\t\t<\/div>\n\t\t\t\t<div class=\"elementor-element elementor-element-2a6a52d elementor-widget elementor-widget-text-editor\" data-id=\"2a6a52d\" data-element_type=\"widget\" data-settings=\"{&quot;_animation&quot;:&quot;none&quot;,&quot;_animation_delay&quot;:300,&quot;ekit_we_effect_on&quot;:&quot;none&quot;}\" data-widget_type=\"text-editor.default\">\n\t\t\t\t<div class=\"elementor-widget-container\">\n\t\t\t\t\t\t\t<p>Form\u0103m profesioni\u0219ti din 1996.<\/p>\t\t\t\t\t\t<\/div>\n\t\t\t\t<\/div>\n\t\t\t\t\t<\/div>\n\t\t<\/div>\n\t\t\t\t<div class=\"elementor-column elementor-col-50 elementor-top-column elementor-element elementor-element-3b5ab089 elementor-hidden-desktop elementor-hidden-tablet elementor-hidden-phone\" data-id=\"3b5ab089\" data-element_type=\"column\">\n\t\t\t<div class=\"elementor-widget-wrap\">\n\t\t\t\t\t\t\t\t\t<\/div>\n\t\t<\/div>\n\t\t\t\t\t\t\t<\/div>\n\t\t<\/section>\n\t\t\t\t<section data-particle_enable=\"false\" data-particle-mobile-disabled=\"false\" class=\"elementor-section elementor-top-section elementor-element elementor-element-89c4df3 elementor-section-content-middle elementor-section-boxed elementor-section-height-default elementor-section-height-default\" data-id=\"89c4df3\" data-element_type=\"section\" data-settings=\"{&quot;ekit_has_onepagescroll_dot&quot;:&quot;yes&quot;}\">\n\t\t\t\t\t\t<div class=\"elementor-container elementor-column-gap-no\">\n\t\t\t\t\t<div class=\"elementor-column elementor-col-50 elementor-top-column elementor-element elementor-element-cc59597\" data-id=\"cc59597\" data-element_type=\"column\">\n\t\t\t<div class=\"elementor-widget-wrap elementor-element-populated\">\n\t\t\t\t\t\t\t\t<div class=\"elementor-element elementor-element-51af6e2 elementor-widget-divider--view-line elementor-widget elementor-widget-divider\" data-id=\"51af6e2\" data-element_type=\"widget\" data-settings=\"{&quot;ekit_we_effect_on&quot;:&quot;none&quot;}\" data-widget_type=\"divider.default\">\n\t\t\t\t<div class=\"elementor-widget-container\">\n\t\t\t\t\t<div class=\"elementor-divider\">\n\t\t\t<span class=\"elementor-divider-separator\">\n\t\t\t\t\t\t<\/span>\n\t\t<\/div>\n\t\t\t\t<\/div>\n\t\t\t\t<\/div>\n\t\t\t\t<div class=\"elementor-element elementor-element-76045c8 elementor-widget elementor-widget-image\" data-id=\"76045c8\" data-element_type=\"widget\" data-settings=\"{&quot;ekit_we_effect_on&quot;:&quot;none&quot;}\" data-widget_type=\"image.default\">\n\t\t\t\t<div class=\"elementor-widget-container\">\n\t\t\t\t\t\t\t<div class=\"elementor-image\">\n\t\t\t\t\t\t\t\t\t\t\t\t\t\t\t\t\t\t\t\t\t<img decoding=\"async\" width=\"165\" height=\"165\" src=\"https:\/\/amp.fspac.ubbcluj.ro\/english\/wp-content\/uploads\/2023\/02\/cristina_ciupei.jpg\" class=\"attachment-large size-large wp-image-988833\" alt=\"\" srcset=\"https:\/\/amp.fspac.ubbcluj.ro\/english\/wp-content\/uploads\/2023\/02\/cristina_ciupei.jpg 165w, https:\/\/amp.fspac.ubbcluj.ro\/english\/wp-content\/uploads\/2023\/02\/cristina_ciupei-150x150.jpg 150w\" sizes=\"(max-width: 165px) 100vw, 165px\" \/>\t\t\t\t\t\t\t\t\t\t\t\t\t\t\t\t\t\t\t\t\t\t\t\t<\/div>\n\t\t\t\t\t\t<\/div>\n\t\t\t\t<\/div>\n\t\t\t\t<div class=\"elementor-element elementor-element-f4491cd elementor-widget elementor-widget-heading\" data-id=\"f4491cd\" data-element_type=\"widget\" data-settings=\"{&quot;ekit_we_effect_on&quot;:&quot;none&quot;}\" data-widget_type=\"heading.default\">\n\t\t\t\t<div class=\"elementor-widget-container\">\n\t\t\t<h4 class=\"elementor-heading-title elementor-size-default\">Cristina Ciupei<\/h4>\t\t<\/div>\n\t\t\t\t<\/div>\n\t\t\t\t<div class=\"elementor-element elementor-element-388214c elementor-widget elementor-widget-heading\" data-id=\"388214c\" data-element_type=\"widget\" data-settings=\"{&quot;ekit_we_effect_on&quot;:&quot;none&quot;}\" data-widget_type=\"heading.default\">\n\t\t\t\t<div class=\"elementor-widget-container\">\n\t\t\t<p class=\"elementor-heading-title elementor-size-default\">Secretariat pentru nivel doctorat<\/p>\t\t<\/div>\n\t\t\t\t<\/div>\n\t\t\t\t\t<\/div>\n\t\t<\/div>\n\t\t\t\t<div class=\"elementor-column elementor-col-50 elementor-top-column elementor-element elementor-element-2877611\" data-id=\"2877611\" data-element_type=\"column\">\n\t\t\t<div class=\"elementor-widget-wrap elementor-element-populated\">\n\t\t\t\t\t\t\t\t<div class=\"elementor-element elementor-element-a9b32ce elementor-widget elementor-widget-text-editor\" data-id=\"a9b32ce\" data-element_type=\"widget\" data-settings=\"{&quot;ekit_we_effect_on&quot;:&quot;none&quot;}\" data-widget_type=\"text-editor.default\">\n\t\t\t\t<div class=\"elementor-widget-container\">\n\t\t\t\t\t\t\t<p>Telefon: 0264-431505, Interior 6221<br \/>Email:\u00a0<a class=\"obfuscated-link\" href=\"mailto:ciupei@fspac.ro\"><span class=\"obfuscated-link-text\">ciupei@fspac.ro<\/span><\/a><\/p>\t\t\t\t\t\t<\/div>\n\t\t\t\t<\/div>\n\t\t\t\t\t<\/div>\n\t\t<\/div>\n\t\t\t\t\t\t\t<\/div>\n\t\t<\/section>\n\t\t\t\t<section data-particle_enable=\"false\" data-particle-mobile-disabled=\"false\" class=\"elementor-section elementor-top-section elementor-element elementor-element-875a35e elementor-section-boxed elementor-section-height-default elementor-section-height-default\" data-id=\"875a35e\" data-element_type=\"section\" data-settings=\"{&quot;background_background&quot;:&quot;classic&quot;,&quot;ekit_has_onepagescroll_dot&quot;:&quot;yes&quot;}\">\n\t\t\t\t\t\t<div class=\"elementor-container elementor-column-gap-default\">\n\t\t\t\t\t<div class=\"elementor-column elementor-col-33 elementor-top-column elementor-element elementor-element-be618b7\" data-id=\"be618b7\" data-element_type=\"column\">\n\t\t\t<div class=\"elementor-widget-wrap elementor-element-populated\">\n\t\t\t\t\t\t\t\t<div class=\"elementor-element elementor-element-f056339 elementor-widget__width-auto elementor-widget elementor-widget-heading\" data-id=\"f056339\" data-element_type=\"widget\" data-settings=\"{&quot;ekit_we_effect_on&quot;:&quot;none&quot;}\" data-widget_type=\"heading.default\">\n\t\t\t\t<div class=\"elementor-widget-container\">\n\t\t\t<h3 class=\"elementor-heading-title elementor-size-default\">Vrei mai multe informa\u021bii?<\/h3>\t\t<\/div>\n\t\t\t\t<\/div>\n\t\t\t\t\t<\/div>\n\t\t<\/div>\n\t\t\t\t<div class=\"elementor-column elementor-col-33 elementor-top-column elementor-element elementor-element-7ed8966\" data-id=\"7ed8966\" data-element_type=\"column\">\n\t\t\t<div class=\"elementor-widget-wrap elementor-element-populated\">\n\t\t\t\t\t\t\t\t<div class=\"elementor-element elementor-element-c9ae428 elementor-widget__width-auto elementor-widget elementor-widget-text-editor\" data-id=\"c9ae428\" data-element_type=\"widget\" data-settings=\"{&quot;ekit_we_effect_on&quot;:&quot;none&quot;}\" data-widget_type=\"text-editor.default\">\n\t\t\t\t<div class=\"elementor-widget-container\">\n\t\t\t\t\t\t\t<p>Cau\u021bi ceva anume \u0219i nu reu\u0219e\u0219ti s\u0103 g\u0103se\u0219ti? Nicio problem\u0103! D\u0103-ne un semn \u0219i te ajut\u0103m noi. Sau poate vrei s\u0103 treci pe la noi ca s\u0103 vezi facultatea \u0219i campusul? Excelent, spune-ne c\u00e2nd \u0219i de restul ne ocup\u0103m noi!<\/p>\t\t\t\t\t\t<\/div>\n\t\t\t\t<\/div>\n\t\t\t\t\t<\/div>\n\t\t<\/div>\n\t\t\t\t<div class=\"elementor-column elementor-col-33 elementor-top-column elementor-element elementor-element-3ff6b71\" data-id=\"3ff6b71\" data-element_type=\"column\" data-settings=\"{&quot;background_background&quot;:&quot;classic&quot;}\">\n\t\t\t<div class=\"elementor-widget-wrap elementor-element-populated\">\n\t\t\t\t\t\t\t\t<div class=\"elementor-element elementor-element-6f552f3 elementor-align-justify elementor-mobile-align-left vamtam-has-underline-anim elementor-widget elementor-widget-button\" data-id=\"6f552f3\" data-element_type=\"widget\" data-settings=\"{&quot;ekit_we_effect_on&quot;:&quot;none&quot;}\" data-widget_type=\"button.default\">\n\t\t\t\t<div class=\"elementor-widget-container\">\n\t\t\t\t\t<div class=\"elementor-button-wrapper\">\n\t\t\t<a class=\"elementor-button elementor-button-link elementor-size-sm\" href=\"https:\/\/amp.fspac.ubbcluj.ro\/english\/contact\/\">\n\t\t\t\t\t\t<span class=\"elementor-button-content-wrapper\">\n\t\t\t\t\t\t<span class=\"elementor-button-icon elementor-align-icon-right\">\n\t\t\t\t<i aria-hidden=\"true\" class=\"vamtamtheme- vamtam-theme-arrow-right\"><\/i>\t\t\t<\/span>\n\t\t\t\t\t\t<span class=\"elementor-button-text\">Contacteaz\u0103-ne<\/span>\n\t\t<\/span>\n\t\t\t\t\t<\/a>\n\t\t<\/div>\n\t\t\t\t<\/div>\n\t\t\t\t<\/div>\n\t\t\t\t\t<\/div>\n\t\t<\/div>\n\t\t\t\t\t\t\t<\/div>\n\t\t<\/section>\n\t\t\t\t\t\t\t<\/div>\n\t\t","protected":false},"excerpt":{"rendered":"<p>Contact Doctorat Form\u0103m profesioni\u0219ti din 1996. Cristina Ciupei Secretariat pentru nivel doctorat Telefon: 0264-431505, Interior 6221Email:\u00a0ciupei@fspac.ro Vrei mai multe informa\u021bii? Cau\u021bi ceva anume \u0219i nu reu\u0219e\u0219ti s\u0103 g\u0103se\u0219ti? Nicio problem\u0103! D\u0103-ne un semn \u0219i te ajut\u0103m noi. Sau poate vrei s\u0103 treci pe la noi ca s\u0103 vezi facultatea \u0219i campusul? Excelent, spune-ne c\u00e2nd \u0219i&#8230;<\/p>\n","protected":false},"author":1,"featured_media":0,"parent":0,"menu_order":0,"comment_status":"closed","ping_status":"closed","template":"","meta":{"footnotes":""},"class_list":["post-988829","page","type-page","status-publish","hentry"],"_links":{"self":[{"href":"https:\/\/amp.fspac.ubbcluj.ro\/english\/wp-json\/wp\/v2\/pages\/988829","targetHints":{"allow":["GET"]}}],"collection":[{"href":"https:\/\/amp.fspac.ubbcluj.ro\/english\/wp-json\/wp\/v2\/pages"}],"about":[{"href":"https:\/\/amp.fspac.ubbcluj.ro\/english\/wp-json\/wp\/v2\/types\/page"}],"author":[{"embeddable":true,"href":"https:\/\/amp.fspac.ubbcluj.ro\/english\/wp-json\/wp\/v2\/users\/1"}],"replies":[{"embeddable":true,"href":"https:\/\/amp.fspac.ubbcluj.ro\/english\/wp-json\/wp\/v2\/comments?post=988829"}],"version-history":[{"count":7,"href":"https:\/\/amp.fspac.ubbcluj.ro\/english\/wp-json\/wp\/v2\/pages\/988829\/revisions"}],"predecessor-version":[{"id":988965,"href":"https:\/\/amp.fspac.ubbcluj.ro\/english\/wp-json\/wp\/v2\/pages\/988829\/revisions\/988965"}],"wp:attachment":[{"href":"https:\/\/amp.fspac.ubbcluj.ro\/english\/wp-json\/wp\/v2\/media?parent=988829"}],"curies":[{"name":"wp","href":"https:\/\/api.w.org\/{rel}","templated":true}]}}