{"id":988069,"date":"2023-02-02T20:11:54","date_gmt":"2023-02-02T20:11:54","guid":{"rendered":"https:\/\/amp.fspac.ubbcluj.ro\/maghiara\/?page_id=988069"},"modified":"2023-02-16T08:42:46","modified_gmt":"2023-02-16T08:42:46","slug":"profesori-straini","status":"publish","type":"page","link":"https:\/\/amp.fspac.ubbcluj.ro\/maghiara\/profesori-straini\/","title":{"rendered":"Profesori str\u0103ini"},"content":{"rendered":"\t\t<div data-elementor-type=\"wp-page\" data-elementor-id=\"988069\" class=\"elementor elementor-988069\">\n\t\t\t\t\t\t\t\t\t<section data-particle_enable=\"false\" data-particle-mobile-disabled=\"false\" class=\"elementor-section elementor-top-section elementor-element elementor-element-3c40c12 elementor-section-height-min-height elementor-section-boxed elementor-section-height-default elementor-section-items-middle\" data-id=\"3c40c12\" data-element_type=\"section\" data-settings=\"{&quot;background_background&quot;:&quot;classic&quot;,&quot;animation&quot;:&quot;none&quot;,&quot;ekit_has_onepagescroll_dot&quot;:&quot;yes&quot;}\">\n\t\t\t\t\t\t<div class=\"elementor-container elementor-column-gap-default\">\n\t\t\t\t\t<div class=\"elementor-column elementor-col-100 elementor-top-column elementor-element elementor-element-1bb13b64\" data-id=\"1bb13b64\" data-element_type=\"column\" data-settings=\"{&quot;background_background&quot;:&quot;classic&quot;}\">\n\t\t\t<div class=\"elementor-widget-wrap\">\n\t\t\t\t\t\t\t\t\t<\/div>\n\t\t<\/div>\n\t\t\t\t\t\t\t<\/div>\n\t\t<\/section>\n\t\t\t\t<section data-particle_enable=\"false\" data-particle-mobile-disabled=\"false\" class=\"elementor-section elementor-top-section elementor-element elementor-element-55f925de elementor-section-boxed elementor-section-height-default elementor-section-height-default\" data-id=\"55f925de\" data-element_type=\"section\" data-settings=\"{&quot;animation&quot;:&quot;none&quot;,&quot;animation_tablet&quot;:&quot;none&quot;,&quot;animation_mobile&quot;:&quot;none&quot;,&quot;ekit_has_onepagescroll_dot&quot;:&quot;yes&quot;}\">\n\t\t\t\t\t\t<div class=\"elementor-container elementor-column-gap-no\">\n\t\t\t\t\t<div class=\"elementor-column elementor-col-50 elementor-top-column elementor-element elementor-element-7fc4130a animated-fast elementor-invisible\" data-id=\"7fc4130a\" data-element_type=\"column\" data-settings=\"{&quot;background_background&quot;:&quot;classic&quot;,&quot;animation&quot;:&quot;fadeIn&quot;,&quot;animation_delay&quot;:100}\">\n\t\t\t<div class=\"elementor-widget-wrap elementor-element-populated\">\n\t\t\t\t\t\t\t\t<div class=\"elementor-element elementor-element-4e7c6acb elementor-widget__width-auto elementor-widget-tablet__width-auto elementor-widget-mobile__width-inherit elementor-widget elementor-widget-heading\" data-id=\"4e7c6acb\" data-element_type=\"widget\" data-settings=\"{&quot;_animation&quot;:&quot;none&quot;,&quot;_animation_delay&quot;:200,&quot;ekit_we_effect_on&quot;:&quot;none&quot;}\" data-widget_type=\"heading.heading_charityfy\">\n\t\t\t\t<div class=\"elementor-widget-container\">\n\t\t\t<h1 class=\"elementor-heading-title elementor-size-default\">K\u00fclf\u00f6ldi oktat\u00f3k<\/h1>\t\t<\/div>\n\t\t\t\t<\/div>\n\t\t\t\t<div class=\"elementor-element elementor-element-2a6a52d elementor-widget elementor-widget-text-editor\" data-id=\"2a6a52d\" data-element_type=\"widget\" data-settings=\"{&quot;_animation&quot;:&quot;none&quot;,&quot;_animation_delay&quot;:300,&quot;ekit_we_effect_on&quot;:&quot;none&quot;}\" data-widget_type=\"text-editor.default\">\n\t\t\t\t<div class=\"elementor-widget-container\">\n\t\t\t\t\t\t\t<p>A tanul\u00e1s egy teljes tapasztalat.<\/p>\t\t\t\t\t\t<\/div>\n\t\t\t\t<\/div>\n\t\t\t\t\t<\/div>\n\t\t<\/div>\n\t\t\t\t<div class=\"elementor-column elementor-col-50 elementor-top-column elementor-element elementor-element-3b5ab089 elementor-hidden-desktop elementor-hidden-tablet elementor-hidden-phone\" data-id=\"3b5ab089\" data-element_type=\"column\">\n\t\t\t<div class=\"elementor-widget-wrap\">\n\t\t\t\t\t\t\t\t\t<\/div>\n\t\t<\/div>\n\t\t\t\t\t\t\t<\/div>\n\t\t<\/section>\n\t\t\t\t<section data-particle_enable=\"false\" data-particle-mobile-disabled=\"false\" class=\"elementor-section elementor-top-section elementor-element elementor-element-4180c7bc elementor-section-content-middle elementor-section-boxed elementor-section-height-default elementor-section-height-default\" data-id=\"4180c7bc\" data-element_type=\"section\" data-settings=\"{&quot;ekit_has_onepagescroll_dot&quot;:&quot;yes&quot;}\">\n\t\t\t\t\t\t<div class=\"elementor-container elementor-column-gap-no\">\n\t\t\t\t\t<div class=\"elementor-column elementor-col-50 elementor-top-column elementor-element elementor-element-7c03077\" data-id=\"7c03077\" data-element_type=\"column\">\n\t\t\t<div class=\"elementor-widget-wrap elementor-element-populated\">\n\t\t\t\t\t\t\t\t<div class=\"elementor-element elementor-element-12894ac8 elementor-widget elementor-widget-image\" data-id=\"12894ac8\" data-element_type=\"widget\" data-settings=\"{&quot;ekit_we_effect_on&quot;:&quot;none&quot;}\" data-widget_type=\"image.default\">\n\t\t\t\t<div class=\"elementor-widget-container\">\n\t\t\t\t\t\t\t\t\t\t\t\t\t\t\t<img fetchpriority=\"high\" decoding=\"async\" width=\"655\" height=\"373\" src=\"https:\/\/amp.fspac.ubbcluj.ro\/maghiara\/wp-content\/uploads\/2023\/02\/sidebar_profi-straini.jpg\" class=\"attachment-full size-full wp-image-988072\" alt=\"\" srcset=\"https:\/\/amp.fspac.ubbcluj.ro\/maghiara\/wp-content\/uploads\/2023\/02\/sidebar_profi-straini.jpg 655w, https:\/\/amp.fspac.ubbcluj.ro\/maghiara\/wp-content\/uploads\/2023\/02\/sidebar_profi-straini-300x171.jpg 300w\" sizes=\"(max-width: 655px) 100vw, 655px\" \/>\t\t\t\t\t\t\t\t\t\t\t\t\t\t\t<\/div>\n\t\t\t\t<\/div>\n\t\t\t\t\t<\/div>\n\t\t<\/div>\n\t\t\t\t<div class=\"elementor-column elementor-col-50 elementor-top-column elementor-element elementor-element-5ead46a7\" data-id=\"5ead46a7\" data-element_type=\"column\">\n\t\t\t<div class=\"elementor-widget-wrap elementor-element-populated\">\n\t\t\t\t\t\t\t\t<div class=\"elementor-element elementor-element-4faf5647 elementor-widget elementor-widget-text-editor\" data-id=\"4faf5647\" data-element_type=\"widget\" data-settings=\"{&quot;ekit_we_effect_on&quot;:&quot;none&quot;}\" data-widget_type=\"text-editor.default\">\n\t\t\t\t<div class=\"elementor-widget-container\">\n\t\t\t\t\t\t\t<p>\u00a0Inform\u00e1ci\u00f3kat kapunk, feldolgozzuk, k\u00e9rd\u00e9seket tesz\u00fcnk fel, v\u00e1laszokat kapunk \u00e9s fejl\u0151d\u00fcnk. Az \u00faj ir\u00e1nyzatokkal\u00e9s hozz\u00e1\u00e1ll\u00e1sokkal val\u00f3 tal\u00e1lkoz\u00e1st n\u00e1lunk a megh\u00edvott tan\u00e1rok seg\u00edtik Eur\u00f3pa legelismertebb egyetemeir\u0151l (f\u0151k\u00e9pp Magyarorsz\u00e1gr\u00f3l) \u00e9s az Egyes\u00fclt \u00c1llam\u00f3kb\u00f3l. Nemcsak el\u0151nyt kov\u00e1csolunk az \u0151k ismereteib\u0151l, hanem meg is tudjuk tapasztalni azt, ahogyan \u0151k tekintenek a val\u00f3s\u00e1gra \u00e9s a te\u00f3ri\u00e1kra. S\u0151t, a tapasztalat, amiket magukban hordoznak (\u00e9vtizedek kutat\u00f3munk\u00e1ja, megbesz\u00e9l\u00e9sek, oktat\u00f3i tev\u00e9kenys\u00e9gek) egy m\u00e1sf\u00e9le dimenzi\u00f3t adnak hozz\u00e1 a kurzusaikhoz amelyeket tartanak.<\/p><p>Egyilyen kurzus egyfajta ablakot nyithat, ami \u00e1ltal megfigyelhetj\u00fck \u00e9s kapcsol\u00f3dhatunk egy nagyobb vil\u00e1ghoz, mint amelyet addig ismert\u00fcnk. Min\u00e9l t\u00f6bbet l\u00e1tunk \u00e9s meg\u00e9rt\u00fcnk, t\u00f6bbf\u00e9le szempontb\u00f3l, ann\u00e1l t\u00f6bb es\u00e9ly\u00fcnk van a glob\u00e1lis piacon. A kapcsol\u00f3d\u00e1s a megold\u00e1s, \u00e9s ezek a kurzusok egy kezdetet adnak ebben.<\/p>\t\t\t\t\t\t<\/div>\n\t\t\t\t<\/div>\n\t\t\t\t\t<\/div>\n\t\t<\/div>\n\t\t\t\t\t\t\t<\/div>\n\t\t<\/section>\n\t\t\t\t<section data-particle_enable=\"false\" data-particle-mobile-disabled=\"false\" class=\"elementor-section elementor-top-section elementor-element elementor-element-ddccaf3 elementor-section-boxed elementor-section-height-default elementor-section-height-default\" data-id=\"ddccaf3\" data-element_type=\"section\" data-settings=\"{&quot;background_background&quot;:&quot;classic&quot;,&quot;ekit_has_onepagescroll_dot&quot;:&quot;yes&quot;}\">\n\t\t\t\t\t\t<div class=\"elementor-container elementor-column-gap-default\">\n\t\t\t\t\t<div class=\"elementor-column elementor-col-33 elementor-top-column elementor-element elementor-element-d30d933\" data-id=\"d30d933\" data-element_type=\"column\">\n\t\t\t<div class=\"elementor-widget-wrap elementor-element-populated\">\n\t\t\t\t\t\t\t\t<div class=\"elementor-element elementor-element-09c6000 elementor-widget__width-auto elementor-widget elementor-widget-heading\" data-id=\"09c6000\" data-element_type=\"widget\" data-settings=\"{&quot;ekit_we_effect_on&quot;:&quot;none&quot;}\" data-widget_type=\"heading.default\">\n\t\t\t\t<div class=\"elementor-widget-container\">\n\t\t\t<h3 class=\"elementor-heading-title elementor-size-default\">K\u00e9rd\u00e9sed van?<\/h3>\t\t<\/div>\n\t\t\t\t<\/div>\n\t\t\t\t\t<\/div>\n\t\t<\/div>\n\t\t\t\t<div class=\"elementor-column elementor-col-33 elementor-top-column elementor-element elementor-element-a75edaf\" data-id=\"a75edaf\" data-element_type=\"column\">\n\t\t\t<div class=\"elementor-widget-wrap elementor-element-populated\">\n\t\t\t\t\t\t\t\t<div class=\"elementor-element elementor-element-2325ad1 elementor-widget__width-auto elementor-widget elementor-widget-text-editor\" data-id=\"2325ad1\" data-element_type=\"widget\" data-settings=\"{&quot;ekit_we_effect_on&quot;:&quot;none&quot;}\" data-widget_type=\"text-editor.default\">\n\t\t\t\t<div class=\"elementor-widget-container\">\n\t\t\t\t\t\t\t<p>Kerest\u00e9l valamit \u00e9s nem tal\u00e1ltad meg? Semmi gond! Sz\u00f3lj nek\u00fcnk \u00e9s mi seg\u00edt\u00fcnk. Vagy esetleg szeretn\u00e9l beugrani, hogy megn\u00e9zd a tantest\u00fcletet \u00e9s a kampuszt? Remek, tudasd vel\u00fcnk, hogy mikor, \u00e9s mi gondoskodunk a t\u00f6bbir\u0151l!<\/p>\t\t\t\t\t\t<\/div>\n\t\t\t\t<\/div>\n\t\t\t\t\t<\/div>\n\t\t<\/div>\n\t\t\t\t<div class=\"elementor-column elementor-col-33 elementor-top-column elementor-element elementor-element-0d6bb11\" data-id=\"0d6bb11\" data-element_type=\"column\" data-settings=\"{&quot;background_background&quot;:&quot;classic&quot;}\">\n\t\t\t<div class=\"elementor-widget-wrap elementor-element-populated\">\n\t\t\t\t\t\t\t\t<div class=\"elementor-element elementor-element-2f1e920 elementor-align-justify elementor-mobile-align-left elementor-widget elementor-widget-button\" data-id=\"2f1e920\" data-element_type=\"widget\" data-settings=\"{&quot;ekit_we_effect_on&quot;:&quot;none&quot;}\" data-widget_type=\"button.default\">\n\t\t\t\t<div class=\"elementor-widget-container\">\n\t\t\t\t\t<div class=\"elementor-button-wrapper\">\n\t\t\t<a class=\"elementor-button elementor-button-link elementor-size-sm\" href=\"https:\/\/amp.fspac.ubbcluj.ro\/maghiara\/contact\/\">\n\t\t\t\t\t\t<span class=\"elementor-button-content-wrapper\">\n\t\t\t\t\t\t<span class=\"elementor-button-icon elementor-align-icon-right\">\n\t\t\t\t<i aria-hidden=\"true\" class=\"vamtamtheme- vamtam-theme-arrow-right\"><\/i>\t\t\t<\/span>\n\t\t\t\t\t\t<span class=\"elementor-button-text\">\u00cdrj nek\u00fcnk!<\/span>\n\t\t<\/span>\n\t\t\t\t\t<\/a>\n\t\t<\/div>\n\t\t\t\t<\/div>\n\t\t\t\t<\/div>\n\t\t\t\t\t<\/div>\n\t\t<\/div>\n\t\t\t\t\t\t\t<\/div>\n\t\t<\/section>\n\t\t\t\t<section data-particle_enable=\"false\" data-particle-mobile-disabled=\"false\" class=\"elementor-section elementor-top-section elementor-element elementor-element-255b863 elementor-section-boxed elementor-section-height-default elementor-section-height-default\" data-id=\"255b863\" data-element_type=\"section\" data-settings=\"{&quot;ekit_has_onepagescroll_dot&quot;:&quot;yes&quot;}\">\n\t\t\t\t\t\t<div class=\"elementor-container elementor-column-gap-default\">\n\t\t\t\t\t<div class=\"elementor-column elementor-col-100 elementor-top-column elementor-element elementor-element-e3875d5\" data-id=\"e3875d5\" data-element_type=\"column\">\n\t\t\t<div class=\"elementor-widget-wrap\">\n\t\t\t\t\t\t\t\t\t<\/div>\n\t\t<\/div>\n\t\t\t\t\t\t\t<\/div>\n\t\t<\/section>\n\t\t\t\t\t\t\t<\/div>\n\t\t","protected":false},"excerpt":{"rendered":"<p>K\u00fclf\u00f6ldi oktat\u00f3k A tanul\u00e1s egy teljes tapasztalat. \u00a0Inform\u00e1ci\u00f3kat kapunk, feldolgozzuk, k\u00e9rd\u00e9seket tesz\u00fcnk fel, v\u00e1laszokat kapunk \u00e9s fejl\u0151d\u00fcnk. Az \u00faj ir\u00e1nyzatokkal\u00e9s hozz\u00e1\u00e1ll\u00e1sokkal val\u00f3 tal\u00e1lkoz\u00e1st n\u00e1lunk a megh\u00edvott tan\u00e1rok seg\u00edtik Eur\u00f3pa legelismertebb egyetemeir\u0151l (f\u0151k\u00e9pp Magyarorsz\u00e1gr\u00f3l) \u00e9s az Egyes\u00fclt \u00c1llam\u00f3kb\u00f3l. Nemcsak el\u0151nyt kov\u00e1csolunk az \u0151k ismereteib\u0151l, hanem meg is tudjuk tapasztalni azt, ahogyan \u0151k tekintenek a val\u00f3s\u00e1gra \u00e9s&#8230;<\/p>\n","protected":false},"author":1,"featured_media":0,"parent":0,"menu_order":0,"comment_status":"closed","ping_status":"closed","template":"","meta":{"footnotes":""},"class_list":["post-988069","page","type-page","status-publish","hentry"],"_links":{"self":[{"href":"https:\/\/amp.fspac.ubbcluj.ro\/maghiara\/wp-json\/wp\/v2\/pages\/988069","targetHints":{"allow":["GET"]}}],"collection":[{"href":"https:\/\/amp.fspac.ubbcluj.ro\/maghiara\/wp-json\/wp\/v2\/pages"}],"about":[{"href":"https:\/\/amp.fspac.ubbcluj.ro\/maghiara\/wp-json\/wp\/v2\/types\/page"}],"author":[{"embeddable":true,"href":"https:\/\/amp.fspac.ubbcluj.ro\/maghiara\/wp-json\/wp\/v2\/users\/1"}],"replies":[{"embeddable":true,"href":"https:\/\/amp.fspac.ubbcluj.ro\/maghiara\/wp-json\/wp\/v2\/comments?post=988069"}],"version-history":[{"count":10,"href":"https:\/\/amp.fspac.ubbcluj.ro\/maghiara\/wp-json\/wp\/v2\/pages\/988069\/revisions"}],"predecessor-version":[{"id":989204,"href":"https:\/\/amp.fspac.ubbcluj.ro\/maghiara\/wp-json\/wp\/v2\/pages\/988069\/revisions\/989204"}],"wp:attachment":[{"href":"https:\/\/amp.fspac.ubbcluj.ro\/maghiara\/wp-json\/wp\/v2\/media?parent=988069"}],"curies":[{"name":"wp","href":"https:\/\/api.w.org\/{rel}","templated":true}]}}