{"id":988596,"date":"2023-02-05T16:12:28","date_gmt":"2023-02-05T16:12:28","guid":{"rendered":"https:\/\/amp.fspac.ubbcluj.ro\/maghiara\/?page_id=988596"},"modified":"2023-02-15T18:19:50","modified_gmt":"2023-02-15T18:19:50","slug":"cursuri-masterat","status":"publish","type":"page","link":"https:\/\/amp.fspac.ubbcluj.ro\/maghiara\/cursuri-masterat\/","title":{"rendered":"Cursuri masterat"},"content":{"rendered":"\t\t<div data-elementor-type=\"wp-page\" data-elementor-id=\"988596\" class=\"elementor elementor-988596\">\n\t\t\t\t\t\t\t\t\t<section data-particle_enable=\"false\" data-particle-mobile-disabled=\"false\" class=\"elementor-section elementor-top-section elementor-element elementor-element-3c40c12 elementor-section-height-min-height elementor-section-boxed elementor-section-height-default elementor-section-items-middle\" data-id=\"3c40c12\" data-element_type=\"section\" data-settings=\"{&quot;background_background&quot;:&quot;classic&quot;,&quot;animation&quot;:&quot;none&quot;,&quot;ekit_has_onepagescroll_dot&quot;:&quot;yes&quot;}\">\n\t\t\t\t\t\t<div class=\"elementor-container elementor-column-gap-default\">\n\t\t\t\t\t<div class=\"elementor-column elementor-col-100 elementor-top-column elementor-element elementor-element-1bb13b64\" data-id=\"1bb13b64\" data-element_type=\"column\" data-settings=\"{&quot;background_background&quot;:&quot;classic&quot;}\">\n\t\t\t<div class=\"elementor-widget-wrap\">\n\t\t\t\t\t\t\t\t\t<\/div>\n\t\t<\/div>\n\t\t\t\t\t\t\t<\/div>\n\t\t<\/section>\n\t\t\t\t<section data-particle_enable=\"false\" data-particle-mobile-disabled=\"false\" class=\"elementor-section elementor-top-section elementor-element elementor-element-55f925de elementor-section-boxed elementor-section-height-default elementor-section-height-default\" data-id=\"55f925de\" data-element_type=\"section\" data-settings=\"{&quot;animation&quot;:&quot;none&quot;,&quot;animation_tablet&quot;:&quot;none&quot;,&quot;animation_mobile&quot;:&quot;none&quot;,&quot;ekit_has_onepagescroll_dot&quot;:&quot;yes&quot;}\">\n\t\t\t\t\t\t<div class=\"elementor-container elementor-column-gap-no\">\n\t\t\t\t\t<div class=\"elementor-column elementor-col-50 elementor-top-column elementor-element elementor-element-7fc4130a animated-fast elementor-invisible\" data-id=\"7fc4130a\" data-element_type=\"column\" data-settings=\"{&quot;background_background&quot;:&quot;classic&quot;,&quot;animation&quot;:&quot;fadeIn&quot;,&quot;animation_delay&quot;:100}\">\n\t\t\t<div class=\"elementor-widget-wrap elementor-element-populated\">\n\t\t\t\t\t\t\t\t<div class=\"elementor-element elementor-element-4e7c6acb elementor-widget__width-auto elementor-widget-tablet__width-auto elementor-widget-mobile__width-inherit elementor-widget elementor-widget-heading\" data-id=\"4e7c6acb\" data-element_type=\"widget\" data-settings=\"{&quot;_animation&quot;:&quot;none&quot;,&quot;_animation_delay&quot;:200,&quot;ekit_we_effect_on&quot;:&quot;none&quot;}\" data-widget_type=\"heading.heading_charityfy\">\n\t\t\t\t<div class=\"elementor-widget-container\">\n\t\t\t<h1 class=\"elementor-heading-title elementor-size-default\">KURZUSOK - MESTERI<\/h1>\t\t<\/div>\n\t\t\t\t<\/div>\n\t\t\t\t\t<\/div>\n\t\t<\/div>\n\t\t\t\t<div class=\"elementor-column elementor-col-50 elementor-top-column elementor-element elementor-element-3b5ab089 elementor-hidden-desktop elementor-hidden-tablet elementor-hidden-phone\" data-id=\"3b5ab089\" data-element_type=\"column\">\n\t\t\t<div class=\"elementor-widget-wrap\">\n\t\t\t\t\t\t\t\t\t<\/div>\n\t\t<\/div>\n\t\t\t\t\t\t\t<\/div>\n\t\t<\/section>\n\t\t\t\t<section data-particle_enable=\"false\" data-particle-mobile-disabled=\"false\" class=\"elementor-section elementor-top-section elementor-element elementor-element-0ebad98 elementor-section-boxed elementor-section-height-default elementor-section-height-default\" data-id=\"0ebad98\" data-element_type=\"section\" data-settings=\"{&quot;ekit_has_onepagescroll_dot&quot;:&quot;yes&quot;}\">\n\t\t\t\t\t\t<div class=\"elementor-container elementor-column-gap-default\">\n\t\t\t\t\t<div class=\"elementor-column elementor-col-50 elementor-top-column elementor-element elementor-element-c2ae3a0\" data-id=\"c2ae3a0\" data-element_type=\"column\">\n\t\t\t<div class=\"elementor-widget-wrap elementor-element-populated\">\n\t\t\t\t\t\t\t\t<div class=\"elementor-element elementor-element-012956c elementor-widget elementor-widget-heading\" data-id=\"012956c\" data-element_type=\"widget\" data-settings=\"{&quot;ekit_we_effect_on&quot;:&quot;none&quot;}\" data-widget_type=\"heading.default\">\n\t\t\t\t<div class=\"elementor-widget-container\">\n\t\t\t<h5 class=\"elementor-heading-title elementor-size-default\">Administra\u021bie Public\u0103<\/h5>\t\t<\/div>\n\t\t\t\t<\/div>\n\t\t\t\t<div class=\"elementor-element elementor-element-e659507 elementor-widget elementor-widget-eael-adv-accordion\" data-id=\"e659507\" data-element_type=\"widget\" data-settings=\"{&quot;ekit_we_effect_on&quot;:&quot;none&quot;}\" data-widget_type=\"eael-adv-accordion.default\">\n\t\t\t\t<div class=\"elementor-widget-container\">\n\t\t\t        <div class=\"eael-adv-accordion\" id=\"eael-adv-accordion-e659507\" data-scroll-on-click=\"no\" data-scroll-speed=\"300\" data-accordion-id=\"e659507\" data-accordion-type=\"accordion\" data-toogle-speed=\"300\">\n    <div class=\"eael-accordion-list\">\n                <div id=\"els-flv\" class=\"elementor-tab-title eael-accordion-header\" tabindex=\"0\" data-tab=\"1\" aria-controls=\"elementor-tab-content-2411\"><span class=\"eael-advanced-accordion-icon-closed\"><i aria-hidden=\"true\" class=\"fa-accordion-icon fas fa-plus\"><\/i><\/span><span class=\"eael-advanced-accordion-icon-opened\"><i aria-hidden=\"true\" class=\"fa-accordion-icon fas fa-minus\"><\/i><\/span><span class=\"eael-accordion-tab-title\">Els\u0151 f\u00e9l\u00e9v<\/span><i aria-hidden=\"true\" class=\"fa-toggle fas fa-angle-right\"><\/i><\/div><div id=\"elementor-tab-content-2411\" class=\"eael-accordion-content clearfix\" data-tab=\"1\" aria-labelledby=\"els-flv\"><\/div>\n                <\/div><div class=\"eael-accordion-list\">\n                <div id=\"msodik-flv\" class=\"elementor-tab-title eael-accordion-header\" tabindex=\"0\" data-tab=\"2\" aria-controls=\"elementor-tab-content-2412\"><span class=\"eael-advanced-accordion-icon-closed\"><i aria-hidden=\"true\" class=\"fa-accordion-icon fas fa-plus\"><\/i><\/span><span class=\"eael-advanced-accordion-icon-opened\"><i aria-hidden=\"true\" class=\"fa-accordion-icon fas fa-minus\"><\/i><\/span><span class=\"eael-accordion-tab-title\">M\u00e1sodik f\u00e9l\u00e9v<\/span><i aria-hidden=\"true\" class=\"fa-toggle fas fa-angle-right\"><\/i><\/div><div id=\"elementor-tab-content-2412\" class=\"eael-accordion-content clearfix\" data-tab=\"2\" aria-labelledby=\"msodik-flv\"><\/div>\n                <\/div><div class=\"eael-accordion-list\">\n                <div id=\"harmadik-flv\" class=\"elementor-tab-title eael-accordion-header\" tabindex=\"0\" data-tab=\"3\" aria-controls=\"elementor-tab-content-2413\"><span class=\"eael-advanced-accordion-icon-closed\"><i aria-hidden=\"true\" class=\"fa-accordion-icon fas fa-plus\"><\/i><\/span><span class=\"eael-advanced-accordion-icon-opened\"><i aria-hidden=\"true\" class=\"fa-accordion-icon fas fa-minus\"><\/i><\/span><span class=\"eael-accordion-tab-title\">Harmadik f\u00e9l\u00e9v<\/span><i aria-hidden=\"true\" class=\"fa-toggle fas fa-angle-right\"><\/i><\/div><div id=\"elementor-tab-content-2413\" class=\"eael-accordion-content clearfix\" data-tab=\"3\" aria-labelledby=\"harmadik-flv\"><\/div>\n                <\/div><div class=\"eael-accordion-list\">\n                <div id=\"negyedik-flv\" class=\"elementor-tab-title eael-accordion-header\" tabindex=\"0\" data-tab=\"4\" aria-controls=\"elementor-tab-content-2414\"><span class=\"eael-advanced-accordion-icon-closed\"><i aria-hidden=\"true\" class=\"fa-accordion-icon fas fa-plus\"><\/i><\/span><span class=\"eael-advanced-accordion-icon-opened\"><i aria-hidden=\"true\" class=\"fa-accordion-icon fas fa-minus\"><\/i><\/span><span class=\"eael-accordion-tab-title\">Negyedik f\u00e9l\u00e9v<\/span><i aria-hidden=\"true\" class=\"fa-toggle fas fa-angle-right\"><\/i><\/div><div id=\"elementor-tab-content-2414\" class=\"eael-accordion-content clearfix\" data-tab=\"4\" aria-labelledby=\"negyedik-flv\"><\/div>\n                <\/div><\/div>\t\t<\/div>\n\t\t\t\t<\/div>\n\t\t\t\t\t<\/div>\n\t\t<\/div>\n\t\t\t\t<div class=\"elementor-column elementor-col-50 elementor-top-column elementor-element elementor-element-2f45f84\" data-id=\"2f45f84\" data-element_type=\"column\">\n\t\t\t<div class=\"elementor-widget-wrap elementor-element-populated\">\n\t\t\t\t\t\t\t\t<div class=\"elementor-element elementor-element-2137296 elementor-widget elementor-widget-heading\" data-id=\"2137296\" data-element_type=\"widget\" data-settings=\"{&quot;ekit_we_effect_on&quot;:&quot;none&quot;}\" data-widget_type=\"heading.default\">\n\t\t\t\t<div class=\"elementor-widget-container\">\n\t\t\t<h5 class=\"elementor-heading-title elementor-size-default\">TANULM\u00c1NYI SZERZ\u0150D\u00c9SEK KIT\u00d6LT\u00c9SE\u200b<\/h5>\t\t<\/div>\n\t\t\t\t<\/div>\n\t\t\t\t<div class=\"elementor-element elementor-element-8e0ccca elementor-widget elementor-widget-text-editor\" data-id=\"8e0ccca\" data-element_type=\"widget\" data-settings=\"{&quot;ekit_we_effect_on&quot;:&quot;none&quot;}\" data-widget_type=\"text-editor.default\">\n\t\t\t\t<div class=\"elementor-widget-container\">\n\t\t\t\t\t\t\t<p>A tanulm\u00e1nyi szerz\u0151d\u00e9seket minden egyetemi \u00e9v kezdet\u00e9n, az els\u0151 oktat\u00e1si heten kell kit\u00f6lteni. N\u00e9h\u00e1ny hasznos inform\u00e1ci\u00f3:<\/p><ul><li>m\u00e1s \u00e9vr\u0151l is felvehet\u0151ek a t\u00e1rgyak<\/li><li>az el nem v\u00e9gzett t\u00e1rgyakat \u00fajra fel kell venni<\/li><li>fakultat\u00edvan fel lehet venni m\u00e1s t\u00e1rgyakat b\u00e1rmilyen m\u00e1s szakr\u00f3l a BBTE k\u00edn\u00e1lat\u00e1b\u00f3l<\/li><li>a tanulm\u00e1nyi szerz\u0151d\u00e9seket az\u00a0<a href=\"https:\/\/academicinfo.ubbcluj.ro\/\">AcademicInfo<\/a>\u00a0fel\u00fclet\u00e9n kell kit\u00f6ltenetek<\/li><\/ul>\t\t\t\t\t\t<\/div>\n\t\t\t\t<\/div>\n\t\t\t\t\t<\/div>\n\t\t<\/div>\n\t\t\t\t\t\t\t<\/div>\n\t\t<\/section>\n\t\t\t\t<section data-particle_enable=\"false\" data-particle-mobile-disabled=\"false\" class=\"elementor-section elementor-top-section elementor-element elementor-element-8fb0e1f elementor-section-boxed elementor-section-height-default elementor-section-height-default\" data-id=\"8fb0e1f\" data-element_type=\"section\" data-settings=\"{&quot;background_background&quot;:&quot;classic&quot;,&quot;ekit_has_onepagescroll_dot&quot;:&quot;yes&quot;}\">\n\t\t\t\t\t\t<div class=\"elementor-container elementor-column-gap-default\">\n\t\t\t\t\t<div class=\"elementor-column elementor-col-33 elementor-top-column elementor-element elementor-element-fefd1d6\" data-id=\"fefd1d6\" data-element_type=\"column\">\n\t\t\t<div class=\"elementor-widget-wrap elementor-element-populated\">\n\t\t\t\t\t\t\t\t<div class=\"elementor-element elementor-element-304f8e8 elementor-widget__width-auto elementor-widget elementor-widget-heading\" data-id=\"304f8e8\" data-element_type=\"widget\" data-settings=\"{&quot;ekit_we_effect_on&quot;:&quot;none&quot;}\" data-widget_type=\"heading.default\">\n\t\t\t\t<div class=\"elementor-widget-container\">\n\t\t\t<h3 class=\"elementor-heading-title elementor-size-default\">K\u00e9rd\u00e9sed van?<\/h3>\t\t<\/div>\n\t\t\t\t<\/div>\n\t\t\t\t\t<\/div>\n\t\t<\/div>\n\t\t\t\t<div class=\"elementor-column elementor-col-33 elementor-top-column elementor-element elementor-element-6fa3f34\" data-id=\"6fa3f34\" data-element_type=\"column\">\n\t\t\t<div class=\"elementor-widget-wrap elementor-element-populated\">\n\t\t\t\t\t\t\t\t<div class=\"elementor-element elementor-element-78e4aa4 elementor-widget__width-auto elementor-widget elementor-widget-text-editor\" data-id=\"78e4aa4\" data-element_type=\"widget\" data-settings=\"{&quot;ekit_we_effect_on&quot;:&quot;none&quot;}\" data-widget_type=\"text-editor.default\">\n\t\t\t\t<div class=\"elementor-widget-container\">\n\t\t\t\t\t\t\t<p>Kerest\u00e9l valamit \u00e9s nem tal\u00e1ltad meg? Semmi gond! Sz\u00f3lj nek\u00fcnk \u00e9s mi seg\u00edt\u00fcnk. Vagy esetleg szeretn\u00e9l beugrani, hogy megn\u00e9zd a tantest\u00fcletet \u00e9s a kampuszt? Remek, tudasd vel\u00fcnk, hogy mikor, \u00e9s mi gondoskodunk a t\u00f6bbir\u0151l!<\/p>\t\t\t\t\t\t<\/div>\n\t\t\t\t<\/div>\n\t\t\t\t\t<\/div>\n\t\t<\/div>\n\t\t\t\t<div class=\"elementor-column elementor-col-33 elementor-top-column elementor-element elementor-element-11ee540\" data-id=\"11ee540\" data-element_type=\"column\" data-settings=\"{&quot;background_background&quot;:&quot;classic&quot;}\">\n\t\t\t<div class=\"elementor-widget-wrap elementor-element-populated\">\n\t\t\t\t\t\t\t\t<div class=\"elementor-element elementor-element-6cd3ce0 elementor-align-justify elementor-mobile-align-left elementor-widget elementor-widget-button\" data-id=\"6cd3ce0\" data-element_type=\"widget\" data-settings=\"{&quot;ekit_we_effect_on&quot;:&quot;none&quot;}\" data-widget_type=\"button.default\">\n\t\t\t\t<div class=\"elementor-widget-container\">\n\t\t\t\t\t<div class=\"elementor-button-wrapper\">\n\t\t\t<a class=\"elementor-button elementor-button-link elementor-size-sm\" href=\"https:\/\/amp.fspac.ubbcluj.ro\/maghiara\/contact\/\">\n\t\t\t\t\t\t<span class=\"elementor-button-content-wrapper\">\n\t\t\t\t\t\t<span class=\"elementor-button-icon elementor-align-icon-right\">\n\t\t\t\t<i aria-hidden=\"true\" class=\"vamtamtheme- vamtam-theme-arrow-right\"><\/i>\t\t\t<\/span>\n\t\t\t\t\t\t<span class=\"elementor-button-text\">\u00cdrj nek\u00fcnk!<\/span>\n\t\t<\/span>\n\t\t\t\t\t<\/a>\n\t\t<\/div>\n\t\t\t\t<\/div>\n\t\t\t\t<\/div>\n\t\t\t\t\t<\/div>\n\t\t<\/div>\n\t\t\t\t\t\t\t<\/div>\n\t\t<\/section>\n\t\t\t\t\t\t\t<\/div>\n\t\t","protected":false},"excerpt":{"rendered":"<p>KURZUSOK &#8211; MESTERI Administra\u021bie Public\u0103 Els\u0151 f\u00e9l\u00e9v M\u00e1sodik f\u00e9l\u00e9v Harmadik f\u00e9l\u00e9v Negyedik f\u00e9l\u00e9v TANULM\u00c1NYI SZERZ\u0150D\u00c9SEK KIT\u00d6LT\u00c9SE\u200b A tanulm\u00e1nyi szerz\u0151d\u00e9seket minden egyetemi \u00e9v kezdet\u00e9n, az els\u0151 oktat\u00e1si heten kell kit\u00f6lteni. N\u00e9h\u00e1ny hasznos inform\u00e1ci\u00f3: m\u00e1s \u00e9vr\u0151l is felvehet\u0151ek a t\u00e1rgyak az el nem v\u00e9gzett t\u00e1rgyakat \u00fajra fel kell venni fakultat\u00edvan fel lehet venni m\u00e1s t\u00e1rgyakat b\u00e1rmilyen m\u00e1s&#8230;<\/p>\n","protected":false},"author":1,"featured_media":0,"parent":0,"menu_order":0,"comment_status":"closed","ping_status":"closed","template":"","meta":{"footnotes":""},"class_list":["post-988596","page","type-page","status-publish","hentry"],"_links":{"self":[{"href":"https:\/\/amp.fspac.ubbcluj.ro\/maghiara\/wp-json\/wp\/v2\/pages\/988596","targetHints":{"allow":["GET"]}}],"collection":[{"href":"https:\/\/amp.fspac.ubbcluj.ro\/maghiara\/wp-json\/wp\/v2\/pages"}],"about":[{"href":"https:\/\/amp.fspac.ubbcluj.ro\/maghiara\/wp-json\/wp\/v2\/types\/page"}],"author":[{"embeddable":true,"href":"https:\/\/amp.fspac.ubbcluj.ro\/maghiara\/wp-json\/wp\/v2\/users\/1"}],"replies":[{"embeddable":true,"href":"https:\/\/amp.fspac.ubbcluj.ro\/maghiara\/wp-json\/wp\/v2\/comments?post=988596"}],"version-history":[{"count":31,"href":"https:\/\/amp.fspac.ubbcluj.ro\/maghiara\/wp-json\/wp\/v2\/pages\/988596\/revisions"}],"predecessor-version":[{"id":989136,"href":"https:\/\/amp.fspac.ubbcluj.ro\/maghiara\/wp-json\/wp\/v2\/pages\/988596\/revisions\/989136"}],"wp:attachment":[{"href":"https:\/\/amp.fspac.ubbcluj.ro\/maghiara\/wp-json\/wp\/v2\/media?parent=988596"}],"curies":[{"name":"wp","href":"https:\/\/api.w.org\/{rel}","templated":true}]}}