{"id":988631,"date":"2023-02-05T17:33:13","date_gmt":"2023-02-05T17:33:13","guid":{"rendered":"https:\/\/amp.fspac.ubbcluj.ro\/maghiara\/?page_id=988631"},"modified":"2023-02-15T18:27:06","modified_gmt":"2023-02-15T18:27:06","slug":"finalizarea-studiilor","status":"publish","type":"page","link":"https:\/\/amp.fspac.ubbcluj.ro\/maghiara\/finalizarea-studiilor\/","title":{"rendered":"Finalizarea studiilor"},"content":{"rendered":"\t\t<div data-elementor-type=\"wp-page\" data-elementor-id=\"988631\" class=\"elementor elementor-988631\">\n\t\t\t\t\t\t\t\t\t<section data-particle_enable=\"false\" data-particle-mobile-disabled=\"false\" class=\"elementor-section elementor-top-section elementor-element elementor-element-3c40c12 elementor-section-height-min-height elementor-section-boxed elementor-section-height-default elementor-section-items-middle\" data-id=\"3c40c12\" data-element_type=\"section\" data-settings=\"{&quot;background_background&quot;:&quot;classic&quot;,&quot;animation&quot;:&quot;none&quot;,&quot;ekit_has_onepagescroll_dot&quot;:&quot;yes&quot;}\">\n\t\t\t\t\t\t<div class=\"elementor-container elementor-column-gap-default\">\n\t\t\t\t\t<div class=\"elementor-column elementor-col-100 elementor-top-column elementor-element elementor-element-1bb13b64\" data-id=\"1bb13b64\" data-element_type=\"column\" data-settings=\"{&quot;background_background&quot;:&quot;classic&quot;}\">\n\t\t\t<div class=\"elementor-widget-wrap\">\n\t\t\t\t\t\t\t\t\t<\/div>\n\t\t<\/div>\n\t\t\t\t\t\t\t<\/div>\n\t\t<\/section>\n\t\t\t\t<section data-particle_enable=\"false\" data-particle-mobile-disabled=\"false\" class=\"elementor-section elementor-top-section elementor-element elementor-element-55f925de elementor-section-boxed elementor-section-height-default elementor-section-height-default\" data-id=\"55f925de\" data-element_type=\"section\" data-settings=\"{&quot;animation&quot;:&quot;none&quot;,&quot;animation_tablet&quot;:&quot;none&quot;,&quot;animation_mobile&quot;:&quot;none&quot;,&quot;ekit_has_onepagescroll_dot&quot;:&quot;yes&quot;}\">\n\t\t\t\t\t\t<div class=\"elementor-container elementor-column-gap-no\">\n\t\t\t\t\t<div class=\"elementor-column elementor-col-50 elementor-top-column elementor-element elementor-element-7fc4130a animated-fast elementor-invisible\" data-id=\"7fc4130a\" data-element_type=\"column\" data-settings=\"{&quot;background_background&quot;:&quot;classic&quot;,&quot;animation&quot;:&quot;fadeIn&quot;,&quot;animation_delay&quot;:100}\">\n\t\t\t<div class=\"elementor-widget-wrap elementor-element-populated\">\n\t\t\t\t\t\t\t\t<div class=\"elementor-element elementor-element-4e7c6acb elementor-widget__width-auto elementor-widget-tablet__width-auto elementor-widget-mobile__width-inherit elementor-widget elementor-widget-heading\" data-id=\"4e7c6acb\" data-element_type=\"widget\" data-settings=\"{&quot;_animation&quot;:&quot;none&quot;,&quot;_animation_delay&quot;:200,&quot;ekit_we_effect_on&quot;:&quot;none&quot;}\" data-widget_type=\"heading.heading_charityfy\">\n\t\t\t\t<div class=\"elementor-widget-container\">\n\t\t\t<h1 class=\"elementor-heading-title elementor-size-default\">TANULM\u00c1NYOK BEFEJEZ\u00c9SE<\/h1>\t\t<\/div>\n\t\t\t\t<\/div>\n\t\t\t\t\t<\/div>\n\t\t<\/div>\n\t\t\t\t<div class=\"elementor-column elementor-col-50 elementor-top-column elementor-element elementor-element-3b5ab089 elementor-hidden-desktop elementor-hidden-tablet elementor-hidden-phone\" data-id=\"3b5ab089\" data-element_type=\"column\">\n\t\t\t<div class=\"elementor-widget-wrap\">\n\t\t\t\t\t\t\t\t\t<\/div>\n\t\t<\/div>\n\t\t\t\t\t\t\t<\/div>\n\t\t<\/section>\n\t\t\t\t<section data-particle_enable=\"false\" data-particle-mobile-disabled=\"false\" class=\"elementor-section elementor-top-section elementor-element elementor-element-a142099 elementor-section-boxed elementor-section-height-default elementor-section-height-default\" data-id=\"a142099\" data-element_type=\"section\" data-settings=\"{&quot;ekit_has_onepagescroll_dot&quot;:&quot;yes&quot;}\">\n\t\t\t\t\t\t<div class=\"elementor-container elementor-column-gap-default\">\n\t\t\t\t\t<div class=\"elementor-column elementor-col-50 elementor-top-column elementor-element elementor-element-797de9c\" data-id=\"797de9c\" data-element_type=\"column\">\n\t\t\t<div class=\"elementor-widget-wrap elementor-element-populated\">\n\t\t\t\t\t\t\t\t<div class=\"elementor-element elementor-element-17a6557 elementor-widget elementor-widget-elementskit-heading\" data-id=\"17a6557\" data-element_type=\"widget\" data-settings=\"{&quot;ekit_we_effect_on&quot;:&quot;none&quot;}\" data-widget_type=\"elementskit-heading.default\">\n\t\t\t\t<div class=\"elementor-widget-container\">\n\t\t\t<div class=\"ekit-wid-con\" ><div class=\"ekit-heading elementskit-section-title-wraper text_left   ekit_heading_tablet-   ekit_heading_mobile-\"><h4 class=\"ekit-heading--title elementskit-section-title \">Alapk\u00e9pz\u00e9s<\/h4><div class=\"ekit_heading_separetor_wraper ekit_heading_elementskit-border-divider elementskit-style-long\"><div class=\"elementskit-border-divider elementskit-style-long\"><\/div><\/div><\/div><\/div>\t\t<\/div>\n\t\t\t\t<\/div>\n\t\t\t\t<div class=\"elementor-element elementor-element-373750d elementor-widget elementor-widget-text-editor\" data-id=\"373750d\" data-element_type=\"widget\" data-settings=\"{&quot;ekit_we_effect_on&quot;:&quot;none&quot;}\" data-widget_type=\"text-editor.default\">\n\t\t\t\t<div class=\"elementor-widget-container\">\n\t\t\t\t\t\t\t<p>Az \u00e1llamvizsga megv\u00e9d\u00e9s\u00e9nek egyik r\u00e9sze az <strong>\u00edr\u00e1sbeli vizsga<\/strong>:<\/p><ul><li>\u00cdrott vizsga az alaptant\u00e1rgyakb\u00f3l:\u00a0<a href=\"https:\/\/www.apubb.ro\/download_file\/view\/156\/535\">K\u00f6zigazgat\u00e1s<\/a>\u00a0jog \u00e9s k\u00f6zmenedzsment. Minden t\u00e1rgy eset\u00e9ben r\u00e1csteszt form\u00e1j\u00fa a vizsga (18 k\u00e9rd\u00e9s mindk\u00e9t tant\u00e1rgyb\u00f3l). Az \u00edr\u00e1sbeli vizsga id\u0151tartama 3 \u00f3ra. (10 kredit) Online vizsga eset\u00e9n sz\u00f3beli vizsga v\u00e1rhat\u00f3, 5 k\u00e9rd\u00e9s k\u00f6zigazgat\u00e1s jogb\u00f3l \u00e9s 5 k\u00e9rd\u00e9s k\u00f6zmenedzsmentb\u0151l.<\/li><li>Szakdolgozat megv\u00e9d\u00e9se (10 kredit)<\/li><\/ul>\t\t\t\t\t\t<\/div>\n\t\t\t\t<\/div>\n\t\t\t\t<div class=\"elementor-element elementor-element-87b140c elementor-widget elementor-widget-text-editor\" data-id=\"87b140c\" data-element_type=\"widget\" data-settings=\"{&quot;ekit_we_effect_on&quot;:&quot;none&quot;}\" data-widget_type=\"text-editor.default\">\n\t\t\t\t<div class=\"elementor-widget-container\">\n\t\t\t\t\t\t\t<p><strong>Szakdolgozat meg\u00edr\u00e1sa \u2013 minim\u00e1lis k\u00f6vetelm\u00e9nyek<\/strong><\/p><ul><li>K\u00f6zigazgat\u00e1s szakter\u00fcleten bel\u00fcli t\u00e9ma v\u00e1laszt\u00e1s;<\/li><li>A szakdolgozat formai k\u00f6vetelm\u00e9ny\u00e9nek betart\u00e1sa: bevezet\u00e9s, elm\u00e9leti r\u00e9sz, gyakorlati r\u00e9sz, konkl\u00fazi\u00f3 \u00e9s javaslatok;<\/li><li>Tartalmazzon saj\u00e1t kutat\u00e1son alapul\u00f3 gyakorlati r\u00e9szt, mely a dolgozat 40%-50% k\u00e9pezi;<\/li><li>Tiszteletben tartja a tudom\u00e1nyos dolgozat szab\u00e1lyait \u2013 p\u00e9ld\u00e1ul: id\u00e9z\u00e9s, bibliogr\u00e1fia, tartalom;<\/li><li>Minimum 40 oldal terjedelm\u0171 Times New Roman bet\u0171t\u00edpus 12-es karakterrel, m\u00e1sfeles sork\u00f6zzel;<\/li><li><a href=\"https:\/\/www.apubb.ro\/download_file\/view\/101\/535\">Tov\u00e1bbi hasznos inform\u00e1ci\u00f3k<\/a><\/li><\/ul><p><strong>Hasznos dokumentumok az \u00e1llamvizsga\u00edr\u00e1shoz:<\/strong><\/p><ul><li><a href=\"https:\/\/www.apubb.ro\/download_file\/view\/101\/535\" target=\"_blank\" rel=\"noopener\">Krit\u00e9riumok<\/a><\/li><li><a href=\"https:\/\/www.apubb.ro\/download_file\/view\/104\/535\" target=\"_blank\" rel=\"noopener\">Hivatkoz\u00e1si szab\u00e1lyzat<\/a><\/li><li><a href=\"https:\/\/www.apubb.ro\/download_file\/view\/103\/535\" target=\"_blank\" rel=\"noopener\">Hogyan el\u0151zz\u00fck meg a plagiz\u00e1l\u00e1st<\/a><\/li><li><a href=\"https:\/\/www.apubb.ro\/download_file\/view\/106\/535\" target=\"_blank\" rel=\"noopener\">Hogyan \u00edrjunk szakdolgozatot<\/a><\/li><li><a href=\"https:\/\/www.apubb.ro\/download_file\/view\/106\/535\">Hogy v\u00e1lasztunk t\u00e9m\u00e1t<\/a><\/li><\/ul><p><strong>Beiratkoz\u00e1shoz sz\u00fcks\u00e9ges iratok:<\/strong><\/p><ul><li>Bor\u00edt\u00e9k tipus\u00fa dosszi\u00e9<\/li><li>Beiratkoz\u00e1si \u0171rlap (titk\u00e1rs\u00e1gon ig\u00e9nyelhet\u0151)<\/li><li>\u00c9retts\u00e9gi diploma<\/li><li>\u00a0Liceumi t\u00f6rzsk\u00f6nyvi kivonat<\/li><li>Sz\u00fclet\u00e9si bizony\u00edtv\u00e1ny m\u00e1solat<\/li><li>Szem\u00e9lyazonoss\u00e1gi m\u00e1solat<\/li><li>2 db f\u00e9nyk\u00e9p<\/li><li>Nyelvvizsg\u00e1t igazol\u00f3 okirat<\/li><li>Bek\u00f6t\u00f6tt szakdolgozat<\/li><li>A dolgozatot tartalmaz\u00f3 merevlemez (CD)<\/li><li>Dolgozatot vezet\u0151 tan\u00e1r beleegyez\u00e9se<\/li><li>Eredetis\u00e9gi nyilatkozat<\/li><li>Vizsgad\u00edjat igazol\u00f3 nyugta (ha sz\u00fcks\u00e9ges)<ul><li style=\"list-style-type: none;\"><ul><li>\u00a0Vizsgad\u00edj 1.000 RON<\/li><li>Amennyiben sem j\u00faliusban sem febru\u00e1rban nem siker\u00fcl az \u00edr\u00e1sbeli vizsga<\/li><li>Amennyiben a tanulm\u00e1nyok befejez\u00e9se ut\u00e1n h\u00e1rom \u00e9vvel t\u00f6rt\u00e9nik a jelentkez\u00e9s<\/li><li>A kari kassz\u00e1n\u00e1l t\u00f6rt\u00e9nik a kifizet\u00e9s<\/li><\/ul><\/li><\/ul><\/li><\/ul><p><strong>Fontos tudnival\u00f3k<\/strong><\/p><ul><li>Az \u00edr\u00e1sbeli licensz vizsg\u00e1t minden \u00e9v j\u00falius\u00e1ban szervezik. Azok a hallgat\u00f3k, akik j\u00faliusban sikeresen v\u00e9gzik a tanulm\u00e1nyaikat, de nem szeretn\u00e9nek \u00e1llamvizsg\u00e1zni, beiratkozhatnak a k\u00f6vetkez\u0151 \u00e9vi febru\u00e1ri v\u00e9d\u00e9se<\/li><li>Az \u00edr\u00e1sbeli vizsg\u00e1re k\u00e9t alkalommal lehet ingyenesen beiratkozni (j\u00falisban \u00e9s febru\u00e1rban).<\/li><li>Az \u00e1llamvizsg\u00e1t a tanulm\u00e1nyok befejez\u00e9se ut\u00e1ni 3 \u00e9vben kell megv\u00e9deni, ellenkez\u0151 esetben vizsg\u00e1ztat\u00e1si d\u00edjat kell fizetni melynek \u00e9rt\u00e9ke 1,000 RON.<\/li><\/ul>\t\t\t\t\t\t<\/div>\n\t\t\t\t<\/div>\n\t\t\t\t\t<\/div>\n\t\t<\/div>\n\t\t\t\t<div class=\"elementor-column elementor-col-50 elementor-top-column elementor-element elementor-element-ed5af08\" data-id=\"ed5af08\" data-element_type=\"column\">\n\t\t\t<div class=\"elementor-widget-wrap elementor-element-populated\">\n\t\t\t\t\t\t\t\t<div class=\"elementor-element elementor-element-5fbf2ba elementor-widget elementor-widget-elementskit-heading\" data-id=\"5fbf2ba\" data-element_type=\"widget\" data-settings=\"{&quot;ekit_we_effect_on&quot;:&quot;none&quot;}\" data-widget_type=\"elementskit-heading.default\">\n\t\t\t\t<div class=\"elementor-widget-container\">\n\t\t\t<div class=\"ekit-wid-con\" ><div class=\"ekit-heading elementskit-section-title-wraper text_left   ekit_heading_tablet-   ekit_heading_mobile-\"><h4 class=\"ekit-heading--title elementskit-section-title \">Mesteri<\/h4><div class=\"ekit_heading_separetor_wraper ekit_heading_elementskit-border-divider elementskit-style-long\"><div class=\"elementskit-border-divider elementskit-style-long\"><\/div><\/div><\/div><\/div>\t\t<\/div>\n\t\t\t\t<\/div>\n\t\t\t\t<div class=\"elementor-element elementor-element-107b6f0 elementor-widget elementor-widget-text-editor\" data-id=\"107b6f0\" data-element_type=\"widget\" data-settings=\"{&quot;ekit_we_effect_on&quot;:&quot;none&quot;}\" data-widget_type=\"text-editor.default\">\n\t\t\t\t<div class=\"elementor-widget-container\">\n\t\t\t\t\t\t\t<p>A tanulm\u00e1nyok befejez\u00e9s\u00e9hez<strong> egy disszert\u00e1ci\u00f3 meg\u00edr\u00e1sa \u00e9s megv\u00e9d\u00e9se sz\u00fcks\u00e9ges<\/strong> (10 kredit). A disszert\u00e1ci\u00f3s dolgozat formai k\u00f6vetelm\u00e9nyei hasonl\u00f3k az \u00e1llamvizsga dolgozat k\u00f6vetelm\u00e9nyeihez, azzal a k\u00fcl\u00f6nbs\u00e9ggel, hogy komplexebb t\u00e9m\u00e1t \u00e9s kutat\u00e1st ig\u00e9nyel.<strong><br \/><\/strong><\/p><p><strong>Disszert\u00e1ci\u00f3 meg\u00edr\u00e1sa\u2013 minim\u00e1lis k\u00f6vetelm\u00e9nyek<\/strong><\/p><ul><li>A k\u00f6zigazgat\u00e1shoz kapcsol\u00f3d\u00f3 t\u00e9ma v\u00e1laszt\u00e1sa, a mesteri szaknak specifikusan. Nem lehet ugyan azt a dolgozatot \u00e1llamvizsg\u00e1n \u00e9s disszert\u00e1ci\u00f3n is bemutatni. A vezet\u0151tan\u00e1r enged\u00e9ly\u00e9vel lehet folytatni a kor\u00e1bbi kutat\u00e1si t\u00e9m\u00e1t.<\/li><li>A szakdolgozat formai k\u00f6vetelm\u00e9ny\u00e9nek betart\u00e1sa: bevezet\u00e9s, elm\u00e9leti r\u00e9sz, gyakorlati r\u00e9sz, konkl\u00fazi\u00f3 \u00e9s javaslatok;<\/li><li>Tartalmazzon saj\u00e1t kutat\u00e1son alapul\u00f3 gyakorlati r\u00e9szt, mely a dolgozat 40%-50% k\u00e9pezi; azzal a k\u00fcl\u00f6nbs\u00e9ggel, hogy az elm\u00e9let \u00e9s a gyakorlat k\u00f6z\u00f6tti kapcsolatot \u00e9lesebben kell kibonatni.<\/li><li>Tiszteletben tartja a tudom\u00e1nyos dolgozat szab\u00e1lyait \u2013 p\u00e9ld\u00e1ul: id\u00e9z\u00e9s, bibliogr\u00e1fia, tartalom;<\/li><li>Minimum 60 oldal terjedelm\u0171 Times New Roman bet\u0171t\u00edpus 12-es karakterrel, m\u00e1sfeles sork\u00f6zzel;<\/li><\/ul><p>\u00a0<\/p><p><strong>Hasznos dokumentumok a disszert\u00e1ci\u00f3 \u00edr\u00e1shoz<br \/><\/strong><\/p><ul><li><a href=\"https:\/\/www.apubb.ro\/download_file\/view\/101\/535\" target=\"_blank\" rel=\"noopener\">K\u00f6vetelm\u00e9nyek<\/a><\/li><li><a href=\"https:\/\/www.apubb.ro\/download_file\/view\/104\/535\" target=\"_blank\" rel=\"noopener\">Hivatkoz\u00e1si szab\u00e1lyok<\/a><\/li><\/ul><p><strong>Beiratkoz\u00e1shoz sz\u00fcks\u00e9ges iratok<\/strong><\/p><ul><li><a href=\"http:\/\/www.apubb.ro\/wp-content\/uploads\/2018\/01\/fisa_inscriere_disertatie.docx\">Beiratkoz\u00e1si \u0171rlap<\/a>\u00a0(titk\u00e1rs\u00e1gon ig\u00e9nyelhet\u0151)<\/li><li>Bor\u00edt\u00e9k tipus\u00fa dosszi\u00e9<\/li><li>\u00c9retts\u00e9gi diploma \u00e9s liceumi t\u00f6rzsk\u00f6nyvi kivonat<\/li><li>Licensz diploma \u00e9s t\u00f6rzsk\u00f6nyvi kivonat<\/li><li>Sz\u00fclet\u00e9si bizony\u00edtv\u00e1ny m\u00e1solat<\/li><li>Szem\u00e9lyazonoss\u00e1gi m\u00e1solat<\/li><li>2 db f\u00e9nyk\u00e9p<\/li><li>Nyelvvizsg\u00e1t igazol\u00f3 okirat<\/li><li>Bek\u00f6t\u00f6tt szakdolgozat<\/li><li>A dolgozatot tartalmaz\u00f3 merevlemez (CD)<\/li><li>Dolgozatot vezet\u0151 tan\u00e1r beleegyez\u00e9se<\/li><li><a href=\"http:\/\/www.apubb.ro\/wp-content\/uploads\/2011\/02\/Declaratie-plagiat.doc\">Eredetis\u00e9gi nyilatkozat<\/a><\/li><li>Vizsgad\u00edjat igazol\u00f3 nyugta (ha sz\u00fcks\u00e9ges)<\/li><\/ul>\t\t\t\t\t\t<\/div>\n\t\t\t\t<\/div>\n\t\t\t\t\t<\/div>\n\t\t<\/div>\n\t\t\t\t\t\t\t<\/div>\n\t\t<\/section>\n\t\t\t\t<section data-particle_enable=\"false\" data-particle-mobile-disabled=\"false\" class=\"elementor-section elementor-top-section elementor-element elementor-element-875a35e elementor-section-boxed elementor-section-height-default elementor-section-height-default\" data-id=\"875a35e\" data-element_type=\"section\" data-settings=\"{&quot;background_background&quot;:&quot;classic&quot;,&quot;ekit_has_onepagescroll_dot&quot;:&quot;yes&quot;}\">\n\t\t\t\t\t\t<div class=\"elementor-container elementor-column-gap-default\">\n\t\t\t\t\t<div class=\"elementor-column elementor-col-33 elementor-top-column elementor-element elementor-element-be618b7\" data-id=\"be618b7\" data-element_type=\"column\">\n\t\t\t<div class=\"elementor-widget-wrap elementor-element-populated\">\n\t\t\t\t\t\t\t\t<div class=\"elementor-element elementor-element-f056339 elementor-widget__width-auto elementor-widget elementor-widget-heading\" data-id=\"f056339\" data-element_type=\"widget\" data-settings=\"{&quot;ekit_we_effect_on&quot;:&quot;none&quot;}\" data-widget_type=\"heading.default\">\n\t\t\t\t<div class=\"elementor-widget-container\">\n\t\t\t<h3 class=\"elementor-heading-title elementor-size-default\">Vrei mai multe informa\u021bii?<\/h3>\t\t<\/div>\n\t\t\t\t<\/div>\n\t\t\t\t\t<\/div>\n\t\t<\/div>\n\t\t\t\t<div class=\"elementor-column elementor-col-33 elementor-top-column elementor-element elementor-element-7ed8966\" data-id=\"7ed8966\" data-element_type=\"column\">\n\t\t\t<div class=\"elementor-widget-wrap elementor-element-populated\">\n\t\t\t\t\t\t\t\t<div class=\"elementor-element elementor-element-c9ae428 elementor-widget__width-auto elementor-widget elementor-widget-text-editor\" data-id=\"c9ae428\" data-element_type=\"widget\" data-settings=\"{&quot;ekit_we_effect_on&quot;:&quot;none&quot;}\" data-widget_type=\"text-editor.default\">\n\t\t\t\t<div class=\"elementor-widget-container\">\n\t\t\t\t\t\t\t<p>Cau\u021bi ceva anume \u0219i nu reu\u0219e\u0219ti s\u0103 g\u0103se\u0219ti? Nicio problem\u0103! D\u0103-ne un semn \u0219i te ajut\u0103m noi. Sau poate vrei s\u0103 treci pe la noi ca s\u0103 vezi facultatea \u0219i campusul? Excelent, spune-ne c\u00e2nd \u0219i de restul ne ocup\u0103m noi!<\/p>\t\t\t\t\t\t<\/div>\n\t\t\t\t<\/div>\n\t\t\t\t\t<\/div>\n\t\t<\/div>\n\t\t\t\t<div class=\"elementor-column elementor-col-33 elementor-top-column elementor-element elementor-element-3ff6b71\" data-id=\"3ff6b71\" data-element_type=\"column\" data-settings=\"{&quot;background_background&quot;:&quot;classic&quot;}\">\n\t\t\t<div class=\"elementor-widget-wrap elementor-element-populated\">\n\t\t\t\t\t\t\t\t<div class=\"elementor-element elementor-element-6f552f3 elementor-align-justify elementor-mobile-align-left elementor-widget elementor-widget-button\" data-id=\"6f552f3\" data-element_type=\"widget\" data-settings=\"{&quot;ekit_we_effect_on&quot;:&quot;none&quot;}\" data-widget_type=\"button.default\">\n\t\t\t\t<div class=\"elementor-widget-container\">\n\t\t\t\t\t<div class=\"elementor-button-wrapper\">\n\t\t\t<a class=\"elementor-button elementor-button-link elementor-size-sm\" href=\"https:\/\/amp.fspac.ubbcluj.ro\/maghiara\/contact\/\">\n\t\t\t\t\t\t<span class=\"elementor-button-content-wrapper\">\n\t\t\t\t\t\t<span class=\"elementor-button-icon elementor-align-icon-right\">\n\t\t\t\t<i aria-hidden=\"true\" class=\"vamtamtheme- vamtam-theme-arrow-right\"><\/i>\t\t\t<\/span>\n\t\t\t\t\t\t<span class=\"elementor-button-text\">Contacteaz\u0103-ne<\/span>\n\t\t<\/span>\n\t\t\t\t\t<\/a>\n\t\t<\/div>\n\t\t\t\t<\/div>\n\t\t\t\t<\/div>\n\t\t\t\t\t<\/div>\n\t\t<\/div>\n\t\t\t\t\t\t\t<\/div>\n\t\t<\/section>\n\t\t\t\t\t\t\t<\/div>\n\t\t","protected":false},"excerpt":{"rendered":"<p>TANULM\u00c1NYOK BEFEJEZ\u00c9SE Alapk\u00e9pz\u00e9s Az \u00e1llamvizsga megv\u00e9d\u00e9s\u00e9nek egyik r\u00e9sze az \u00edr\u00e1sbeli vizsga: \u00cdrott vizsga az alaptant\u00e1rgyakb\u00f3l:\u00a0K\u00f6zigazgat\u00e1s\u00a0jog \u00e9s k\u00f6zmenedzsment. Minden t\u00e1rgy eset\u00e9ben r\u00e1csteszt form\u00e1j\u00fa a vizsga (18 k\u00e9rd\u00e9s mindk\u00e9t tant\u00e1rgyb\u00f3l). Az \u00edr\u00e1sbeli vizsga id\u0151tartama 3 \u00f3ra. (10 kredit) Online vizsga eset\u00e9n sz\u00f3beli vizsga v\u00e1rhat\u00f3, 5 k\u00e9rd\u00e9s k\u00f6zigazgat\u00e1s jogb\u00f3l \u00e9s 5 k\u00e9rd\u00e9s k\u00f6zmenedzsmentb\u0151l. Szakdolgozat megv\u00e9d\u00e9se (10 kredit) Szakdolgozat&#8230;<\/p>\n","protected":false},"author":1,"featured_media":0,"parent":0,"menu_order":0,"comment_status":"closed","ping_status":"closed","template":"","meta":{"footnotes":""},"class_list":["post-988631","page","type-page","status-publish","hentry"],"_links":{"self":[{"href":"https:\/\/amp.fspac.ubbcluj.ro\/maghiara\/wp-json\/wp\/v2\/pages\/988631","targetHints":{"allow":["GET"]}}],"collection":[{"href":"https:\/\/amp.fspac.ubbcluj.ro\/maghiara\/wp-json\/wp\/v2\/pages"}],"about":[{"href":"https:\/\/amp.fspac.ubbcluj.ro\/maghiara\/wp-json\/wp\/v2\/types\/page"}],"author":[{"embeddable":true,"href":"https:\/\/amp.fspac.ubbcluj.ro\/maghiara\/wp-json\/wp\/v2\/users\/1"}],"replies":[{"embeddable":true,"href":"https:\/\/amp.fspac.ubbcluj.ro\/maghiara\/wp-json\/wp\/v2\/comments?post=988631"}],"version-history":[{"count":19,"href":"https:\/\/amp.fspac.ubbcluj.ro\/maghiara\/wp-json\/wp\/v2\/pages\/988631\/revisions"}],"predecessor-version":[{"id":989145,"href":"https:\/\/amp.fspac.ubbcluj.ro\/maghiara\/wp-json\/wp\/v2\/pages\/988631\/revisions\/989145"}],"wp:attachment":[{"href":"https:\/\/amp.fspac.ubbcluj.ro\/maghiara\/wp-json\/wp\/v2\/media?parent=988631"}],"curies":[{"name":"wp","href":"https:\/\/api.w.org\/{rel}","templated":true}]}}