{"id":988645,"date":"2023-02-05T17:44:25","date_gmt":"2023-02-05T17:44:25","guid":{"rendered":"https:\/\/amp.fspac.ubbcluj.ro\/maghiara\/?page_id=988645"},"modified":"2023-02-15T18:53:47","modified_gmt":"2023-02-15T18:53:47","slug":"conferinta-anuala-a-studentilor","status":"publish","type":"page","link":"https:\/\/amp.fspac.ubbcluj.ro\/maghiara\/conferinta-anuala-a-studentilor\/","title":{"rendered":"Conferin\u021ba Anual\u0103 a Studen\u021bilor"},"content":{"rendered":"\t\t<div data-elementor-type=\"wp-page\" data-elementor-id=\"988645\" class=\"elementor elementor-988645\">\n\t\t\t\t\t\t\t\t\t<section data-particle_enable=\"false\" data-particle-mobile-disabled=\"false\" class=\"elementor-section elementor-top-section elementor-element elementor-element-3c40c12 elementor-section-height-min-height elementor-section-boxed elementor-section-height-default elementor-section-items-middle\" data-id=\"3c40c12\" data-element_type=\"section\" data-settings=\"{&quot;background_background&quot;:&quot;classic&quot;,&quot;animation&quot;:&quot;none&quot;,&quot;ekit_has_onepagescroll_dot&quot;:&quot;yes&quot;}\">\n\t\t\t\t\t\t<div class=\"elementor-container elementor-column-gap-default\">\n\t\t\t\t\t<div class=\"elementor-column elementor-col-100 elementor-top-column elementor-element elementor-element-1bb13b64\" data-id=\"1bb13b64\" data-element_type=\"column\" data-settings=\"{&quot;background_background&quot;:&quot;classic&quot;}\">\n\t\t\t<div class=\"elementor-widget-wrap\">\n\t\t\t\t\t\t\t\t\t<\/div>\n\t\t<\/div>\n\t\t\t\t\t\t\t<\/div>\n\t\t<\/section>\n\t\t\t\t<section data-particle_enable=\"false\" data-particle-mobile-disabled=\"false\" class=\"elementor-section elementor-top-section elementor-element elementor-element-55f925de elementor-section-boxed elementor-section-height-default elementor-section-height-default\" data-id=\"55f925de\" data-element_type=\"section\" data-settings=\"{&quot;animation&quot;:&quot;none&quot;,&quot;animation_tablet&quot;:&quot;none&quot;,&quot;animation_mobile&quot;:&quot;none&quot;,&quot;ekit_has_onepagescroll_dot&quot;:&quot;yes&quot;}\">\n\t\t\t\t\t\t<div class=\"elementor-container elementor-column-gap-no\">\n\t\t\t\t\t<div class=\"elementor-column elementor-col-50 elementor-top-column elementor-element elementor-element-7fc4130a animated-fast elementor-invisible\" data-id=\"7fc4130a\" data-element_type=\"column\" data-settings=\"{&quot;background_background&quot;:&quot;classic&quot;,&quot;animation&quot;:&quot;fadeIn&quot;,&quot;animation_delay&quot;:100}\">\n\t\t\t<div class=\"elementor-widget-wrap elementor-element-populated\">\n\t\t\t\t\t\t\t\t<div class=\"elementor-element elementor-element-4e7c6acb elementor-widget__width-auto elementor-widget-tablet__width-auto elementor-widget-mobile__width-inherit elementor-widget elementor-widget-heading\" data-id=\"4e7c6acb\" data-element_type=\"widget\" data-settings=\"{&quot;_animation&quot;:&quot;none&quot;,&quot;_animation_delay&quot;:200,&quot;ekit_we_effect_on&quot;:&quot;none&quot;}\" data-widget_type=\"heading.heading_charityfy\">\n\t\t\t\t<div class=\"elementor-widget-container\">\n\t\t\t<h1 class=\"elementor-heading-title elementor-size-default\">KONFERENCI\u00c1K<\/h1>\t\t<\/div>\n\t\t\t\t<\/div>\n\t\t\t\t\t<\/div>\n\t\t<\/div>\n\t\t\t\t<div class=\"elementor-column elementor-col-50 elementor-top-column elementor-element elementor-element-3b5ab089 elementor-hidden-desktop elementor-hidden-tablet elementor-hidden-phone\" data-id=\"3b5ab089\" data-element_type=\"column\">\n\t\t\t<div class=\"elementor-widget-wrap\">\n\t\t\t\t\t\t\t\t\t<\/div>\n\t\t<\/div>\n\t\t\t\t\t\t\t<\/div>\n\t\t<\/section>\n\t\t\t\t<section data-particle_enable=\"false\" data-particle-mobile-disabled=\"false\" class=\"elementor-section elementor-top-section elementor-element elementor-element-de3ee40 elementor-section-content-middle elementor-section-boxed elementor-section-height-default elementor-section-height-default\" data-id=\"de3ee40\" data-element_type=\"section\" data-settings=\"{&quot;ekit_has_onepagescroll_dot&quot;:&quot;yes&quot;}\">\n\t\t\t\t\t\t<div class=\"elementor-container elementor-column-gap-no\">\n\t\t\t\t\t<div class=\"elementor-column elementor-col-50 elementor-top-column elementor-element elementor-element-7a44bf4\" data-id=\"7a44bf4\" data-element_type=\"column\">\n\t\t\t<div class=\"elementor-widget-wrap elementor-element-populated\">\n\t\t\t\t\t\t\t\t<div class=\"elementor-element elementor-element-d6905ae elementor-widget-divider--view-line elementor-widget elementor-widget-divider\" data-id=\"d6905ae\" data-element_type=\"widget\" data-settings=\"{&quot;ekit_we_effect_on&quot;:&quot;none&quot;}\" data-widget_type=\"divider.default\">\n\t\t\t\t<div class=\"elementor-widget-container\">\n\t\t\t\t\t<div class=\"elementor-divider\">\n\t\t\t<span class=\"elementor-divider-separator\">\n\t\t\t\t\t\t<\/span>\n\t\t<\/div>\n\t\t\t\t<\/div>\n\t\t\t\t<\/div>\n\t\t\t\t<div class=\"elementor-element elementor-element-ce8246c elementor-widget elementor-widget-heading\" data-id=\"ce8246c\" data-element_type=\"widget\" data-settings=\"{&quot;ekit_we_effect_on&quot;:&quot;none&quot;}\" data-widget_type=\"heading.default\">\n\t\t\t\t<div class=\"elementor-widget-container\">\n\t\t\t<h4 class=\"elementor-heading-title elementor-size-default\">A K\u00d6ZIGAZGAT\u00c1S SZAKON LEV\u0150 HALLGAT\u00d3K \u00c9VES KONFERENCI\u00c1JA\n<\/h4>\t\t<\/div>\n\t\t\t\t<\/div>\n\t\t\t\t\t<\/div>\n\t\t<\/div>\n\t\t\t\t<div class=\"elementor-column elementor-col-50 elementor-top-column elementor-element elementor-element-5d08388\" data-id=\"5d08388\" data-element_type=\"column\">\n\t\t\t<div class=\"elementor-widget-wrap elementor-element-populated\">\n\t\t\t\t\t\t\t\t<div class=\"elementor-element elementor-element-9d078a1 elementor-widget elementor-widget-text-editor\" data-id=\"9d078a1\" data-element_type=\"widget\" data-settings=\"{&quot;ekit_we_effect_on&quot;:&quot;none&quot;}\" data-widget_type=\"text-editor.default\">\n\t\t\t\t<div class=\"elementor-widget-container\">\n\t\t\t\t\t\t\t<p>Az 1990-es \u00e9vek v\u00e9g\u00e9n a K\u00f6zigazgat\u00e1s- \u00e9s K\u00f6zmenedzsement Kar \u00e9ves konferenci\u00e1kat kezdett szervezni a szakot v\u00e9gz\u0151 di\u00e1kok sz\u00e1m\u00e1ra. A szak kihelyezett tagozataival Beszterc\u00e9r\u0151l, Szatm\u00e1rn\u00e9metib\u0151l \u00e9s Sepsiszentgy\u00f6rgyr\u0151l, \u00e9s a kolozsv\u00e1ri Karral egy\u00fctt \u00edgy 2011-ig felv\u00e1ltva szervezte a konferenci\u00e1kat. A finansz\u00edroz\u00e1st a Babes-Bolyai Tudom\u00e1nyegyetem \u00e1llta bizonyos priv\u00e1t szponzorokkal egy\u00fctt. 2008-al kezdve, ezekre a konferenci\u00e1kra m\u00e1r a partner egyetemek di\u00e1kjai \u00e9s tan\u00e1ri kara is megvolt h\u00edvva, pontosabban az ASE Bucuresti \u00e9s a j\u00e1szv\u00e1s\u00e1ri Al.I Cuza egyetemekr\u0151l. \u00c1tlagosan a kezdeti id\u0151szakban a konferenci\u00e1kon k\u00f6r\u00fclbel\u00fcl 40 di\u00e1k \u00e9s 15 oktat\u00f3 vett r\u00e9szt. A konferenci\u00e1t altal\u00e1ban m\u00e1jusban szervezik meg.<\/p>\t\t\t\t\t\t<\/div>\n\t\t\t\t<\/div>\n\t\t\t\t\t<\/div>\n\t\t<\/div>\n\t\t\t\t\t\t\t<\/div>\n\t\t<\/section>\n\t\t\t\t<section data-particle_enable=\"false\" data-particle-mobile-disabled=\"false\" class=\"elementor-section elementor-top-section elementor-element elementor-element-6d77e39 elementor-section-boxed elementor-section-height-default elementor-section-height-default\" data-id=\"6d77e39\" data-element_type=\"section\" data-settings=\"{&quot;background_background&quot;:&quot;classic&quot;,&quot;ekit_has_onepagescroll_dot&quot;:&quot;yes&quot;}\">\n\t\t\t\t\t\t<div class=\"elementor-container elementor-column-gap-default\">\n\t\t\t\t\t<div class=\"elementor-column elementor-col-33 elementor-top-column elementor-element elementor-element-6cc57e1\" data-id=\"6cc57e1\" data-element_type=\"column\">\n\t\t\t<div class=\"elementor-widget-wrap elementor-element-populated\">\n\t\t\t\t\t\t\t\t<div class=\"elementor-element elementor-element-966cb92 elementor-widget__width-auto elementor-widget elementor-widget-heading\" data-id=\"966cb92\" data-element_type=\"widget\" data-settings=\"{&quot;ekit_we_effect_on&quot;:&quot;none&quot;}\" data-widget_type=\"heading.default\">\n\t\t\t\t<div class=\"elementor-widget-container\">\n\t\t\t<h3 class=\"elementor-heading-title elementor-size-default\">K\u00e9rd\u00e9sed van?<\/h3>\t\t<\/div>\n\t\t\t\t<\/div>\n\t\t\t\t\t<\/div>\n\t\t<\/div>\n\t\t\t\t<div class=\"elementor-column elementor-col-33 elementor-top-column elementor-element elementor-element-213431b\" data-id=\"213431b\" data-element_type=\"column\">\n\t\t\t<div class=\"elementor-widget-wrap elementor-element-populated\">\n\t\t\t\t\t\t\t\t<div class=\"elementor-element elementor-element-6ff4b5b elementor-widget__width-auto elementor-widget elementor-widget-text-editor\" data-id=\"6ff4b5b\" data-element_type=\"widget\" data-settings=\"{&quot;ekit_we_effect_on&quot;:&quot;none&quot;}\" data-widget_type=\"text-editor.default\">\n\t\t\t\t<div class=\"elementor-widget-container\">\n\t\t\t\t\t\t\t<p>Kerest\u00e9l valamit \u00e9s nem tal\u00e1ltad meg? Semmi gond! Sz\u00f3lj nek\u00fcnk \u00e9s mi seg\u00edt\u00fcnk. Vagy esetleg szeretn\u00e9l beugrani, hogy megn\u00e9zd a tantest\u00fcletet \u00e9s a kampuszt? Remek, tudasd vel\u00fcnk, hogy mikor, \u00e9s mi gondoskodunk a t\u00f6bbir\u0151l!<\/p>\t\t\t\t\t\t<\/div>\n\t\t\t\t<\/div>\n\t\t\t\t\t<\/div>\n\t\t<\/div>\n\t\t\t\t<div class=\"elementor-column elementor-col-33 elementor-top-column elementor-element elementor-element-a994c7c\" data-id=\"a994c7c\" data-element_type=\"column\" data-settings=\"{&quot;background_background&quot;:&quot;classic&quot;}\">\n\t\t\t<div class=\"elementor-widget-wrap elementor-element-populated\">\n\t\t\t\t\t\t\t\t<div class=\"elementor-element elementor-element-a4bad2c elementor-align-justify elementor-mobile-align-left elementor-widget elementor-widget-button\" data-id=\"a4bad2c\" data-element_type=\"widget\" data-settings=\"{&quot;ekit_we_effect_on&quot;:&quot;none&quot;}\" data-widget_type=\"button.default\">\n\t\t\t\t<div class=\"elementor-widget-container\">\n\t\t\t\t\t<div class=\"elementor-button-wrapper\">\n\t\t\t<a class=\"elementor-button elementor-button-link elementor-size-sm\" href=\"https:\/\/amp.fspac.ubbcluj.ro\/maghiara\/contact\/\">\n\t\t\t\t\t\t<span class=\"elementor-button-content-wrapper\">\n\t\t\t\t\t\t<span class=\"elementor-button-icon elementor-align-icon-right\">\n\t\t\t\t<i aria-hidden=\"true\" class=\"vamtamtheme- vamtam-theme-arrow-right\"><\/i>\t\t\t<\/span>\n\t\t\t\t\t\t<span class=\"elementor-button-text\">\u00cdrj nek\u00fcnk!<\/span>\n\t\t<\/span>\n\t\t\t\t\t<\/a>\n\t\t<\/div>\n\t\t\t\t<\/div>\n\t\t\t\t<\/div>\n\t\t\t\t\t<\/div>\n\t\t<\/div>\n\t\t\t\t\t\t\t<\/div>\n\t\t<\/section>\n\t\t\t\t\t\t\t<\/div>\n\t\t","protected":false},"excerpt":{"rendered":"<p>KONFERENCI\u00c1K A K\u00d6ZIGAZGAT\u00c1S SZAKON LEV\u0150 HALLGAT\u00d3K \u00c9VES KONFERENCI\u00c1JA Az 1990-es \u00e9vek v\u00e9g\u00e9n a K\u00f6zigazgat\u00e1s- \u00e9s K\u00f6zmenedzsement Kar \u00e9ves konferenci\u00e1kat kezdett szervezni a szakot v\u00e9gz\u0151 di\u00e1kok sz\u00e1m\u00e1ra. A szak kihelyezett tagozataival Beszterc\u00e9r\u0151l, Szatm\u00e1rn\u00e9metib\u0151l \u00e9s Sepsiszentgy\u00f6rgyr\u0151l, \u00e9s a kolozsv\u00e1ri Karral egy\u00fctt \u00edgy 2011-ig felv\u00e1ltva szervezte a konferenci\u00e1kat. A finansz\u00edroz\u00e1st a Babes-Bolyai Tudom\u00e1nyegyetem \u00e1llta bizonyos priv\u00e1t szponzorokkal egy\u00fctt&#8230;.<\/p>\n","protected":false},"author":1,"featured_media":0,"parent":0,"menu_order":0,"comment_status":"closed","ping_status":"closed","template":"","meta":{"footnotes":""},"class_list":["post-988645","page","type-page","status-publish","hentry"],"_links":{"self":[{"href":"https:\/\/amp.fspac.ubbcluj.ro\/maghiara\/wp-json\/wp\/v2\/pages\/988645","targetHints":{"allow":["GET"]}}],"collection":[{"href":"https:\/\/amp.fspac.ubbcluj.ro\/maghiara\/wp-json\/wp\/v2\/pages"}],"about":[{"href":"https:\/\/amp.fspac.ubbcluj.ro\/maghiara\/wp-json\/wp\/v2\/types\/page"}],"author":[{"embeddable":true,"href":"https:\/\/amp.fspac.ubbcluj.ro\/maghiara\/wp-json\/wp\/v2\/users\/1"}],"replies":[{"embeddable":true,"href":"https:\/\/amp.fspac.ubbcluj.ro\/maghiara\/wp-json\/wp\/v2\/comments?post=988645"}],"version-history":[{"count":16,"href":"https:\/\/amp.fspac.ubbcluj.ro\/maghiara\/wp-json\/wp\/v2\/pages\/988645\/revisions"}],"predecessor-version":[{"id":989168,"href":"https:\/\/amp.fspac.ubbcluj.ro\/maghiara\/wp-json\/wp\/v2\/pages\/988645\/revisions\/989168"}],"wp:attachment":[{"href":"https:\/\/amp.fspac.ubbcluj.ro\/maghiara\/wp-json\/wp\/v2\/media?parent=988645"}],"curies":[{"name":"wp","href":"https:\/\/api.w.org\/{rel}","templated":true}]}}