{"id":988684,"date":"2023-02-05T18:04:50","date_gmt":"2023-02-05T18:04:50","guid":{"rendered":"https:\/\/amp.fspac.ubbcluj.ro\/maghiara\/?page_id=988684"},"modified":"2023-02-15T18:44:00","modified_gmt":"2023-02-15T18:44:00","slug":"biblioteca","status":"publish","type":"page","link":"https:\/\/amp.fspac.ubbcluj.ro\/maghiara\/biblioteca\/","title":{"rendered":"Bibliotec\u0103"},"content":{"rendered":"\t\t<div data-elementor-type=\"wp-page\" data-elementor-id=\"988684\" class=\"elementor elementor-988684\">\n\t\t\t\t\t\t\t\t\t<section data-particle_enable=\"false\" data-particle-mobile-disabled=\"false\" class=\"elementor-section elementor-top-section elementor-element elementor-element-3c40c12 elementor-section-height-min-height elementor-section-boxed elementor-section-height-default elementor-section-items-middle\" data-id=\"3c40c12\" data-element_type=\"section\" data-settings=\"{&quot;background_background&quot;:&quot;classic&quot;,&quot;animation&quot;:&quot;none&quot;,&quot;ekit_has_onepagescroll_dot&quot;:&quot;yes&quot;}\">\n\t\t\t\t\t\t<div class=\"elementor-container elementor-column-gap-default\">\n\t\t\t\t\t<div class=\"elementor-column elementor-col-100 elementor-top-column elementor-element elementor-element-1bb13b64\" data-id=\"1bb13b64\" data-element_type=\"column\" data-settings=\"{&quot;background_background&quot;:&quot;classic&quot;}\">\n\t\t\t<div class=\"elementor-widget-wrap\">\n\t\t\t\t\t\t\t\t\t<\/div>\n\t\t<\/div>\n\t\t\t\t\t\t\t<\/div>\n\t\t<\/section>\n\t\t\t\t<section data-particle_enable=\"false\" data-particle-mobile-disabled=\"false\" class=\"elementor-section elementor-top-section elementor-element elementor-element-55f925de elementor-section-boxed elementor-section-height-default elementor-section-height-default\" data-id=\"55f925de\" data-element_type=\"section\" data-settings=\"{&quot;animation&quot;:&quot;none&quot;,&quot;animation_tablet&quot;:&quot;none&quot;,&quot;animation_mobile&quot;:&quot;none&quot;,&quot;ekit_has_onepagescroll_dot&quot;:&quot;yes&quot;}\">\n\t\t\t\t\t\t<div class=\"elementor-container elementor-column-gap-no\">\n\t\t\t\t\t<div class=\"elementor-column elementor-col-50 elementor-top-column elementor-element elementor-element-7fc4130a animated-fast elementor-invisible\" data-id=\"7fc4130a\" data-element_type=\"column\" data-settings=\"{&quot;background_background&quot;:&quot;classic&quot;,&quot;animation&quot;:&quot;fadeIn&quot;,&quot;animation_delay&quot;:100}\">\n\t\t\t<div class=\"elementor-widget-wrap elementor-element-populated\">\n\t\t\t\t\t\t\t\t<div class=\"elementor-element elementor-element-4e7c6acb elementor-widget__width-auto elementor-widget-tablet__width-auto elementor-widget-mobile__width-inherit elementor-widget elementor-widget-heading\" data-id=\"4e7c6acb\" data-element_type=\"widget\" data-settings=\"{&quot;_animation&quot;:&quot;none&quot;,&quot;_animation_delay&quot;:200,&quot;ekit_we_effect_on&quot;:&quot;none&quot;}\" data-widget_type=\"heading.heading_charityfy\">\n\t\t\t\t<div class=\"elementor-widget-container\">\n\t\t\t<h1 class=\"elementor-heading-title elementor-size-default\">K\u00f6nyvt\u00e1r<\/h1>\t\t<\/div>\n\t\t\t\t<\/div>\n\t\t\t\t\t<\/div>\n\t\t<\/div>\n\t\t\t\t<div class=\"elementor-column elementor-col-50 elementor-top-column elementor-element elementor-element-3b5ab089 elementor-hidden-desktop elementor-hidden-tablet elementor-hidden-phone\" data-id=\"3b5ab089\" data-element_type=\"column\">\n\t\t\t<div class=\"elementor-widget-wrap\">\n\t\t\t\t\t\t\t\t\t<\/div>\n\t\t<\/div>\n\t\t\t\t\t\t\t<\/div>\n\t\t<\/section>\n\t\t\t\t<section data-particle_enable=\"false\" data-particle-mobile-disabled=\"false\" class=\"elementor-section elementor-top-section elementor-element elementor-element-a142099 elementor-section-boxed elementor-section-height-default elementor-section-height-default\" data-id=\"a142099\" data-element_type=\"section\" data-settings=\"{&quot;ekit_has_onepagescroll_dot&quot;:&quot;yes&quot;}\">\n\t\t\t\t\t\t<div class=\"elementor-container elementor-column-gap-default\">\n\t\t\t\t\t<div class=\"elementor-column elementor-col-50 elementor-top-column elementor-element elementor-element-797de9c\" data-id=\"797de9c\" data-element_type=\"column\">\n\t\t\t<div class=\"elementor-widget-wrap elementor-element-populated\">\n\t\t\t\t\t\t\t\t<div class=\"elementor-element elementor-element-17a6557 elementor-widget elementor-widget-elementskit-heading\" data-id=\"17a6557\" data-element_type=\"widget\" data-settings=\"{&quot;ekit_we_effect_on&quot;:&quot;none&quot;}\" data-widget_type=\"elementskit-heading.default\">\n\t\t\t\t<div class=\"elementor-widget-container\">\n\t\t\t<div class=\"ekit-wid-con\" ><div class=\"ekit-heading elementskit-section-title-wraper text_left   ekit_heading_tablet-   ekit_heading_mobile-\"><h4 class=\"ekit-heading--title elementskit-section-title \">K\u00f6nyvt\u00e1r<\/h4><div class=\"ekit_heading_separetor_wraper ekit_heading_elementskit-border-divider elementskit-style-long\"><div class=\"elementskit-border-divider elementskit-style-long\"><\/div><\/div><\/div><\/div>\t\t<\/div>\n\t\t\t\t<\/div>\n\t\t\t\t<div class=\"elementor-element elementor-element-373750d elementor-widget elementor-widget-text-editor\" data-id=\"373750d\" data-element_type=\"widget\" data-settings=\"{&quot;ekit_we_effect_on&quot;:&quot;none&quot;}\" data-widget_type=\"text-editor.default\">\n\t\t\t\t<div class=\"elementor-widget-container\">\n\t\t\t\t\t\t\t<p>Az egyik legvag\u00e1nyabb dolog az egyetemen a k\u00f6nyvt\u00e1r (a f\u00f6ldszinten), ahol t\u00f6bb mint 22.000 k\u00f6tet, mintegy 2000 foly\u00f3\u00edrat, amelyek t\u00e1ra folyamatosan b\u0151v\u00fcl olyan ter\u00fclteken mint a nemek t\u00e9m\u00e1ja, szociol\u00f3gia, nacionalizmus, politikai ideol\u00f3gi\u00e1k, \u00f6sszehasonl\u00edt\u00f3 politika, politikai elm\u00e9let, \u00fajs\u00e1g\u00edr\u00e1s, kommunik\u00e1ci\u00f3s tudom\u00e1nyok, nemzetk\u00f6zi kapcsolatok, jog, k\u00f6zigazgat\u00e1s.<\/p><p>A FSPAC k\u00f6nyvt\u00e1ra 1994-ben kezdte m\u0171k\u00f6d\u00e9s\u00e9t, amikor a Politika Tudom\u00e1nyok Egyetem r\u00e9szese lett az IREX (Nemzetk\u00f6zi Kutat\u00f3csere) programnak valamint a Soros Alap\u00edtv\u00e1nyt\u00f3l sz\u00e1rmaz\u00f3 k\u00f6nyvek \u00e9s foly\u00f3\u00edratok adom\u00e1nyaib\u00f3l. 1998-ban a Politika Tudom\u00e1nyok Egyeteme a B.C.U. &#8220;Lucian Blaga&#8221;kolozsv\u00e1ri fi\u00f3kk\u00f6nyvt\u00e1ra lett.<\/p><p>Ui. Ez a legcsendesebb ter\u00fclete az eg\u00e9sz FSPAC egyetemnek (az amfite\u00e1trum el\u0151tti t\u00e9r mellett 101), ahol projekteket k\u00e9sz\u00edthetsz, ahol vizsg\u00e1ra k\u00e9sz\u00fclhetsz, vagy csak egyszer\u0171en elolvashatsz egy \u00e9rdekes k\u00f6nyvet.<\/p>\t\t\t\t\t\t<\/div>\n\t\t\t\t<\/div>\n\t\t\t\t<div class=\"elementor-element elementor-element-a0d72be elementor-widget elementor-widget-elementskit-heading\" data-id=\"a0d72be\" data-element_type=\"widget\" data-settings=\"{&quot;ekit_we_effect_on&quot;:&quot;none&quot;}\" data-widget_type=\"elementskit-heading.default\">\n\t\t\t\t<div class=\"elementor-widget-container\">\n\t\t\t<div class=\"ekit-wid-con\" ><div class=\"ekit-heading elementskit-section-title-wraper text_left   ekit_heading_tablet-   ekit_heading_mobile-\"><h4 class=\"ekit-heading--title elementskit-section-title \">Hogyan szerezhetsz hozz\u00e1f\u00e9r\u00e9st a k\u00f6nyvt\u00e1rhoz?<\/h4><div class=\"ekit_heading_separetor_wraper ekit_heading_elementskit-border-divider elementskit-style-long\"><div class=\"elementskit-border-divider elementskit-style-long\"><\/div><\/div><\/div><\/div>\t\t<\/div>\n\t\t\t\t<\/div>\n\t\t\t\t<div class=\"elementor-element elementor-element-4b8881a elementor-widget elementor-widget-text-editor\" data-id=\"4b8881a\" data-element_type=\"widget\" data-settings=\"{&quot;ekit_we_effect_on&quot;:&quot;none&quot;}\" data-widget_type=\"text-editor.default\">\n\t\t\t\t<div class=\"elementor-widget-container\">\n\t\t\t\t\t\t\t<p>Enged\u00e9lyt kell kapnod a BCU-n\u00e1l, hogy hozz\u00e1f\u00e9rj az Egyetemi K\u00f6zponti K\u00f6nyvt\u00e1rhoz \u00e9s ez \u00e1ltal az \u00f6sszes Babe\u0219 Bolyai Tudom\u00e1nyegyetem k\u00f6nyvt\u00e1r\u00e1hoz. Az enged\u00e9ly kiv\u00e1lthat\u00f3 a BCU-ban, a lev\u00e9lt\u00e1rban \u00e9s az FSEGA-k\u00f6nyvt\u00e1rban.<\/p>\t\t\t\t\t\t<\/div>\n\t\t\t\t<\/div>\n\t\t\t\t\t<\/div>\n\t\t<\/div>\n\t\t\t\t<div class=\"elementor-column elementor-col-50 elementor-top-column elementor-element elementor-element-ed5af08\" data-id=\"ed5af08\" data-element_type=\"column\">\n\t\t\t<div class=\"elementor-widget-wrap elementor-element-populated\">\n\t\t\t\t\t\t\t\t<div class=\"elementor-element elementor-element-5fbf2ba elementor-widget elementor-widget-elementskit-heading\" data-id=\"5fbf2ba\" data-element_type=\"widget\" data-settings=\"{&quot;ekit_we_effect_on&quot;:&quot;none&quot;}\" data-widget_type=\"elementskit-heading.default\">\n\t\t\t\t<div class=\"elementor-widget-container\">\n\t\t\t<div class=\"ekit-wid-con\" ><div class=\"ekit-heading elementskit-section-title-wraper text_left   ekit_heading_tablet-   ekit_heading_mobile-\"><h4 class=\"ekit-heading--title elementskit-section-title \">K\u00f6nyvt\u00e1ri enged\u00e9ly<\/h4><div class=\"ekit_heading_separetor_wraper ekit_heading_elementskit-border-divider elementskit-style-long\"><div class=\"elementskit-border-divider elementskit-style-long\"><\/div><\/div><\/div><\/div>\t\t<\/div>\n\t\t\t\t<\/div>\n\t\t\t\t<div class=\"elementor-element elementor-element-107b6f0 elementor-widget elementor-widget-text-editor\" data-id=\"107b6f0\" data-element_type=\"widget\" data-settings=\"{&quot;ekit_we_effect_on&quot;:&quot;none&quot;}\" data-widget_type=\"text-editor.default\">\n\t\t\t\t<div class=\"elementor-widget-container\">\n\t\t\t\t\t\t\t<p><a href=\"http:\/\/fspac.ubbcluj.ro\/wp-content\/uploads\/2013\/10\/2013.10.01-Documente-inscriere-vizare-2013-2014.pdf\" target=\"_blank\" rel=\"noopener\"><strong>Sz\u00fcks\u00e9ges iratok a k\u00f6nyvt\u00e1ri enged\u00e9ly megszerz\u00e9s\u00e9hez<\/strong><\/a><\/p><p><strong>K\u00f6nyvt\u00e1r nyitvatart\u00e1sa:\u00a0<\/strong>H\u00e9tf\u0151-P\u00e9ntek 08:00-15:00<\/p><p>K\u00f6tetek\/kiadv\u00e1nyok k\u00f6lcs\u00f6nz\u00e9se:<\/p><p>B\u00e1rmely kiadv\u00e1ny k\u00f6lcs\u00f6n\u00f6zhet\u0151 a nap folyam\u00e1n 2 \u00f3r\u00e1ra f\u00e9nym\u00e1sol\u00e1shoz, illetve legfeljebb 3 napra otthoni haszn\u00e1lathoz. A k\u00f6lcs\u00f6nz\u00e9si id\u0151 betart\u00e1s\u00e1nak elmulaszt\u00e1sa eset\u00e9n 5 RON\/nap\/k\u00f6tet k\u00e9sedelmi d\u00edjat sz\u00e1m\u00edtunk fel.<\/p><p>\u00a0<\/p><p><strong>A Politika-, K\u00f6zigazgat\u00e1s- \u00e9s Kommunik\u00e1ci\u00f3tudom\u00e1nyi Kar k\u00f6nyvt\u00e1ra \u00e1ltal ny\u00fajtott szolg\u00e1ltat\u00e1sok:<\/strong><\/p><ul><li><a href=\"http:\/\/aleph.bcucluj.ro:8991\/F\/?func=option-update-lng&amp;file_name=find-b&amp;F2=pc-latin&amp;P_CON_LNG=RUM\" target=\"_blank\" rel=\"noopener\">Hozz\u00e1f\u00e9r\u00e9s a K\u00f6zponti Egyetemi K\u00f6nyvt\u00e1r online katal\u00f3gus\u00e1hoz<\/a><\/li><li>Kiadv\u00e1nyokkal kapcsolatos tan\u00e1csad\u00e1s az olvas\u00f3teremben<\/li><li>Hozz\u00e1f\u00e9r\u00e9s a tudom\u00e1nyos forr\u00e1sokhoz<\/li><li>K\u00f6lcs\u00f6nz\u00e9s otthonra<\/li><\/ul><p>\u00a0<\/p><p><strong>Hasznos linkek:<\/strong><\/p><ul><li><a href=\"https:\/\/www.bcucluj.ro\/ro\/servicii\/consultarea-publica%C5%A3iilor-%C3%AEn-s%C4%83lile-de-lectur%C4%83\" target=\"_blank\" rel=\"noopener\" data-saferedirecturl=\"https:\/\/www.google.com\/url?q=https:\/\/www.bcucluj.ro\/ro\/servicii\/consultarea-publica%25C5%25A3iilor-%25C3%25AEn-s%25C4%2583lile-de-lectur%25C4%2583&amp;source=gmail&amp;ust=1524815459086000&amp;usg=AFQjCNFxd95dmq8dVwOqhhZBYgxh9JdZRw\">A K\u00f6zponti Egyetemi K\u00f6nyvt\u00e1r \u00e1ltal ny\u00fajtott szolg\u00e1ltat\u00e1sok<\/a><\/li><li><a href=\"https:\/\/www.bcucluj.ro\/ro\/informatii\/tarife\" target=\"_blank\" rel=\"noopener\" data-saferedirecturl=\"https:\/\/www.google.com\/url?q=https:\/\/www.bcucluj.ro\/ro\/informatii\/tarife&amp;source=gmail&amp;ust=1524815459086000&amp;usg=AFQjCNEkF4jQBxacZ7GKdqH3SbZM_hGbFA\">Hozz\u00e1f\u00e9r\u00e9si d\u00edjak<\/a><\/li><li><a href=\"https:\/\/www.bcucluj.ro\/sites\/default\/files\/public\/images\/doc\/obligatiile_utilizatorilor_bcu_2018-2019.pdf\" target=\"_blank\" rel=\"noopener\">Felhaszn\u00e1l\u00f3k k\u00f6telezetts\u00e9gei<\/a><\/li><li><a href=\"https:\/\/www.bcucluj.ro\/sites\/default\/files\/public\/images\/doc\/sanctiuni-2018-2019.pdf\" target=\"_blank\" rel=\"noopener\" data-saferedirecturl=\"https:\/\/www.google.com\/url?q=https:\/\/www.bcucluj.ro\/sites\/default\/files\/public\/images\/doc\/sanctuni_utilizatori_2017-2018.pdf&amp;source=gmail&amp;ust=1524815459086000&amp;usg=AFQjCNGQZXTYw3xANegnnirecNW812Ps1A\">Szankci\u00f3k\/B\u00fcntet\u00e9sek<\/a><\/li><li><a href=\"https:\/\/www.bcucluj.ro\/ro\/informatii\/%C3%AEntreb%C4%83ri-frecvente\" target=\"_blank\" rel=\"noopener\" data-saferedirecturl=\"https:\/\/www.google.com\/url?q=https:\/\/www.bcucluj.ro\/ro\/informatii\/%25C3%25AEntreb%25C4%2583ri-frecvente&amp;source=gmail&amp;ust=1524815459086000&amp;usg=AFQjCNF0Y6v2nsRsA5Wzxjq0whggg01ooQ\">Gyakori k\u00e9rd\u00e9sek<\/a><\/li><\/ul>\t\t\t\t\t\t<\/div>\n\t\t\t\t<\/div>\n\t\t\t\t\t<\/div>\n\t\t<\/div>\n\t\t\t\t\t\t\t<\/div>\n\t\t<\/section>\n\t\t\t\t<section data-particle_enable=\"false\" data-particle-mobile-disabled=\"false\" class=\"elementor-section elementor-top-section elementor-element elementor-element-c48184f elementor-section-boxed elementor-section-height-default elementor-section-height-default\" data-id=\"c48184f\" data-element_type=\"section\" data-settings=\"{&quot;background_background&quot;:&quot;classic&quot;,&quot;ekit_has_onepagescroll_dot&quot;:&quot;yes&quot;}\">\n\t\t\t\t\t\t<div class=\"elementor-container elementor-column-gap-default\">\n\t\t\t\t\t<div class=\"elementor-column elementor-col-33 elementor-top-column elementor-element elementor-element-c31412c\" data-id=\"c31412c\" data-element_type=\"column\">\n\t\t\t<div class=\"elementor-widget-wrap elementor-element-populated\">\n\t\t\t\t\t\t\t\t<div class=\"elementor-element elementor-element-da5bb1b elementor-widget__width-auto elementor-widget elementor-widget-heading\" data-id=\"da5bb1b\" data-element_type=\"widget\" data-settings=\"{&quot;ekit_we_effect_on&quot;:&quot;none&quot;}\" data-widget_type=\"heading.default\">\n\t\t\t\t<div class=\"elementor-widget-container\">\n\t\t\t<h3 class=\"elementor-heading-title elementor-size-default\">K\u00e9rd\u00e9sed van?<\/h3>\t\t<\/div>\n\t\t\t\t<\/div>\n\t\t\t\t\t<\/div>\n\t\t<\/div>\n\t\t\t\t<div class=\"elementor-column elementor-col-33 elementor-top-column elementor-element elementor-element-c8a38fa\" data-id=\"c8a38fa\" data-element_type=\"column\">\n\t\t\t<div class=\"elementor-widget-wrap elementor-element-populated\">\n\t\t\t\t\t\t\t\t<div class=\"elementor-element elementor-element-9487970 elementor-widget__width-auto elementor-widget elementor-widget-text-editor\" data-id=\"9487970\" data-element_type=\"widget\" data-settings=\"{&quot;ekit_we_effect_on&quot;:&quot;none&quot;}\" data-widget_type=\"text-editor.default\">\n\t\t\t\t<div class=\"elementor-widget-container\">\n\t\t\t\t\t\t\t<p>Kerest\u00e9l valamit \u00e9s nem tal\u00e1ltad meg? Semmi gond! Sz\u00f3lj nek\u00fcnk \u00e9s mi seg\u00edt\u00fcnk. Vagy esetleg szeretn\u00e9l beugrani, hogy megn\u00e9zd a tantest\u00fcletet \u00e9s a kampuszt? Remek, tudasd vel\u00fcnk, hogy mikor, \u00e9s mi gondoskodunk a t\u00f6bbir\u0151l!<\/p>\t\t\t\t\t\t<\/div>\n\t\t\t\t<\/div>\n\t\t\t\t\t<\/div>\n\t\t<\/div>\n\t\t\t\t<div class=\"elementor-column elementor-col-33 elementor-top-column elementor-element elementor-element-6f76626\" data-id=\"6f76626\" data-element_type=\"column\" data-settings=\"{&quot;background_background&quot;:&quot;classic&quot;}\">\n\t\t\t<div class=\"elementor-widget-wrap elementor-element-populated\">\n\t\t\t\t\t\t\t\t<div class=\"elementor-element elementor-element-e364d23 elementor-align-justify elementor-mobile-align-left elementor-widget elementor-widget-button\" data-id=\"e364d23\" data-element_type=\"widget\" data-settings=\"{&quot;ekit_we_effect_on&quot;:&quot;none&quot;}\" data-widget_type=\"button.default\">\n\t\t\t\t<div class=\"elementor-widget-container\">\n\t\t\t\t\t<div class=\"elementor-button-wrapper\">\n\t\t\t<a class=\"elementor-button elementor-button-link elementor-size-sm\" href=\"https:\/\/amp.fspac.ubbcluj.ro\/maghiara\/contact\/\">\n\t\t\t\t\t\t<span class=\"elementor-button-content-wrapper\">\n\t\t\t\t\t\t<span class=\"elementor-button-icon elementor-align-icon-right\">\n\t\t\t\t<i aria-hidden=\"true\" class=\"vamtamtheme- vamtam-theme-arrow-right\"><\/i>\t\t\t<\/span>\n\t\t\t\t\t\t<span class=\"elementor-button-text\">\u00cdrj nek\u00fcnk!<\/span>\n\t\t<\/span>\n\t\t\t\t\t<\/a>\n\t\t<\/div>\n\t\t\t\t<\/div>\n\t\t\t\t<\/div>\n\t\t\t\t\t<\/div>\n\t\t<\/div>\n\t\t\t\t\t\t\t<\/div>\n\t\t<\/section>\n\t\t\t\t\t\t\t<\/div>\n\t\t","protected":false},"excerpt":{"rendered":"<p>K\u00f6nyvt\u00e1r K\u00f6nyvt\u00e1r Az egyik legvag\u00e1nyabb dolog az egyetemen a k\u00f6nyvt\u00e1r (a f\u00f6ldszinten), ahol t\u00f6bb mint 22.000 k\u00f6tet, mintegy 2000 foly\u00f3\u00edrat, amelyek t\u00e1ra folyamatosan b\u0151v\u00fcl olyan ter\u00fclteken mint a nemek t\u00e9m\u00e1ja, szociol\u00f3gia, nacionalizmus, politikai ideol\u00f3gi\u00e1k, \u00f6sszehasonl\u00edt\u00f3 politika, politikai elm\u00e9let, \u00fajs\u00e1g\u00edr\u00e1s, kommunik\u00e1ci\u00f3s tudom\u00e1nyok, nemzetk\u00f6zi kapcsolatok, jog, k\u00f6zigazgat\u00e1s. A FSPAC k\u00f6nyvt\u00e1ra 1994-ben kezdte m\u0171k\u00f6d\u00e9s\u00e9t, amikor a Politika Tudom\u00e1nyok&#8230;<\/p>\n","protected":false},"author":1,"featured_media":0,"parent":0,"menu_order":0,"comment_status":"closed","ping_status":"closed","template":"","meta":{"footnotes":""},"class_list":["post-988684","page","type-page","status-publish","hentry"],"_links":{"self":[{"href":"https:\/\/amp.fspac.ubbcluj.ro\/maghiara\/wp-json\/wp\/v2\/pages\/988684","targetHints":{"allow":["GET"]}}],"collection":[{"href":"https:\/\/amp.fspac.ubbcluj.ro\/maghiara\/wp-json\/wp\/v2\/pages"}],"about":[{"href":"https:\/\/amp.fspac.ubbcluj.ro\/maghiara\/wp-json\/wp\/v2\/types\/page"}],"author":[{"embeddable":true,"href":"https:\/\/amp.fspac.ubbcluj.ro\/maghiara\/wp-json\/wp\/v2\/users\/1"}],"replies":[{"embeddable":true,"href":"https:\/\/amp.fspac.ubbcluj.ro\/maghiara\/wp-json\/wp\/v2\/comments?post=988684"}],"version-history":[{"count":13,"href":"https:\/\/amp.fspac.ubbcluj.ro\/maghiara\/wp-json\/wp\/v2\/pages\/988684\/revisions"}],"predecessor-version":[{"id":989158,"href":"https:\/\/amp.fspac.ubbcluj.ro\/maghiara\/wp-json\/wp\/v2\/pages\/988684\/revisions\/989158"}],"wp:attachment":[{"href":"https:\/\/amp.fspac.ubbcluj.ro\/maghiara\/wp-json\/wp\/v2\/media?parent=988684"}],"curies":[{"name":"wp","href":"https:\/\/api.w.org\/{rel}","templated":true}]}}