{"id":988813,"date":"2023-02-05T20:29:48","date_gmt":"2023-02-05T20:29:48","guid":{"rendered":"https:\/\/amp.fspac.ubbcluj.ro\/maghiara\/?page_id=988813"},"modified":"2023-02-15T18:50:51","modified_gmt":"2023-02-15T18:50:51","slug":"alte-informatii-utile","status":"publish","type":"page","link":"https:\/\/amp.fspac.ubbcluj.ro\/maghiara\/alte-informatii-utile\/","title":{"rendered":"Alte informa\u021bii utile"},"content":{"rendered":"\t\t<div data-elementor-type=\"wp-page\" data-elementor-id=\"988813\" class=\"elementor elementor-988813\">\n\t\t\t\t\t\t\t\t\t<section data-particle_enable=\"false\" data-particle-mobile-disabled=\"false\" class=\"elementor-section elementor-top-section elementor-element elementor-element-3c40c12 elementor-section-height-min-height elementor-section-boxed elementor-section-height-default elementor-section-items-middle\" data-id=\"3c40c12\" data-element_type=\"section\" data-settings=\"{&quot;background_background&quot;:&quot;classic&quot;,&quot;animation&quot;:&quot;none&quot;,&quot;ekit_has_onepagescroll_dot&quot;:&quot;yes&quot;}\">\n\t\t\t\t\t\t<div class=\"elementor-container elementor-column-gap-default\">\n\t\t\t\t\t<div class=\"elementor-column elementor-col-100 elementor-top-column elementor-element elementor-element-1bb13b64\" data-id=\"1bb13b64\" data-element_type=\"column\" data-settings=\"{&quot;background_background&quot;:&quot;classic&quot;}\">\n\t\t\t<div class=\"elementor-widget-wrap\">\n\t\t\t\t\t\t\t\t\t<\/div>\n\t\t<\/div>\n\t\t\t\t\t\t\t<\/div>\n\t\t<\/section>\n\t\t\t\t<section data-particle_enable=\"false\" data-particle-mobile-disabled=\"false\" class=\"elementor-section elementor-top-section elementor-element elementor-element-55f925de elementor-section-boxed elementor-section-height-default elementor-section-height-default\" data-id=\"55f925de\" data-element_type=\"section\" data-settings=\"{&quot;animation&quot;:&quot;none&quot;,&quot;animation_tablet&quot;:&quot;none&quot;,&quot;animation_mobile&quot;:&quot;none&quot;,&quot;ekit_has_onepagescroll_dot&quot;:&quot;yes&quot;}\">\n\t\t\t\t\t\t<div class=\"elementor-container elementor-column-gap-no\">\n\t\t\t\t\t<div class=\"elementor-column elementor-col-50 elementor-top-column elementor-element elementor-element-7fc4130a animated-fast elementor-invisible\" data-id=\"7fc4130a\" data-element_type=\"column\" data-settings=\"{&quot;background_background&quot;:&quot;classic&quot;,&quot;animation&quot;:&quot;fadeIn&quot;,&quot;animation_delay&quot;:100}\">\n\t\t\t<div class=\"elementor-widget-wrap elementor-element-populated\">\n\t\t\t\t\t\t\t\t<div class=\"elementor-element elementor-element-4e7c6acb elementor-widget__width-auto elementor-widget-tablet__width-auto elementor-widget-mobile__width-inherit elementor-widget elementor-widget-heading\" data-id=\"4e7c6acb\" data-element_type=\"widget\" data-settings=\"{&quot;_animation&quot;:&quot;none&quot;,&quot;_animation_delay&quot;:200,&quot;ekit_we_effect_on&quot;:&quot;none&quot;}\" data-widget_type=\"heading.heading_charityfy\">\n\t\t\t\t<div class=\"elementor-widget-container\">\n\t\t\t<h1 class=\"elementor-heading-title elementor-size-default\">HASZNOS INF\u00d3K \u00c9S HAT\u00c1RID\u0150K \u00c9VKEZD\u00c9SHEZ<\/h1>\t\t<\/div>\n\t\t\t\t<\/div>\n\t\t\t\t\t<\/div>\n\t\t<\/div>\n\t\t\t\t<div class=\"elementor-column elementor-col-50 elementor-top-column elementor-element elementor-element-3b5ab089 elementor-hidden-desktop elementor-hidden-tablet elementor-hidden-phone\" data-id=\"3b5ab089\" data-element_type=\"column\">\n\t\t\t<div class=\"elementor-widget-wrap\">\n\t\t\t\t\t\t\t\t\t<\/div>\n\t\t<\/div>\n\t\t\t\t\t\t\t<\/div>\n\t\t<\/section>\n\t\t\t\t<section data-particle_enable=\"false\" data-particle-mobile-disabled=\"false\" class=\"elementor-section elementor-top-section elementor-element elementor-element-f697d21 elementor-section-boxed elementor-section-height-default elementor-section-height-default\" data-id=\"f697d21\" data-element_type=\"section\" data-settings=\"{&quot;ekit_has_onepagescroll_dot&quot;:&quot;yes&quot;}\">\n\t\t\t\t\t\t<div class=\"elementor-container elementor-column-gap-default\">\n\t\t\t\t\t<div class=\"elementor-column elementor-col-50 elementor-top-column elementor-element elementor-element-d141dc0\" data-id=\"d141dc0\" data-element_type=\"column\">\n\t\t\t<div class=\"elementor-widget-wrap elementor-element-populated\">\n\t\t\t\t\t\t\t\t<div class=\"elementor-element elementor-element-3b13f43 elementor-widget elementor-widget-elementskit-heading\" data-id=\"3b13f43\" data-element_type=\"widget\" data-settings=\"{&quot;ekit_we_effect_on&quot;:&quot;none&quot;}\" data-widget_type=\"elementskit-heading.default\">\n\t\t\t\t<div class=\"elementor-widget-container\">\n\t\t\t<div class=\"ekit-wid-con\" ><div class=\"ekit-heading elementskit-section-title-wraper text_left   ekit_heading_tablet-   ekit_heading_mobile-\"><h4 class=\"ekit-heading--title elementskit-section-title \">TANULM\u00c1NYI SZERZ\u0150D\u00c9SEK<\/h4><div class=\"ekit_heading_separetor_wraper ekit_heading_elementskit-border-divider elementskit-style-long\"><div class=\"elementskit-border-divider elementskit-style-long\"><\/div><\/div><\/div><\/div>\t\t<\/div>\n\t\t\t\t<\/div>\n\t\t\t\t<div class=\"elementor-element elementor-element-e1ce1e1 elementor-widget elementor-widget-text-editor\" data-id=\"e1ce1e1\" data-element_type=\"widget\" data-settings=\"{&quot;ekit_we_effect_on&quot;:&quot;none&quot;}\" data-widget_type=\"text-editor.default\">\n\t\t\t\t<div class=\"elementor-widget-container\">\n\t\t\t\t\t\t\t<p>A tanulm\u00e1nyi szerz\u0151d\u00e9seket okt\u00f3ber 1-ig tudj\u00e1tok kit\u00f6lteni az Academic Info oldal\u00e1n:\u00a0<a href=\"https:\/\/academicinfo.ubbcluj.ro\/Info\/\" target=\"_blank\" rel=\"noopener\">megn\u00e9zem<\/a>. Els\u0151 \u00e9ven a k\u00f6telez\u0151 tant\u00e1rgyak mellett mindk\u00e9t f\u00e9l\u00e9vre sz\u00fcks\u00e9ges idegen nyelvet \u00e9s testnevel\u00e9st is v\u00e1lasztani. Az idegen nyelvn\u00e9l mindk\u00e9t f\u00e9l\u00e9vben ugyanazt az idegen nyelvet jel\u00f6lj\u00e9tek meg, ugyanis az egyetemi szab\u00e1lyzat szerint nem lehets\u00e9ges f\u00e9l\u00e9venk\u00e9nt v\u00e1ltoztatni a kiv\u00e1lasztott nyelven. Els\u0151 \u00e9v, m\u00e1sodik f\u00e9l\u00e9vben h\u00e1rom v\u00e1laszthat\u00f3 tant\u00e1rgy van, ezek k\u00f6z\u00fcl kett\u0151t sz\u00fcks\u00e9ges megjel\u00f6lni.<\/p>\t\t\t\t\t\t<\/div>\n\t\t\t\t<\/div>\n\t\t\t\t<div class=\"elementor-element elementor-element-58f4382 elementor-widget elementor-widget-elementskit-heading\" data-id=\"58f4382\" data-element_type=\"widget\" data-settings=\"{&quot;ekit_we_effect_on&quot;:&quot;none&quot;}\" data-widget_type=\"elementskit-heading.default\">\n\t\t\t\t<div class=\"elementor-widget-container\">\n\t\t\t<div class=\"ekit-wid-con\" ><div class=\"ekit-heading elementskit-section-title-wraper text_left   ekit_heading_tablet-   ekit_heading_mobile-\"><h4 class=\"ekit-heading--title elementskit-section-title \">FIZET\u00c9SES \u00c9S INGYENES HELYEK<\/h4><div class=\"ekit_heading_separetor_wraper ekit_heading_elementskit-border-divider elementskit-style-long\"><div class=\"elementskit-border-divider elementskit-style-long\"><\/div><\/div><\/div><\/div>\t\t<\/div>\n\t\t\t\t<\/div>\n\t\t\t\t<div class=\"elementor-element elementor-element-440d07b elementor-widget elementor-widget-text-editor\" data-id=\"440d07b\" data-element_type=\"widget\" data-settings=\"{&quot;ekit_we_effect_on&quot;:&quot;none&quot;}\" data-widget_type=\"text-editor.default\">\n\t\t\t\t<div class=\"elementor-widget-container\">\n\t\t\t\t\t\t\t<p>Amennyiben els\u0151 k\u00f6rben m\u00e9g fizet\u00e9ses helyet foglalt\u00e1l el \u00e9s k\u00e9s\u0151bb \u00e1tker\u00fclt\u00e9l \u00e1llamilag t\u00e1mogatott, vagyis ingyenes helyre, k\u00e9relmezheted a befizetett tand\u00edj r\u00e9szlet visszaig\u00e9nyl\u00e9s\u00e9t. Ezt a titk\u00e1rs\u00e1gon teheted meg szint\u00e9n szeptember 30. \u00e9s okt\u00f3ber 11. k\u00f6z\u00f6tt, a fent eml\u00edtett id\u0151s\u00e1vokban. Az utal\u00e1shoz sz\u00fcks\u00e9ges egy a saj\u00e1t nevetekre ki\u00e1ll\u00edtott banksz\u00e1mlasz\u00e1m kivonat, amelyet online form\u00e1ban vagy szem\u00e9lyesen a bankn\u00e1l tudtok ig\u00e9nyelni.<\/p>\t\t\t\t\t\t<\/div>\n\t\t\t\t<\/div>\n\t\t\t\t\t<\/div>\n\t\t<\/div>\n\t\t\t\t<div class=\"elementor-column elementor-col-50 elementor-top-column elementor-element elementor-element-fe3eb04\" data-id=\"fe3eb04\" data-element_type=\"column\">\n\t\t\t<div class=\"elementor-widget-wrap elementor-element-populated\">\n\t\t\t\t\t\t\t\t<div class=\"elementor-element elementor-element-eb41a5e elementor-widget elementor-widget-elementskit-heading\" data-id=\"eb41a5e\" data-element_type=\"widget\" data-settings=\"{&quot;ekit_we_effect_on&quot;:&quot;none&quot;}\" data-widget_type=\"elementskit-heading.default\">\n\t\t\t\t<div class=\"elementor-widget-container\">\n\t\t\t<div class=\"ekit-wid-con\" ><div class=\"ekit-heading elementskit-section-title-wraper text_left   ekit_heading_tablet-   ekit_heading_mobile-\"><h4 class=\"ekit-heading--title elementskit-section-title \">TANULM\u00c1NYI \u00c9S SZOCI\u00c1LIS \u00d6SZT\u00d6ND\u00cdJAK<\/h4><div class=\"ekit_heading_separetor_wraper ekit_heading_elementskit-border-divider elementskit-style-long\"><div class=\"elementskit-border-divider elementskit-style-long\"><\/div><\/div><\/div><\/div>\t\t<\/div>\n\t\t\t\t<\/div>\n\t\t\t\t<div class=\"elementor-element elementor-element-c6a411a elementor-widget elementor-widget-text-editor\" data-id=\"c6a411a\" data-element_type=\"widget\" data-settings=\"{&quot;ekit_we_effect_on&quot;:&quot;none&quot;}\" data-widget_type=\"text-editor.default\">\n\t\t\t\t<div class=\"elementor-widget-container\">\n\t\t\t\t\t\t\t<p>A tanulm\u00e1nyi- \u00e9rdem\u00f6szt\u00f6nd\u00edjakra illetve a szoci\u00e1lis \u00f6szt\u00f6nd\u00edjakra k\u00fcl\u00f6n k\u00e9relmet kell beny\u00fajtani amely el\u00e9rhet\u0151 ezen a linken:\u00a0<a href=\"https:\/\/burse.inscrieri.ubbcluj.ro\/\">https:\/\/burse.inscrieri.ubbcluj.ro\/<\/a>\u00a0szeptember 27. \u00e9s okt\u00f3ber 15. k\u00f6z\u00f6tt.<\/p><p>A sz\u00fcks\u00e9ges csatoland\u00f3 dokumentumok list\u00e1j\u00e1t, megtal\u00e1lj\u00e1tok itt:\u00a0<a href=\"https:\/\/fspac.ubbcluj.ro\/ro\/evenimente\/despre-burse-27-septembrie-ora-1909?fbclid=IwAR2hn1oKKlmAZdcgqyMIc0hXvFPki2flkTzxLiumtIkaA9G7PQQapjdanLs\">https:\/\/fspac.ubbcluj.ro\/ro\/evenimente\/despre-burs&#8230;<\/a><\/p><p><a href=\"https:\/\/www.apubb.ro\/download_file\/view\/520\/854\">\u00d6szt\u00f6nd\u00edj napt\u00e1r<\/a><\/p><p><a href=\"https:\/\/www.apubb.ro\/download_file\/view\/521\/854\">\u00d6szt\u00f6nd\u00edjk\u00e9relem<\/a><\/p><p><a href=\"https:\/\/www.apubb.ro\/download_file\/view\/522\/854\">\u00d6szt\u00f6nd\u00edj nyilatkozat<\/a><\/p><p><a href=\"https:\/\/www.apubb.ro\/download_file\/view\/523\/854\">Az \u00f6szt\u00f6nd\u00edj oda\u00edt\u00e9l\u00e9s\u00e9nek folyamat\u00e1r\u00f3l sz\u00f3l\u00f3 rendelkez\u00e9s<\/a><\/p><p><a href=\"https:\/\/www.apubb.ro\/download_file\/view\/517\/854\">Szoci\u00e1lis \u00f6szt\u00f6nd\u00edj<\/a><\/p>\t\t\t\t\t\t<\/div>\n\t\t\t\t<\/div>\n\t\t\t\t\t<\/div>\n\t\t<\/div>\n\t\t\t\t\t\t\t<\/div>\n\t\t<\/section>\n\t\t\t\t<section data-particle_enable=\"false\" data-particle-mobile-disabled=\"false\" class=\"elementor-section elementor-top-section elementor-element elementor-element-dfed6c9 elementor-section-boxed elementor-section-height-default elementor-section-height-default\" data-id=\"dfed6c9\" data-element_type=\"section\" data-settings=\"{&quot;background_background&quot;:&quot;classic&quot;,&quot;ekit_has_onepagescroll_dot&quot;:&quot;yes&quot;}\">\n\t\t\t\t\t\t<div class=\"elementor-container elementor-column-gap-default\">\n\t\t\t\t\t<div class=\"elementor-column elementor-col-33 elementor-top-column elementor-element elementor-element-081d9e0\" data-id=\"081d9e0\" data-element_type=\"column\">\n\t\t\t<div class=\"elementor-widget-wrap elementor-element-populated\">\n\t\t\t\t\t\t\t\t<div class=\"elementor-element elementor-element-ec7ce67 elementor-widget__width-auto elementor-widget elementor-widget-heading\" data-id=\"ec7ce67\" data-element_type=\"widget\" data-settings=\"{&quot;ekit_we_effect_on&quot;:&quot;none&quot;}\" data-widget_type=\"heading.default\">\n\t\t\t\t<div class=\"elementor-widget-container\">\n\t\t\t<h3 class=\"elementor-heading-title elementor-size-default\">K\u00e9rd\u00e9sed van?<\/h3>\t\t<\/div>\n\t\t\t\t<\/div>\n\t\t\t\t\t<\/div>\n\t\t<\/div>\n\t\t\t\t<div class=\"elementor-column elementor-col-33 elementor-top-column elementor-element elementor-element-a03af28\" data-id=\"a03af28\" data-element_type=\"column\">\n\t\t\t<div class=\"elementor-widget-wrap elementor-element-populated\">\n\t\t\t\t\t\t\t\t<div class=\"elementor-element elementor-element-7fd4d66 elementor-widget__width-auto elementor-widget elementor-widget-text-editor\" data-id=\"7fd4d66\" data-element_type=\"widget\" data-settings=\"{&quot;ekit_we_effect_on&quot;:&quot;none&quot;}\" data-widget_type=\"text-editor.default\">\n\t\t\t\t<div class=\"elementor-widget-container\">\n\t\t\t\t\t\t\t<p>Kerest\u00e9l valamit \u00e9s nem tal\u00e1ltad meg? Semmi gond! Sz\u00f3lj nek\u00fcnk \u00e9s mi seg\u00edt\u00fcnk. Vagy esetleg szeretn\u00e9l beugrani, hogy megn\u00e9zd a tantest\u00fcletet \u00e9s a kampuszt? Remek, tudasd vel\u00fcnk, hogy mikor, \u00e9s mi gondoskodunk a t\u00f6bbir\u0151l!<\/p>\t\t\t\t\t\t<\/div>\n\t\t\t\t<\/div>\n\t\t\t\t\t<\/div>\n\t\t<\/div>\n\t\t\t\t<div class=\"elementor-column elementor-col-33 elementor-top-column elementor-element elementor-element-e7478c7\" data-id=\"e7478c7\" data-element_type=\"column\" data-settings=\"{&quot;background_background&quot;:&quot;classic&quot;}\">\n\t\t\t<div class=\"elementor-widget-wrap elementor-element-populated\">\n\t\t\t\t\t\t\t\t<div class=\"elementor-element elementor-element-5bc49d8 elementor-align-justify elementor-mobile-align-left elementor-widget elementor-widget-button\" data-id=\"5bc49d8\" data-element_type=\"widget\" data-settings=\"{&quot;ekit_we_effect_on&quot;:&quot;none&quot;}\" data-widget_type=\"button.default\">\n\t\t\t\t<div class=\"elementor-widget-container\">\n\t\t\t\t\t<div class=\"elementor-button-wrapper\">\n\t\t\t<a class=\"elementor-button elementor-button-link elementor-size-sm\" href=\"https:\/\/amp.fspac.ubbcluj.ro\/maghiara\/contact\/\">\n\t\t\t\t\t\t<span class=\"elementor-button-content-wrapper\">\n\t\t\t\t\t\t<span class=\"elementor-button-icon elementor-align-icon-right\">\n\t\t\t\t<i aria-hidden=\"true\" class=\"vamtamtheme- vamtam-theme-arrow-right\"><\/i>\t\t\t<\/span>\n\t\t\t\t\t\t<span class=\"elementor-button-text\">\u00cdrj nek\u00fcnk!<\/span>\n\t\t<\/span>\n\t\t\t\t\t<\/a>\n\t\t<\/div>\n\t\t\t\t<\/div>\n\t\t\t\t<\/div>\n\t\t\t\t\t<\/div>\n\t\t<\/div>\n\t\t\t\t\t\t\t<\/div>\n\t\t<\/section>\n\t\t\t\t\t\t\t<\/div>\n\t\t","protected":false},"excerpt":{"rendered":"<p>HASZNOS INF\u00d3K \u00c9S HAT\u00c1RID\u0150K \u00c9VKEZD\u00c9SHEZ TANULM\u00c1NYI SZERZ\u0150D\u00c9SEK A tanulm\u00e1nyi szerz\u0151d\u00e9seket okt\u00f3ber 1-ig tudj\u00e1tok kit\u00f6lteni az Academic Info oldal\u00e1n:\u00a0megn\u00e9zem. Els\u0151 \u00e9ven a k\u00f6telez\u0151 tant\u00e1rgyak mellett mindk\u00e9t f\u00e9l\u00e9vre sz\u00fcks\u00e9ges idegen nyelvet \u00e9s testnevel\u00e9st is v\u00e1lasztani. Az idegen nyelvn\u00e9l mindk\u00e9t f\u00e9l\u00e9vben ugyanazt az idegen nyelvet jel\u00f6lj\u00e9tek meg, ugyanis az egyetemi szab\u00e1lyzat szerint nem lehets\u00e9ges f\u00e9l\u00e9venk\u00e9nt v\u00e1ltoztatni a kiv\u00e1lasztott&#8230;<\/p>\n","protected":false},"author":1,"featured_media":0,"parent":0,"menu_order":0,"comment_status":"closed","ping_status":"closed","template":"","meta":{"footnotes":""},"class_list":["post-988813","page","type-page","status-publish","hentry"],"_links":{"self":[{"href":"https:\/\/amp.fspac.ubbcluj.ro\/maghiara\/wp-json\/wp\/v2\/pages\/988813","targetHints":{"allow":["GET"]}}],"collection":[{"href":"https:\/\/amp.fspac.ubbcluj.ro\/maghiara\/wp-json\/wp\/v2\/pages"}],"about":[{"href":"https:\/\/amp.fspac.ubbcluj.ro\/maghiara\/wp-json\/wp\/v2\/types\/page"}],"author":[{"embeddable":true,"href":"https:\/\/amp.fspac.ubbcluj.ro\/maghiara\/wp-json\/wp\/v2\/users\/1"}],"replies":[{"embeddable":true,"href":"https:\/\/amp.fspac.ubbcluj.ro\/maghiara\/wp-json\/wp\/v2\/comments?post=988813"}],"version-history":[{"count":10,"href":"https:\/\/amp.fspac.ubbcluj.ro\/maghiara\/wp-json\/wp\/v2\/pages\/988813\/revisions"}],"predecessor-version":[{"id":989165,"href":"https:\/\/amp.fspac.ubbcluj.ro\/maghiara\/wp-json\/wp\/v2\/pages\/988813\/revisions\/989165"}],"wp:attachment":[{"href":"https:\/\/amp.fspac.ubbcluj.ro\/maghiara\/wp-json\/wp\/v2\/media?parent=988813"}],"curies":[{"name":"wp","href":"https:\/\/api.w.org\/{rel}","templated":true}]}}